{"id":1219,"date":"2016-11-03T15:47:57","date_gmt":"2016-11-03T14:47:57","guid":{"rendered":"http:\/\/rojstnidan.si\/?post_type=product&#038;p=1219"},"modified":"2026-04-14T17:35:41","modified_gmt":"2026-04-14T15:35:41","slug":"ljubezen-in-spostovanje","status":"publish","type":"product","link":"https:\/\/www.iskreni.net\/trgovina\/product\/ljubezen-in-spostovanje\/","title":{"rendered":"Ljubezen in spo\u0161tovanje"},"content":{"rendered":"<h4>O knjigi Ljubezen in spo\u0161tovanje:<\/h4>\n<p><strong>Kaj sta ljubezen in spo\u0161tovanje? <\/strong><\/p>\n<p>Avtorja verjameta, da <strong>ljubezen<\/strong> najbolj motivira <strong>\u017eensko<\/strong> in <strong>spo\u0161tovanje<\/strong> najbolj\u00a0motivira <strong>mo\u0161kega<\/strong>. Raziskava ka\u017ee, da med zakonskim prepirom mo\u017e najpogosteje odklonilno\u00a0reagira, ko se ne po\u010duti spo\u0161tovan, \u017eena pa takrat, ko se ne po\u010duti ljubljena. \u010ceprav vsi potrebujemo ljubezen in spo\u0161tovanje v enaki meri, se ta potreba v\u00a0\u010dasu konflikta spreminja, ta razlika pa je tolik\u0161na, kot se razlikuje ro\u017enata barva od modre.<\/p>\n<p><strong>Kdo sta zakonca\u00a0Eggerichs?<\/strong><\/p>\n<p>Dr. Emerson Eggerichs je znani javni govorec z mednarodnim slovesom o <strong>mo\u0161ko-\u017eenskih odnosih<\/strong>. Na osnovi svetovalnih izku\u0161enj (s svetovanjem se ukvarja ve\u010d kot trideset let) in znanstvenih ter bibli\u010dnih raziskav sta dr. Eggerichs in njegova \u017eena Sarah za\u010dela z &#8220;Love and Respect&#8221; konferencami, ki jih izvajata v \u017eivo po celotnih ZDA. Ta dinami\u010dna in \u017eivljenje spreminjajo\u010da sre\u010danja vplivajo na svet s pomo\u010djo posnetih medijev in interneta, kar se ka\u017ee v \u0161tevilnih ozdravljenjih in obnovljenih odnosih.<\/p>\n<p>Dr. Eggerichs je avtor ve\u010d knjig, vklju\u010dno z ameri\u0161ko uspe\u0161nico Love and Respect, ki je dosegla platinasto naklado in naziv knjige leta, saj je bilo prodanih ve\u010d kot 1,3 milijona knjig.<\/p>\n<p>Poro\u010dena sta ve\u010d kot 30 let, \u017eivita v Grand Rapids v Michiganu in imata tri odrasle otroke.<\/p>\n<p>&nbsp;<\/p>\n","protected":false},"excerpt":{"rendered":"<p><strong>Prevod:<\/strong> Alenka Camloh Mr\u0111enovi\u0107<br \/>\n<strong>Leto izdaje:<\/strong> 2012<br \/>\n<strong>\u0160tevilo strani:<\/strong> 278<\/p>\n<p>&nbsp;<\/p>\n<p><strong>&#8220;Ljubezen, ki si jo ona najbolj \u017eeli. Spo\u0161tovanje, ki ga on obupno potrebuje.&#8221;<\/strong><\/p>\n<p>&nbsp;<\/p>\n","protected":false},"featured_media":6994,"comment_status":"open","ping_status":"closed","template":"","meta":[],"product_brand":[254],"product_cat":[2322,2324,63],"product_tag":[410],"avtor":[2698,2699],"zalozba":[2343],"vezava":[2306],"class_list":{"0":"post-1219","1":"product","2":"type-product","3":"status-publish","4":"has-post-thumbnail","6":"product_brand-zazivi-zivljenje","7":"product_cat-druzina-in-odnosi","8":"product_cat-duhovnost-in-osebna-rast","9":"product_cat-knjige","10":"product_tag-poroka","11":"avtor-emerson-eggerichs","12":"avtor-sarah-eggerichs","13":"zalozba-zazivi-zivljenje","14":"vezava-trda","16":"first","17":"instock","18":"taxable","19":"shipping-taxable","20":"purchasable","21":"product-type-simple"},"yoast_head":"<!-- This site is optimized with the Yoast SEO plugin v26.3 - https:\/\/yoast.com\/wordpress\/plugins\/seo\/ -->\n<title>Ljubezen in spo\u0161tovanje - trgovina Zavod Iskreni<\/title>\n<meta name=\"description\" content=\"Ljubezen in spo\u0161tovanje je knjiga dr. Emersona Eggerichsa o dinamiki, ki nam pomaga partnerske in druge odnose dvigniti na bolj ljube\u010do raven.\" \/>\n<meta name=\"robots\" content=\"index, follow, max-snippet:-1, max-image-preview:large, max-video-preview:-1\" \/>\n<link rel=\"canonical\" href=\"https:\/\/www.iskreni.net\/trgovina\/product\/ljubezen-in-spostovanje\/\" \/>\n<meta property=\"og:locale\" content=\"sl_SI\" \/>\n<meta property=\"og:type\" content=\"article\" \/>\n<meta property=\"og:title\" content=\"Ljubezen in spo\u0161tovanje - trgovina Zavod Iskreni\" \/>\n<meta property=\"og:description\" content=\"Ljubezen in spo\u0161tovanje je knjiga dr. Emersona Eggerichsa o dinamiki, ki nam pomaga partnerske in druge odnose dvigniti na bolj ljube\u010do raven.\" \/>\n<meta property=\"og:url\" content=\"https:\/\/www.iskreni.net\/trgovina\/product\/ljubezen-in-spostovanje\/\" \/>\n<meta property=\"og:site_name\" content=\"Zavod Iskreni\" \/>\n<meta property=\"article:modified_time\" content=\"2026-04-14T15:35:41+00:00\" \/>\n<meta property=\"og:image\" content=\"https:\/\/www.iskreni.net\/trgovina\/wp-content\/uploads\/2016\/11\/Ljubezen-in-spostovanje.jpg\" \/>\n\t<meta property=\"og:image:width\" content=\"664\" \/>\n\t<meta property=\"og:image:height\" content=\"664\" \/>\n\t<meta property=\"og:image:type\" content=\"image\/jpeg\" \/>\n<meta name=\"twitter:card\" content=\"summary_large_image\" \/>\n<meta name=\"twitter:label1\" content=\"Est. reading time\" \/>\n\t<meta name=\"twitter:data1\" content=\"2 minuti\" \/>\n<script type=\"application\/ld+json\" class=\"yoast-schema-graph\">{\"@context\":\"https:\/\/schema.org\",\"@graph\":[{\"@type\":\"WebPage\",\"@id\":\"https:\/\/www.iskreni.net\/trgovina\/product\/ljubezen-in-spostovanje\/\",\"url\":\"https:\/\/www.iskreni.net\/trgovina\/product\/ljubezen-in-spostovanje\/\",\"name\":\"Ljubezen in spo\u0161tovanje - trgovina Zavod Iskreni\",\"isPartOf\":{\"@id\":\"https:\/\/www.iskreni.net\/trgovina\/#website\"},\"primaryImageOfPage\":{\"@id\":\"https:\/\/www.iskreni.net\/trgovina\/product\/ljubezen-in-spostovanje\/#primaryimage\"},\"image\":{\"@id\":\"https:\/\/www.iskreni.net\/trgovina\/product\/ljubezen-in-spostovanje\/#primaryimage\"},\"thumbnailUrl\":\"https:\/\/www.iskreni.net\/trgovina\/wp-content\/uploads\/2016\/11\/Ljubezen-in-spostovanje.jpg\",\"datePublished\":\"2016-11-03T14:47:57+00:00\",\"dateModified\":\"2026-04-14T15:35:41+00:00\",\"description\":\"Ljubezen in spo\u0161tovanje je knjiga dr. Emersona Eggerichsa o dinamiki, ki nam pomaga partnerske in druge odnose dvigniti na bolj ljube\u010do raven.\",\"breadcrumb\":{\"@id\":\"https:\/\/www.iskreni.net\/trgovina\/product\/ljubezen-in-spostovanje\/#breadcrumb\"},\"inLanguage\":\"sl-SI\",\"potentialAction\":[{\"@type\":\"ReadAction\",\"target\":[\"https:\/\/www.iskreni.net\/trgovina\/product\/ljubezen-in-spostovanje\/\"]}]},{\"@type\":\"ImageObject\",\"inLanguage\":\"sl-SI\",\"@id\":\"https:\/\/www.iskreni.net\/trgovina\/product\/ljubezen-in-spostovanje\/#primaryimage\",\"url\":\"https:\/\/www.iskreni.net\/trgovina\/wp-content\/uploads\/2016\/11\/Ljubezen-in-spostovanje.jpg\",\"contentUrl\":\"https:\/\/www.iskreni.net\/trgovina\/wp-content\/uploads\/2016\/11\/Ljubezen-in-spostovanje.jpg\",\"width\":664,\"height\":664},{\"@type\":\"BreadcrumbList\",\"@id\":\"https:\/\/www.iskreni.net\/trgovina\/product\/ljubezen-in-spostovanje\/#breadcrumb\",\"itemListElement\":[{\"@type\":\"ListItem\",\"position\":1,\"name\":\"Home\",\"item\":\"https:\/\/www.iskreni.net\/trgovina\/\"},{\"@type\":\"ListItem\",\"position\":2,\"name\":\"Trgovina\",\"item\":\"https:\/\/www.iskreni.net\/trgovina\/trgovina\/\"},{\"@type\":\"ListItem\",\"position\":3,\"name\":\"Ljubezen in spo\u0161tovanje\"}]},{\"@type\":\"WebSite\",\"@id\":\"https:\/\/www.iskreni.net\/trgovina\/#website\",\"url\":\"https:\/\/www.iskreni.net\/trgovina\/\",\"name\":\"Zavod Iskreni\",\"description\":\"trgovina\",\"potentialAction\":[{\"@type\":\"SearchAction\",\"target\":{\"@type\":\"EntryPoint\",\"urlTemplate\":\"https:\/\/www.iskreni.net\/trgovina\/?s={search_term_string}\"},\"query-input\":{\"@type\":\"PropertyValueSpecification\",\"valueRequired\":true,\"valueName\":\"search_term_string\"}}],\"inLanguage\":\"sl-SI\"}]}<\/script>\n<!-- \/ Yoast SEO plugin. -->","yoast_head_json":{"title":"Ljubezen in spo\u0161tovanje - trgovina Zavod Iskreni","description":"Ljubezen in spo\u0161tovanje je knjiga dr. Emersona Eggerichsa o dinamiki, ki nam pomaga partnerske in druge odnose dvigniti na bolj ljube\u010do raven.","robots":{"index":"index","follow":"follow","max-snippet":"max-snippet:-1","max-image-preview":"max-image-preview:large","max-video-preview":"max-video-preview:-1"},"canonical":"https:\/\/www.iskreni.net\/trgovina\/product\/ljubezen-in-spostovanje\/","og_locale":"sl_SI","og_type":"article","og_title":"Ljubezen in spo\u0161tovanje - trgovina Zavod Iskreni","og_description":"Ljubezen in spo\u0161tovanje je knjiga dr. Emersona Eggerichsa o dinamiki, ki nam pomaga partnerske in druge odnose dvigniti na bolj ljube\u010do raven.","og_url":"https:\/\/www.iskreni.net\/trgovina\/product\/ljubezen-in-spostovanje\/","og_site_name":"Zavod Iskreni","article_modified_time":"2026-04-14T15:35:41+00:00","og_image":[{"width":664,"height":664,"url":"https:\/\/www.iskreni.net\/trgovina\/wp-content\/uploads\/2016\/11\/Ljubezen-in-spostovanje.jpg","type":"image\/jpeg"}],"twitter_card":"summary_large_image","twitter_misc":{"Est. reading time":"2 minuti"},"schema":{"@context":"https:\/\/schema.org","@graph":[{"@type":"WebPage","@id":"https:\/\/www.iskreni.net\/trgovina\/product\/ljubezen-in-spostovanje\/","url":"https:\/\/www.iskreni.net\/trgovina\/product\/ljubezen-in-spostovanje\/","name":"Ljubezen in spo\u0161tovanje - trgovina Zavod Iskreni","isPartOf":{"@id":"https:\/\/www.iskreni.net\/trgovina\/#website"},"primaryImageOfPage":{"@id":"https:\/\/www.iskreni.net\/trgovina\/product\/ljubezen-in-spostovanje\/#primaryimage"},"image":{"@id":"https:\/\/www.iskreni.net\/trgovina\/product\/ljubezen-in-spostovanje\/#primaryimage"},"thumbnailUrl":"https:\/\/www.iskreni.net\/trgovina\/wp-content\/uploads\/2016\/11\/Ljubezen-in-spostovanje.jpg","datePublished":"2016-11-03T14:47:57+00:00","dateModified":"2026-04-14T15:35:41+00:00","description":"Ljubezen in spo\u0161tovanje je knjiga dr. Emersona Eggerichsa o dinamiki, ki nam pomaga partnerske in druge odnose dvigniti na bolj ljube\u010do raven.","breadcrumb":{"@id":"https:\/\/www.iskreni.net\/trgovina\/product\/ljubezen-in-spostovanje\/#breadcrumb"},"inLanguage":"sl-SI","potentialAction":[{"@type":"ReadAction","target":["https:\/\/www.iskreni.net\/trgovina\/product\/ljubezen-in-spostovanje\/"]}]},{"@type":"ImageObject","inLanguage":"sl-SI","@id":"https:\/\/www.iskreni.net\/trgovina\/product\/ljubezen-in-spostovanje\/#primaryimage","url":"https:\/\/www.iskreni.net\/trgovina\/wp-content\/uploads\/2016\/11\/Ljubezen-in-spostovanje.jpg","contentUrl":"https:\/\/www.iskreni.net\/trgovina\/wp-content\/uploads\/2016\/11\/Ljubezen-in-spostovanje.jpg","width":664,"height":664},{"@type":"BreadcrumbList","@id":"https:\/\/www.iskreni.net\/trgovina\/product\/ljubezen-in-spostovanje\/#breadcrumb","itemListElement":[{"@type":"ListItem","position":1,"name":"Home","item":"https:\/\/www.iskreni.net\/trgovina\/"},{"@type":"ListItem","position":2,"name":"Trgovina","item":"https:\/\/www.iskreni.net\/trgovina\/trgovina\/"},{"@type":"ListItem","position":3,"name":"Ljubezen in spo\u0161tovanje"}]},{"@type":"WebSite","@id":"https:\/\/www.iskreni.net\/trgovina\/#website","url":"https:\/\/www.iskreni.net\/trgovina\/","name":"Zavod Iskreni","description":"trgovina","potentialAction":[{"@type":"SearchAction","target":{"@type":"EntryPoint","urlTemplate":"https:\/\/www.iskreni.net\/trgovina\/?s={search_term_string}"},"query-input":{"@type":"PropertyValueSpecification","valueRequired":true,"valueName":"search_term_string"}}],"inLanguage":"sl-SI"}]}},"_links":{"self":[{"href":"https:\/\/www.iskreni.net\/trgovina\/wp-json\/wp\/v2\/product\/1219","targetHints":{"allow":["GET"]}}],"collection":[{"href":"https:\/\/www.iskreni.net\/trgovina\/wp-json\/wp\/v2\/product"}],"about":[{"href":"https:\/\/www.iskreni.net\/trgovina\/wp-json\/wp\/v2\/types\/product"}],"replies":[{"embeddable":true,"href":"https:\/\/www.iskreni.net\/trgovina\/wp-json\/wp\/v2\/comments?post=1219"}],"version-history":[{"count":5,"href":"https:\/\/www.iskreni.net\/trgovina\/wp-json\/wp\/v2\/product\/1219\/revisions"}],"predecessor-version":[{"id":72714,"href":"https:\/\/www.iskreni.net\/trgovina\/wp-json\/wp\/v2\/product\/1219\/revisions\/72714"}],"wp:featuredmedia":[{"embeddable":true,"href":"https:\/\/www.iskreni.net\/trgovina\/wp-json\/wp\/v2\/media\/6994"}],"wp:attachment":[{"href":"https:\/\/www.iskreni.net\/trgovina\/wp-json\/wp\/v2\/media?parent=1219"}],"wp:term":[{"taxonomy":"product_brand","embeddable":true,"href":"https:\/\/www.iskreni.net\/trgovina\/wp-json\/wp\/v2\/product_brand?post=1219"},{"taxonomy":"product_cat","embeddable":true,"href":"https:\/\/www.iskreni.net\/trgovina\/wp-json\/wp\/v2\/product_cat?post=1219"},{"taxonomy":"product_tag","embeddable":true,"href":"https:\/\/www.iskreni.net\/trgovina\/wp-json\/wp\/v2\/product_tag?post=1219"},{"taxonomy":"avtor","embeddable":true,"href":"https:\/\/www.iskreni.net\/trgovina\/wp-json\/wp\/v2\/avtor?post=1219"},{"taxonomy":"zalozba","embeddable":true,"href":"https:\/\/www.iskreni.net\/trgovina\/wp-json\/wp\/v2\/zalozba?post=1219"},{"taxonomy":"vezava","embeddable":true,"href":"https:\/\/www.iskreni.net\/trgovina\/wp-json\/wp\/v2\/vezava?post=1219"}],"curies":[{"name":"wp","href":"https:\/\/api.w.org\/{rel}","templated":true}]}}