{"id":1216,"date":"2016-11-03T15:30:06","date_gmt":"2016-11-03T14:30:06","guid":{"rendered":"http:\/\/rojstnidan.si\/?post_type=product&#038;p=1216"},"modified":"2024-01-18T11:22:42","modified_gmt":"2024-01-18T10:22:42","slug":"imata-kaj-rada","status":"publish","type":"product","link":"https:\/\/www.iskreni.net\/trgovina\/product\/imata-kaj-rada\/","title":{"rendered":"Me imata kaj rada"},"content":{"rendered":"<h4>O knjigi <em>Me imata kaj rada<\/em><\/h4>\n<p>&#8220;Gre za osnovno vpra\u0161anje sprejetosti, hotenosti in \u017eelenosti, za najbolj temeljna \u010dutenja, ki jih otrok ustvarja skupaj s svojimi star\u0161i in jim bo vse \u017eivljenje na poseben na\u010din sledil.<\/p>\n<p>Svoje star\u0161e bo vedno znova preizku\u0161al, vedno znova bo hotel vedeti, ali je sprejet, ljubljen, razumljen in \u010de je kljub svojim napakam \u0161e vedno del dru\u017eine oziroma ji \u0161e vedno pripada. Pa ne samo to, hotel bo, da mu vedno znova izka\u017eejo so\u010dutje in ljubezen, saj bo \u010dutil, da brez tega zares ne more \u017eiveti. Pozneje bo v mladostni\u0161ki dobi svoje star\u0161e preizkusil na prav poseben na\u010din, in sicer \u010de so sposobni vzdr\u017eati, ga omejiti, korigirati ter vsemu navkljub \u0161e vedno ljubiti, podpirati in sprejemati.&#8221; Tako je v uvodu v svojo knjigo Ali me imata kaj rada, zapisal p. Christian Goste\u010dnik.<\/p>\n","protected":false},"excerpt":{"rendered":"<p><strong>Leto izdaje:<\/strong> 2009<br \/>\n<strong>\u0160tevilo strani:<\/strong> 349<\/p>\n<h4><strong>Temeljno vpra\u0161anje, ki si ga postavlja vsak otrok, je, ali ga imajo star\u0161i radi.<\/strong><\/h4>\n<p>&nbsp;<\/p>\n","protected":false},"featured_media":1217,"comment_status":"open","ping_status":"closed","template":"","meta":[],"product_brand":[258],"product_cat":[2322,2324,63],"product_tag":[2385],"avtor":[2354],"zalozba":[2344],"vezava":[2306],"class_list":{"0":"post-1216","1":"product","2":"type-product","3":"status-publish","4":"has-post-thumbnail","6":"product_brand-druge-zalozbe","7":"product_cat-druzina-in-odnosi","8":"product_cat-duhovnost-in-osebna-rast","9":"product_cat-knjige","10":"product_tag-terapija","11":"avtor-christian-gostecnik","12":"zalozba-zalozba-brat-francisek","13":"vezava-trda","15":"first","16":"instock","17":"taxable","18":"shipping-taxable","19":"purchasable","20":"product-type-simple"},"yoast_head":"<!-- This site is optimized with the Yoast SEO plugin v26.3 - https:\/\/yoast.com\/wordpress\/plugins\/seo\/ -->\n<title>Me imata kaj rada - Zavod Iskreni<\/title>\n<meta name=\"description\" content=\"Me imata kaj rada osvetljuje star\u0161evske pristope, ki zaznamujejo otroka in potem tudi odraslega pri temeljnem vpra\u0161anju o star\u0161evski ljubezni.\" \/>\n<meta name=\"robots\" content=\"index, follow, max-snippet:-1, max-image-preview:large, max-video-preview:-1\" \/>\n<link rel=\"canonical\" href=\"https:\/\/www.iskreni.net\/trgovina\/product\/imata-kaj-rada\/\" \/>\n<meta property=\"og:locale\" content=\"sl_SI\" \/>\n<meta property=\"og:type\" content=\"article\" \/>\n<meta property=\"og:title\" content=\"Me imata kaj rada - Zavod Iskreni\" \/>\n<meta property=\"og:description\" content=\"Me imata kaj rada osvetljuje star\u0161evske pristope, ki zaznamujejo otroka in potem tudi odraslega pri temeljnem vpra\u0161anju o star\u0161evski ljubezni.\" \/>\n<meta property=\"og:url\" content=\"https:\/\/www.iskreni.net\/trgovina\/product\/imata-kaj-rada\/\" \/>\n<meta property=\"og:site_name\" content=\"Zavod Iskreni\" \/>\n<meta property=\"article:modified_time\" content=\"2024-01-18T10:22:42+00:00\" \/>\n<meta property=\"og:image\" content=\"https:\/\/www.iskreni.net\/trgovina\/wp-content\/uploads\/2016\/11\/me-imata-kaj-rada-e1482853472746.jpg\" \/>\n\t<meta property=\"og:image:width\" content=\"409\" \/>\n\t<meta property=\"og:image:height\" content=\"447\" \/>\n\t<meta property=\"og:image:type\" content=\"image\/jpeg\" \/>\n<meta name=\"twitter:card\" content=\"summary_large_image\" \/>\n<meta name=\"twitter:label1\" content=\"Est. reading time\" \/>\n\t<meta name=\"twitter:data1\" content=\"1 minuta\" \/>\n<script type=\"application\/ld+json\" class=\"yoast-schema-graph\">{\"@context\":\"https:\/\/schema.org\",\"@graph\":[{\"@type\":\"WebPage\",\"@id\":\"https:\/\/www.iskreni.net\/trgovina\/product\/imata-kaj-rada\/\",\"url\":\"https:\/\/www.iskreni.net\/trgovina\/product\/imata-kaj-rada\/\",\"name\":\"Me imata kaj rada - Zavod Iskreni\",\"isPartOf\":{\"@id\":\"https:\/\/www.iskreni.net\/trgovina\/#website\"},\"primaryImageOfPage\":{\"@id\":\"https:\/\/www.iskreni.net\/trgovina\/product\/imata-kaj-rada\/#primaryimage\"},\"image\":{\"@id\":\"https:\/\/www.iskreni.net\/trgovina\/product\/imata-kaj-rada\/#primaryimage\"},\"thumbnailUrl\":\"https:\/\/www.iskreni.net\/trgovina\/wp-content\/uploads\/2016\/11\/me-imata-kaj-rada-e1482853472746.jpg\",\"datePublished\":\"2016-11-03T14:30:06+00:00\",\"dateModified\":\"2024-01-18T10:22:42+00:00\",\"description\":\"Me imata kaj rada osvetljuje star\u0161evske pristope, ki zaznamujejo otroka in potem tudi odraslega pri temeljnem vpra\u0161anju o star\u0161evski ljubezni.\",\"breadcrumb\":{\"@id\":\"https:\/\/www.iskreni.net\/trgovina\/product\/imata-kaj-rada\/#breadcrumb\"},\"inLanguage\":\"sl-SI\",\"potentialAction\":[{\"@type\":\"ReadAction\",\"target\":[\"https:\/\/www.iskreni.net\/trgovina\/product\/imata-kaj-rada\/\"]}]},{\"@type\":\"ImageObject\",\"inLanguage\":\"sl-SI\",\"@id\":\"https:\/\/www.iskreni.net\/trgovina\/product\/imata-kaj-rada\/#primaryimage\",\"url\":\"https:\/\/www.iskreni.net\/trgovina\/wp-content\/uploads\/2016\/11\/me-imata-kaj-rada-e1482853472746.jpg\",\"contentUrl\":\"https:\/\/www.iskreni.net\/trgovina\/wp-content\/uploads\/2016\/11\/me-imata-kaj-rada-e1482853472746.jpg\",\"width\":409,\"height\":447},{\"@type\":\"BreadcrumbList\",\"@id\":\"https:\/\/www.iskreni.net\/trgovina\/product\/imata-kaj-rada\/#breadcrumb\",\"itemListElement\":[{\"@type\":\"ListItem\",\"position\":1,\"name\":\"Home\",\"item\":\"https:\/\/www.iskreni.net\/trgovina\/\"},{\"@type\":\"ListItem\",\"position\":2,\"name\":\"Trgovina\",\"item\":\"https:\/\/www.iskreni.net\/trgovina\/trgovina\/\"},{\"@type\":\"ListItem\",\"position\":3,\"name\":\"Me imata kaj rada\"}]},{\"@type\":\"WebSite\",\"@id\":\"https:\/\/www.iskreni.net\/trgovina\/#website\",\"url\":\"https:\/\/www.iskreni.net\/trgovina\/\",\"name\":\"Zavod Iskreni\",\"description\":\"trgovina\",\"potentialAction\":[{\"@type\":\"SearchAction\",\"target\":{\"@type\":\"EntryPoint\",\"urlTemplate\":\"https:\/\/www.iskreni.net\/trgovina\/?s={search_term_string}\"},\"query-input\":{\"@type\":\"PropertyValueSpecification\",\"valueRequired\":true,\"valueName\":\"search_term_string\"}}],\"inLanguage\":\"sl-SI\"}]}<\/script>\n<!-- \/ Yoast SEO plugin. -->","yoast_head_json":{"title":"Me imata kaj rada - Zavod Iskreni","description":"Me imata kaj rada osvetljuje star\u0161evske pristope, ki zaznamujejo otroka in potem tudi odraslega pri temeljnem vpra\u0161anju o star\u0161evski ljubezni.","robots":{"index":"index","follow":"follow","max-snippet":"max-snippet:-1","max-image-preview":"max-image-preview:large","max-video-preview":"max-video-preview:-1"},"canonical":"https:\/\/www.iskreni.net\/trgovina\/product\/imata-kaj-rada\/","og_locale":"sl_SI","og_type":"article","og_title":"Me imata kaj rada - Zavod Iskreni","og_description":"Me imata kaj rada osvetljuje star\u0161evske pristope, ki zaznamujejo otroka in potem tudi odraslega pri temeljnem vpra\u0161anju o star\u0161evski ljubezni.","og_url":"https:\/\/www.iskreni.net\/trgovina\/product\/imata-kaj-rada\/","og_site_name":"Zavod Iskreni","article_modified_time":"2024-01-18T10:22:42+00:00","og_image":[{"width":409,"height":447,"url":"https:\/\/www.iskreni.net\/trgovina\/wp-content\/uploads\/2016\/11\/me-imata-kaj-rada-e1482853472746.jpg","type":"image\/jpeg"}],"twitter_card":"summary_large_image","twitter_misc":{"Est. reading time":"1 minuta"},"schema":{"@context":"https:\/\/schema.org","@graph":[{"@type":"WebPage","@id":"https:\/\/www.iskreni.net\/trgovina\/product\/imata-kaj-rada\/","url":"https:\/\/www.iskreni.net\/trgovina\/product\/imata-kaj-rada\/","name":"Me imata kaj rada - Zavod Iskreni","isPartOf":{"@id":"https:\/\/www.iskreni.net\/trgovina\/#website"},"primaryImageOfPage":{"@id":"https:\/\/www.iskreni.net\/trgovina\/product\/imata-kaj-rada\/#primaryimage"},"image":{"@id":"https:\/\/www.iskreni.net\/trgovina\/product\/imata-kaj-rada\/#primaryimage"},"thumbnailUrl":"https:\/\/www.iskreni.net\/trgovina\/wp-content\/uploads\/2016\/11\/me-imata-kaj-rada-e1482853472746.jpg","datePublished":"2016-11-03T14:30:06+00:00","dateModified":"2024-01-18T10:22:42+00:00","description":"Me imata kaj rada osvetljuje star\u0161evske pristope, ki zaznamujejo otroka in potem tudi odraslega pri temeljnem vpra\u0161anju o star\u0161evski ljubezni.","breadcrumb":{"@id":"https:\/\/www.iskreni.net\/trgovina\/product\/imata-kaj-rada\/#breadcrumb"},"inLanguage":"sl-SI","potentialAction":[{"@type":"ReadAction","target":["https:\/\/www.iskreni.net\/trgovina\/product\/imata-kaj-rada\/"]}]},{"@type":"ImageObject","inLanguage":"sl-SI","@id":"https:\/\/www.iskreni.net\/trgovina\/product\/imata-kaj-rada\/#primaryimage","url":"https:\/\/www.iskreni.net\/trgovina\/wp-content\/uploads\/2016\/11\/me-imata-kaj-rada-e1482853472746.jpg","contentUrl":"https:\/\/www.iskreni.net\/trgovina\/wp-content\/uploads\/2016\/11\/me-imata-kaj-rada-e1482853472746.jpg","width":409,"height":447},{"@type":"BreadcrumbList","@id":"https:\/\/www.iskreni.net\/trgovina\/product\/imata-kaj-rada\/#breadcrumb","itemListElement":[{"@type":"ListItem","position":1,"name":"Home","item":"https:\/\/www.iskreni.net\/trgovina\/"},{"@type":"ListItem","position":2,"name":"Trgovina","item":"https:\/\/www.iskreni.net\/trgovina\/trgovina\/"},{"@type":"ListItem","position":3,"name":"Me imata kaj rada"}]},{"@type":"WebSite","@id":"https:\/\/www.iskreni.net\/trgovina\/#website","url":"https:\/\/www.iskreni.net\/trgovina\/","name":"Zavod Iskreni","description":"trgovina","potentialAction":[{"@type":"SearchAction","target":{"@type":"EntryPoint","urlTemplate":"https:\/\/www.iskreni.net\/trgovina\/?s={search_term_string}"},"query-input":{"@type":"PropertyValueSpecification","valueRequired":true,"valueName":"search_term_string"}}],"inLanguage":"sl-SI"}]}},"_links":{"self":[{"href":"https:\/\/www.iskreni.net\/trgovina\/wp-json\/wp\/v2\/product\/1216","targetHints":{"allow":["GET"]}}],"collection":[{"href":"https:\/\/www.iskreni.net\/trgovina\/wp-json\/wp\/v2\/product"}],"about":[{"href":"https:\/\/www.iskreni.net\/trgovina\/wp-json\/wp\/v2\/types\/product"}],"replies":[{"embeddable":true,"href":"https:\/\/www.iskreni.net\/trgovina\/wp-json\/wp\/v2\/comments?post=1216"}],"version-history":[{"count":6,"href":"https:\/\/www.iskreni.net\/trgovina\/wp-json\/wp\/v2\/product\/1216\/revisions"}],"predecessor-version":[{"id":59032,"href":"https:\/\/www.iskreni.net\/trgovina\/wp-json\/wp\/v2\/product\/1216\/revisions\/59032"}],"wp:featuredmedia":[{"embeddable":true,"href":"https:\/\/www.iskreni.net\/trgovina\/wp-json\/wp\/v2\/media\/1217"}],"wp:attachment":[{"href":"https:\/\/www.iskreni.net\/trgovina\/wp-json\/wp\/v2\/media?parent=1216"}],"wp:term":[{"taxonomy":"product_brand","embeddable":true,"href":"https:\/\/www.iskreni.net\/trgovina\/wp-json\/wp\/v2\/product_brand?post=1216"},{"taxonomy":"product_cat","embeddable":true,"href":"https:\/\/www.iskreni.net\/trgovina\/wp-json\/wp\/v2\/product_cat?post=1216"},{"taxonomy":"product_tag","embeddable":true,"href":"https:\/\/www.iskreni.net\/trgovina\/wp-json\/wp\/v2\/product_tag?post=1216"},{"taxonomy":"avtor","embeddable":true,"href":"https:\/\/www.iskreni.net\/trgovina\/wp-json\/wp\/v2\/avtor?post=1216"},{"taxonomy":"zalozba","embeddable":true,"href":"https:\/\/www.iskreni.net\/trgovina\/wp-json\/wp\/v2\/zalozba?post=1216"},{"taxonomy":"vezava","embeddable":true,"href":"https:\/\/www.iskreni.net\/trgovina\/wp-json\/wp\/v2\/vezava?post=1216"}],"curies":[{"name":"wp","href":"https:\/\/api.w.org\/{rel}","templated":true}]}}