{"id":1198,"date":"2016-10-27T12:50:43","date_gmt":"2016-10-27T10:50:43","guid":{"rendered":"http:\/\/rojstnidan.si\/?post_type=product&#038;p=1198"},"modified":"2024-09-24T14:12:37","modified_gmt":"2024-09-24T12:12:37","slug":"ocarljiva","status":"publish","type":"product","link":"https:\/\/www.iskreni.net\/trgovina\/product\/ocarljiva\/","title":{"rendered":"O\u010darljiva"},"content":{"rendered":"<h4>O knjigi O\u010darljiva:<\/h4>\n<p>Vsaka \u017eenska je bila neko\u010d majhna deklica. In vsaka deklica v srcu nosi svoje najdragocenej\u0161e sanje. Hrepeni po tem, da bi bila povabljena v romanti\u010dno zgodbo, kjer bi zaigrala nenadomestljivo vlogo v veliki pustolov\u0161\u010dini, da bi bila lepotica zgodbe. Te \u017eelje so veliko ve\u010d kot otro\u0161ka igra. To so skrivnosti \u017eenskega srca.<\/p>\n<p>In vendar \u2013 koliko \u017eensk poznate, ki jim je kdajkoli uspelo najti tak\u0161no \u017eivljenje? Ko leta minevajo, je \u017eensko srce potisnjeno na stran, ranjeno, pokopano. \u017denska ne najde ve\u010d nobene romanti\u010dnosti, razen v romani, nobene pustolov\u0161\u010dine, razen na televiziji, in zelo dvomi, da bo kdaj lepotica v kak\u0161ni zgodbi.<\/p>\n<p>Ve\u010dina \u017eensk misli, da se morajo zadovoljiti z \u017eivljenjem u\u010dinkovitosti in dol\u017enosti, obveznosti in opravkov, bitke, da so \u017eenske, kakr\u0161ne bi \u2018morale\u2019 biti, vendar imajo prepogosto ob\u010dutek, da jim je spodletelo.<\/p>\n<p>Sporo\u010dilo knjige O\u010darljiva je tole: va\u0161e srce je pomembnej\u0161e kot karkoli drugega v vsej stvaritvi. \u017delje, ki ste jih imele kot majhne deklice, in hrepenenje, ki ga \u0161e vedno ob\u010dutite kot \u017eenske, vam govorijo o \u017eivljenju, ki ga je Bog ustvaril, da bi ga \u017eivele. On vam ponuja, da pride kot junak va\u0161e zgodbe, da re\u0161i va\u0161e srce in vas izpusti, da boste \u017eivele kot popolnoma \u017eiva in \u017eenstvena \u017eenska. \u017denska, ki je resni\u010dno O\u010cARLJIVA.<\/p>\n","protected":false},"excerpt":{"rendered":"<p><strong>Leto izdaje:<\/strong> 2005<br \/>\n<strong>\u0160tevilo strani:<\/strong> 233<\/p>\n<p>Vsaka \u017eenska je bila neko\u010d majhna deklica. In vsaka deklica v srcu nosi svoje najdragocenej\u0161e sanje. Hrepeni po tem, da bi bila povabljena v romanti\u010dno zgodbo, kjer bi zaigrala nenadomestljivo vlogo v veliki pustolov\u0161\u010dini, da bi bila lepotica zgodbe. Te \u017eelje so veliko ve\u010d kot otro\u0161ka igra. To so skrivnosti \u017eenskega srca.<\/p>\n<p>&nbsp;<\/p>\n","protected":false},"featured_media":1199,"comment_status":"open","ping_status":"closed","template":"","meta":[],"product_brand":[254],"product_cat":[2324,63],"product_tag":[2182],"avtor":[2694,2695],"zalozba":[2343],"vezava":[2307],"class_list":{"0":"post-1198","1":"product","2":"type-product","3":"status-publish","4":"has-post-thumbnail","6":"product_brand-zazivi-zivljenje","7":"product_cat-duhovnost-in-osebna-rast","8":"product_cat-knjige","9":"product_tag-za-zenske","10":"avtor-john-eldredge","11":"avtor-stasi-eldredge","12":"zalozba-zazivi-zivljenje","13":"vezava-mehka","15":"first","16":"outofstock","17":"taxable","18":"shipping-taxable","19":"purchasable","20":"product-type-simple"},"yoast_head":"<!-- This site is optimized with the Yoast SEO plugin v26.3 - https:\/\/yoast.com\/wordpress\/plugins\/seo\/ -->\n<title>O\u010darljiva - Zavod Iskreni<\/title>\n<meta name=\"description\" content=\"O\u010darljiva nosi sporo\u010dilo, da \u017eelje, ki ste jih imele kot deklice in hrepenenje, ki ga \u0161e \u010dutite, govori o \u017eivljenju, ki ga je Bog ustvaril, da bi ga \u017eivele.\" \/>\n<meta name=\"robots\" content=\"index, follow, max-snippet:-1, max-image-preview:large, max-video-preview:-1\" \/>\n<link rel=\"canonical\" href=\"https:\/\/www.iskreni.net\/trgovina\/product\/ocarljiva\/\" \/>\n<meta property=\"og:locale\" content=\"sl_SI\" \/>\n<meta property=\"og:type\" content=\"article\" \/>\n<meta property=\"og:title\" content=\"O\u010darljiva\" \/>\n<meta property=\"og:description\" content=\"O\u010darljiva nosi sporo\u010dilo, da \u017eelje, ki ste jih imele kot deklice in hrepenenje, ki ga \u0161e \u010dutite, govori o \u017eivljenju, ki ga je Bog ustvaril, da bi ga \u017eivele.\" \/>\n<meta property=\"og:url\" content=\"https:\/\/www.iskreni.net\/trgovina\/product\/ocarljiva\/\" \/>\n<meta property=\"og:site_name\" content=\"Zavod Iskreni\" \/>\n<meta property=\"article:modified_time\" content=\"2024-09-24T12:12:37+00:00\" \/>\n<meta property=\"og:image\" content=\"https:\/\/www.iskreni.net\/trgovina\/wp-content\/uploads\/2016\/10\/Ocarljiva.jpg\" \/>\n\t<meta property=\"og:image:width\" content=\"207\" \/>\n\t<meta property=\"og:image:height\" content=\"330\" \/>\n\t<meta property=\"og:image:type\" content=\"image\/jpeg\" \/>\n<meta name=\"twitter:card\" content=\"summary_large_image\" \/>\n<meta name=\"twitter:label1\" content=\"Est. reading time\" \/>\n\t<meta name=\"twitter:data1\" content=\"2 minuti\" \/>\n<script type=\"application\/ld+json\" class=\"yoast-schema-graph\">{\"@context\":\"https:\/\/schema.org\",\"@graph\":[{\"@type\":\"WebPage\",\"@id\":\"https:\/\/www.iskreni.net\/trgovina\/product\/ocarljiva\/\",\"url\":\"https:\/\/www.iskreni.net\/trgovina\/product\/ocarljiva\/\",\"name\":\"O\u010darljiva - Zavod Iskreni\",\"isPartOf\":{\"@id\":\"https:\/\/www.iskreni.net\/trgovina\/#website\"},\"primaryImageOfPage\":{\"@id\":\"https:\/\/www.iskreni.net\/trgovina\/product\/ocarljiva\/#primaryimage\"},\"image\":{\"@id\":\"https:\/\/www.iskreni.net\/trgovina\/product\/ocarljiva\/#primaryimage\"},\"thumbnailUrl\":\"https:\/\/www.iskreni.net\/trgovina\/wp-content\/uploads\/2016\/10\/Ocarljiva.jpg\",\"datePublished\":\"2016-10-27T10:50:43+00:00\",\"dateModified\":\"2024-09-24T12:12:37+00:00\",\"description\":\"O\u010darljiva nosi sporo\u010dilo, da \u017eelje, ki ste jih imele kot deklice in hrepenenje, ki ga \u0161e \u010dutite, govori o \u017eivljenju, ki ga je Bog ustvaril, da bi ga \u017eivele.\",\"breadcrumb\":{\"@id\":\"https:\/\/www.iskreni.net\/trgovina\/product\/ocarljiva\/#breadcrumb\"},\"inLanguage\":\"sl-SI\",\"potentialAction\":[{\"@type\":\"ReadAction\",\"target\":[\"https:\/\/www.iskreni.net\/trgovina\/product\/ocarljiva\/\"]}]},{\"@type\":\"ImageObject\",\"inLanguage\":\"sl-SI\",\"@id\":\"https:\/\/www.iskreni.net\/trgovina\/product\/ocarljiva\/#primaryimage\",\"url\":\"https:\/\/www.iskreni.net\/trgovina\/wp-content\/uploads\/2016\/10\/Ocarljiva.jpg\",\"contentUrl\":\"https:\/\/www.iskreni.net\/trgovina\/wp-content\/uploads\/2016\/10\/Ocarljiva.jpg\",\"width\":207,\"height\":330},{\"@type\":\"BreadcrumbList\",\"@id\":\"https:\/\/www.iskreni.net\/trgovina\/product\/ocarljiva\/#breadcrumb\",\"itemListElement\":[{\"@type\":\"ListItem\",\"position\":1,\"name\":\"Home\",\"item\":\"https:\/\/www.iskreni.net\/trgovina\/\"},{\"@type\":\"ListItem\",\"position\":2,\"name\":\"Trgovina\",\"item\":\"https:\/\/www.iskreni.net\/trgovina\/trgovina\/\"},{\"@type\":\"ListItem\",\"position\":3,\"name\":\"O\u010darljiva\"}]},{\"@type\":\"WebSite\",\"@id\":\"https:\/\/www.iskreni.net\/trgovina\/#website\",\"url\":\"https:\/\/www.iskreni.net\/trgovina\/\",\"name\":\"Zavod Iskreni\",\"description\":\"trgovina\",\"potentialAction\":[{\"@type\":\"SearchAction\",\"target\":{\"@type\":\"EntryPoint\",\"urlTemplate\":\"https:\/\/www.iskreni.net\/trgovina\/?s={search_term_string}\"},\"query-input\":{\"@type\":\"PropertyValueSpecification\",\"valueRequired\":true,\"valueName\":\"search_term_string\"}}],\"inLanguage\":\"sl-SI\"}]}<\/script>\n<!-- \/ Yoast SEO plugin. -->","yoast_head_json":{"title":"O\u010darljiva - Zavod Iskreni","description":"O\u010darljiva nosi sporo\u010dilo, da \u017eelje, ki ste jih imele kot deklice in hrepenenje, ki ga \u0161e \u010dutite, govori o \u017eivljenju, ki ga je Bog ustvaril, da bi ga \u017eivele.","robots":{"index":"index","follow":"follow","max-snippet":"max-snippet:-1","max-image-preview":"max-image-preview:large","max-video-preview":"max-video-preview:-1"},"canonical":"https:\/\/www.iskreni.net\/trgovina\/product\/ocarljiva\/","og_locale":"sl_SI","og_type":"article","og_title":"O\u010darljiva","og_description":"O\u010darljiva nosi sporo\u010dilo, da \u017eelje, ki ste jih imele kot deklice in hrepenenje, ki ga \u0161e \u010dutite, govori o \u017eivljenju, ki ga je Bog ustvaril, da bi ga \u017eivele.","og_url":"https:\/\/www.iskreni.net\/trgovina\/product\/ocarljiva\/","og_site_name":"Zavod Iskreni","article_modified_time":"2024-09-24T12:12:37+00:00","og_image":[{"width":207,"height":330,"url":"https:\/\/www.iskreni.net\/trgovina\/wp-content\/uploads\/2016\/10\/Ocarljiva.jpg","type":"image\/jpeg"}],"twitter_card":"summary_large_image","twitter_misc":{"Est. reading time":"2 minuti"},"schema":{"@context":"https:\/\/schema.org","@graph":[{"@type":"WebPage","@id":"https:\/\/www.iskreni.net\/trgovina\/product\/ocarljiva\/","url":"https:\/\/www.iskreni.net\/trgovina\/product\/ocarljiva\/","name":"O\u010darljiva - Zavod Iskreni","isPartOf":{"@id":"https:\/\/www.iskreni.net\/trgovina\/#website"},"primaryImageOfPage":{"@id":"https:\/\/www.iskreni.net\/trgovina\/product\/ocarljiva\/#primaryimage"},"image":{"@id":"https:\/\/www.iskreni.net\/trgovina\/product\/ocarljiva\/#primaryimage"},"thumbnailUrl":"https:\/\/www.iskreni.net\/trgovina\/wp-content\/uploads\/2016\/10\/Ocarljiva.jpg","datePublished":"2016-10-27T10:50:43+00:00","dateModified":"2024-09-24T12:12:37+00:00","description":"O\u010darljiva nosi sporo\u010dilo, da \u017eelje, ki ste jih imele kot deklice in hrepenenje, ki ga \u0161e \u010dutite, govori o \u017eivljenju, ki ga je Bog ustvaril, da bi ga \u017eivele.","breadcrumb":{"@id":"https:\/\/www.iskreni.net\/trgovina\/product\/ocarljiva\/#breadcrumb"},"inLanguage":"sl-SI","potentialAction":[{"@type":"ReadAction","target":["https:\/\/www.iskreni.net\/trgovina\/product\/ocarljiva\/"]}]},{"@type":"ImageObject","inLanguage":"sl-SI","@id":"https:\/\/www.iskreni.net\/trgovina\/product\/ocarljiva\/#primaryimage","url":"https:\/\/www.iskreni.net\/trgovina\/wp-content\/uploads\/2016\/10\/Ocarljiva.jpg","contentUrl":"https:\/\/www.iskreni.net\/trgovina\/wp-content\/uploads\/2016\/10\/Ocarljiva.jpg","width":207,"height":330},{"@type":"BreadcrumbList","@id":"https:\/\/www.iskreni.net\/trgovina\/product\/ocarljiva\/#breadcrumb","itemListElement":[{"@type":"ListItem","position":1,"name":"Home","item":"https:\/\/www.iskreni.net\/trgovina\/"},{"@type":"ListItem","position":2,"name":"Trgovina","item":"https:\/\/www.iskreni.net\/trgovina\/trgovina\/"},{"@type":"ListItem","position":3,"name":"O\u010darljiva"}]},{"@type":"WebSite","@id":"https:\/\/www.iskreni.net\/trgovina\/#website","url":"https:\/\/www.iskreni.net\/trgovina\/","name":"Zavod Iskreni","description":"trgovina","potentialAction":[{"@type":"SearchAction","target":{"@type":"EntryPoint","urlTemplate":"https:\/\/www.iskreni.net\/trgovina\/?s={search_term_string}"},"query-input":{"@type":"PropertyValueSpecification","valueRequired":true,"valueName":"search_term_string"}}],"inLanguage":"sl-SI"}]}},"_links":{"self":[{"href":"https:\/\/www.iskreni.net\/trgovina\/wp-json\/wp\/v2\/product\/1198","targetHints":{"allow":["GET"]}}],"collection":[{"href":"https:\/\/www.iskreni.net\/trgovina\/wp-json\/wp\/v2\/product"}],"about":[{"href":"https:\/\/www.iskreni.net\/trgovina\/wp-json\/wp\/v2\/types\/product"}],"replies":[{"embeddable":true,"href":"https:\/\/www.iskreni.net\/trgovina\/wp-json\/wp\/v2\/comments?post=1198"}],"version-history":[{"count":6,"href":"https:\/\/www.iskreni.net\/trgovina\/wp-json\/wp\/v2\/product\/1198\/revisions"}],"predecessor-version":[{"id":72707,"href":"https:\/\/www.iskreni.net\/trgovina\/wp-json\/wp\/v2\/product\/1198\/revisions\/72707"}],"wp:featuredmedia":[{"embeddable":true,"href":"https:\/\/www.iskreni.net\/trgovina\/wp-json\/wp\/v2\/media\/1199"}],"wp:attachment":[{"href":"https:\/\/www.iskreni.net\/trgovina\/wp-json\/wp\/v2\/media?parent=1198"}],"wp:term":[{"taxonomy":"product_brand","embeddable":true,"href":"https:\/\/www.iskreni.net\/trgovina\/wp-json\/wp\/v2\/product_brand?post=1198"},{"taxonomy":"product_cat","embeddable":true,"href":"https:\/\/www.iskreni.net\/trgovina\/wp-json\/wp\/v2\/product_cat?post=1198"},{"taxonomy":"product_tag","embeddable":true,"href":"https:\/\/www.iskreni.net\/trgovina\/wp-json\/wp\/v2\/product_tag?post=1198"},{"taxonomy":"avtor","embeddable":true,"href":"https:\/\/www.iskreni.net\/trgovina\/wp-json\/wp\/v2\/avtor?post=1198"},{"taxonomy":"zalozba","embeddable":true,"href":"https:\/\/www.iskreni.net\/trgovina\/wp-json\/wp\/v2\/zalozba?post=1198"},{"taxonomy":"vezava","embeddable":true,"href":"https:\/\/www.iskreni.net\/trgovina\/wp-json\/wp\/v2\/vezava?post=1198"}],"curies":[{"name":"wp","href":"https:\/\/api.w.org\/{rel}","templated":true}]}}