{"id":1196,"date":"2016-10-27T12:35:15","date_gmt":"2016-10-27T10:35:15","guid":{"rendered":"http:\/\/rojstnidan.si\/?post_type=product&#038;p=1196"},"modified":"2026-04-02T10:43:54","modified_gmt":"2026-04-02T08:43:54","slug":"porocila-se-bova-kaj-potrebujeva-za-dober-zakon","status":"publish","type":"product","link":"https:\/\/www.iskreni.net\/trgovina\/product\/porocila-se-bova-kaj-potrebujeva-za-dober-zakon\/","title":{"rendered":"Poro\u010dila se bova! Kaj potrebujeva za dober zakon?"},"content":{"rendered":"<h4>O knjigi Poro\u010dila se bova! Kaj potrebujeva za dober zakon?<\/h4>\n<p>Podajata se na \u017eivljenjsko pustolov\u0161\u010dino ljubezni med mo\u017eem in \u017eeno, ki jo spremlja ljube\u010di pogled Boga.<\/p>\n<p>Pri\u010dujo\u010di priro\u010dnik vama bo pomagal:<\/p>\n<p>&#8211; poglobiti in utrditi medsebojni odnos,<br \/>\n&#8211; zgraditi temelje za trden, ljube\u010d in spo\u0161tljiv zakon,<br \/>\n&#8211; dopolniti organizirano pripravo na cerkveni zakon v skupini.<\/p>\n<p>Kaj bosta na\u0161la v priro\u010dniku Poro\u010dila se bova?<\/p>\n<p>&#8211; Konkretne nasvete za dobro sporazumevanje, povezanost, spolnost \u2026<br \/>\n&#8211; Pri\u010devanja slovenskih posameznikov in parov.<br \/>\n&#8211; Poglobitev v \u0161tiri stebre kr\u0161\u010danskega zakona: svobodo, zvestobo, nerazveznost, rodovitnost.<br \/>\n&#8211; Vpra\u0161anja za delo v paru.<\/p>\n","protected":false},"excerpt":{"rendered":"<p><strong>Leto izdaje:<\/strong> 2016<br \/>\n<strong>\u0160tevilo strani:<\/strong> 116<\/p>\n<div>\n<p>Priro\u010dnik je namenjen parom, ki se pripravljajo na cerkveno poroko. Par ga lahko vzame v roke \u0161e preden gresta na organizirano pripravo (in jima je lahko le \u0161e dodatna spodbuda k odlo\u010ditvi in \u010dimprej\u0161nji udele\u017ebi na organizirani pripravi) ali pa ga uporabljata vzporedno s pripravo v skupini oz. individualno z duhovnikom. Priro\u010dnik lahko uporablja tudi skupina parov ali par skupaj z duhovnikom spremljevalcem.<\/p>\n<\/div>\n","protected":false},"featured_media":1197,"comment_status":"open","ping_status":"closed","template":"","meta":[],"product_brand":[],"product_cat":[2322,2324,2327,63],"product_tag":[410],"avtor":[2577],"zalozba":[2335],"vezava":[2307],"class_list":{"0":"post-1196","1":"product","2":"type-product","3":"status-publish","4":"has-post-thumbnail","6":"product_cat-druzina-in-odnosi","7":"product_cat-duhovnost-in-osebna-rast","8":"product_cat-prirocniki-in-vodniki","9":"product_cat-knjige","10":"product_tag-poroka","11":"avtor-vec-avtorjev","12":"zalozba-zalozba-emanuel","13":"vezava-mehka","15":"first","16":"instock","17":"taxable","18":"shipping-taxable","19":"purchasable","20":"product-type-simple"},"yoast_head":"<!-- This site is optimized with the Yoast SEO plugin v26.3 - https:\/\/yoast.com\/wordpress\/plugins\/seo\/ -->\n<title>Poro\u010dila se bova! Kaj potrebujeva za dober zakon? - Zavod Iskreni<\/title>\n<meta name=\"description\" content=\"Poro\u010dila se bova: priro\u010dnik za pare, ki se pripravljajo na cerkveno poroko. S konkretnimi nasveti, pri\u010devanji, vpra\u0161anji za delo v paru itd.\" \/>\n<meta name=\"robots\" content=\"index, follow, max-snippet:-1, max-image-preview:large, max-video-preview:-1\" \/>\n<link rel=\"canonical\" href=\"https:\/\/www.iskreni.net\/trgovina\/product\/porocila-se-bova-kaj-potrebujeva-za-dober-zakon\/\" \/>\n<meta property=\"og:locale\" content=\"sl_SI\" \/>\n<meta property=\"og:type\" content=\"article\" \/>\n<meta property=\"og:title\" content=\"Poro\u010dila se bova! Kaj potrebujeva za dober zakon? - Zavod Iskreni\" \/>\n<meta property=\"og:description\" content=\"Poro\u010dila se bova: priro\u010dnik za pare, ki se pripravljajo na cerkveno poroko. S konkretnimi nasveti, pri\u010devanji, vpra\u0161anji za delo v paru itd.\" \/>\n<meta property=\"og:url\" content=\"https:\/\/www.iskreni.net\/trgovina\/product\/porocila-se-bova-kaj-potrebujeva-za-dober-zakon\/\" \/>\n<meta property=\"og:site_name\" content=\"Zavod Iskreni\" \/>\n<meta property=\"article:modified_time\" content=\"2026-04-02T08:43:54+00:00\" \/>\n<meta property=\"og:image\" content=\"https:\/\/www.iskreni.net\/trgovina\/wp-content\/uploads\/2016\/10\/platnica-KONCNA.Q.-min-e1462820336967.jpg\" \/>\n\t<meta property=\"og:image:width\" content=\"1022\" \/>\n\t<meta property=\"og:image:height\" content=\"1270\" \/>\n\t<meta property=\"og:image:type\" content=\"image\/jpeg\" \/>\n<meta name=\"twitter:card\" content=\"summary_large_image\" \/>\n<meta name=\"twitter:label1\" content=\"Est. reading time\" \/>\n\t<meta name=\"twitter:data1\" content=\"1 minuta\" \/>\n<script type=\"application\/ld+json\" class=\"yoast-schema-graph\">{\"@context\":\"https:\/\/schema.org\",\"@graph\":[{\"@type\":\"WebPage\",\"@id\":\"https:\/\/www.iskreni.net\/trgovina\/product\/porocila-se-bova-kaj-potrebujeva-za-dober-zakon\/\",\"url\":\"https:\/\/www.iskreni.net\/trgovina\/product\/porocila-se-bova-kaj-potrebujeva-za-dober-zakon\/\",\"name\":\"Poro\u010dila se bova! Kaj potrebujeva za dober zakon? - Zavod Iskreni\",\"isPartOf\":{\"@id\":\"https:\/\/www.iskreni.net\/trgovina\/#website\"},\"primaryImageOfPage\":{\"@id\":\"https:\/\/www.iskreni.net\/trgovina\/product\/porocila-se-bova-kaj-potrebujeva-za-dober-zakon\/#primaryimage\"},\"image\":{\"@id\":\"https:\/\/www.iskreni.net\/trgovina\/product\/porocila-se-bova-kaj-potrebujeva-za-dober-zakon\/#primaryimage\"},\"thumbnailUrl\":\"https:\/\/www.iskreni.net\/trgovina\/wp-content\/uploads\/2016\/10\/platnica-KONCNA.Q.-min-e1462820336967.jpg\",\"datePublished\":\"2016-10-27T10:35:15+00:00\",\"dateModified\":\"2026-04-02T08:43:54+00:00\",\"description\":\"Poro\u010dila se bova: priro\u010dnik za pare, ki se pripravljajo na cerkveno poroko. S konkretnimi nasveti, pri\u010devanji, vpra\u0161anji za delo v paru itd.\",\"breadcrumb\":{\"@id\":\"https:\/\/www.iskreni.net\/trgovina\/product\/porocila-se-bova-kaj-potrebujeva-za-dober-zakon\/#breadcrumb\"},\"inLanguage\":\"sl-SI\",\"potentialAction\":[{\"@type\":\"ReadAction\",\"target\":[\"https:\/\/www.iskreni.net\/trgovina\/product\/porocila-se-bova-kaj-potrebujeva-za-dober-zakon\/\"]}]},{\"@type\":\"ImageObject\",\"inLanguage\":\"sl-SI\",\"@id\":\"https:\/\/www.iskreni.net\/trgovina\/product\/porocila-se-bova-kaj-potrebujeva-za-dober-zakon\/#primaryimage\",\"url\":\"https:\/\/www.iskreni.net\/trgovina\/wp-content\/uploads\/2016\/10\/platnica-KONCNA.Q.-min-e1462820336967.jpg\",\"contentUrl\":\"https:\/\/www.iskreni.net\/trgovina\/wp-content\/uploads\/2016\/10\/platnica-KONCNA.Q.-min-e1462820336967.jpg\",\"width\":1022,\"height\":1270},{\"@type\":\"BreadcrumbList\",\"@id\":\"https:\/\/www.iskreni.net\/trgovina\/product\/porocila-se-bova-kaj-potrebujeva-za-dober-zakon\/#breadcrumb\",\"itemListElement\":[{\"@type\":\"ListItem\",\"position\":1,\"name\":\"Home\",\"item\":\"https:\/\/www.iskreni.net\/trgovina\/\"},{\"@type\":\"ListItem\",\"position\":2,\"name\":\"Trgovina\",\"item\":\"https:\/\/www.iskreni.net\/trgovina\/trgovina\/\"},{\"@type\":\"ListItem\",\"position\":3,\"name\":\"Poro\u010dila se bova! Kaj potrebujeva za dober zakon?\"}]},{\"@type\":\"WebSite\",\"@id\":\"https:\/\/www.iskreni.net\/trgovina\/#website\",\"url\":\"https:\/\/www.iskreni.net\/trgovina\/\",\"name\":\"Zavod Iskreni\",\"description\":\"trgovina\",\"potentialAction\":[{\"@type\":\"SearchAction\",\"target\":{\"@type\":\"EntryPoint\",\"urlTemplate\":\"https:\/\/www.iskreni.net\/trgovina\/?s={search_term_string}\"},\"query-input\":{\"@type\":\"PropertyValueSpecification\",\"valueRequired\":true,\"valueName\":\"search_term_string\"}}],\"inLanguage\":\"sl-SI\"}]}<\/script>\n<!-- \/ Yoast SEO plugin. -->","yoast_head_json":{"title":"Poro\u010dila se bova! Kaj potrebujeva za dober zakon? - Zavod Iskreni","description":"Poro\u010dila se bova: priro\u010dnik za pare, ki se pripravljajo na cerkveno poroko. S konkretnimi nasveti, pri\u010devanji, vpra\u0161anji za delo v paru itd.","robots":{"index":"index","follow":"follow","max-snippet":"max-snippet:-1","max-image-preview":"max-image-preview:large","max-video-preview":"max-video-preview:-1"},"canonical":"https:\/\/www.iskreni.net\/trgovina\/product\/porocila-se-bova-kaj-potrebujeva-za-dober-zakon\/","og_locale":"sl_SI","og_type":"article","og_title":"Poro\u010dila se bova! Kaj potrebujeva za dober zakon? - Zavod Iskreni","og_description":"Poro\u010dila se bova: priro\u010dnik za pare, ki se pripravljajo na cerkveno poroko. S konkretnimi nasveti, pri\u010devanji, vpra\u0161anji za delo v paru itd.","og_url":"https:\/\/www.iskreni.net\/trgovina\/product\/porocila-se-bova-kaj-potrebujeva-za-dober-zakon\/","og_site_name":"Zavod Iskreni","article_modified_time":"2026-04-02T08:43:54+00:00","og_image":[{"width":1022,"height":1270,"url":"https:\/\/www.iskreni.net\/trgovina\/wp-content\/uploads\/2016\/10\/platnica-KONCNA.Q.-min-e1462820336967.jpg","type":"image\/jpeg"}],"twitter_card":"summary_large_image","twitter_misc":{"Est. reading time":"1 minuta"},"schema":{"@context":"https:\/\/schema.org","@graph":[{"@type":"WebPage","@id":"https:\/\/www.iskreni.net\/trgovina\/product\/porocila-se-bova-kaj-potrebujeva-za-dober-zakon\/","url":"https:\/\/www.iskreni.net\/trgovina\/product\/porocila-se-bova-kaj-potrebujeva-za-dober-zakon\/","name":"Poro\u010dila se bova! Kaj potrebujeva za dober zakon? - Zavod Iskreni","isPartOf":{"@id":"https:\/\/www.iskreni.net\/trgovina\/#website"},"primaryImageOfPage":{"@id":"https:\/\/www.iskreni.net\/trgovina\/product\/porocila-se-bova-kaj-potrebujeva-za-dober-zakon\/#primaryimage"},"image":{"@id":"https:\/\/www.iskreni.net\/trgovina\/product\/porocila-se-bova-kaj-potrebujeva-za-dober-zakon\/#primaryimage"},"thumbnailUrl":"https:\/\/www.iskreni.net\/trgovina\/wp-content\/uploads\/2016\/10\/platnica-KONCNA.Q.-min-e1462820336967.jpg","datePublished":"2016-10-27T10:35:15+00:00","dateModified":"2026-04-02T08:43:54+00:00","description":"Poro\u010dila se bova: priro\u010dnik za pare, ki se pripravljajo na cerkveno poroko. S konkretnimi nasveti, pri\u010devanji, vpra\u0161anji za delo v paru itd.","breadcrumb":{"@id":"https:\/\/www.iskreni.net\/trgovina\/product\/porocila-se-bova-kaj-potrebujeva-za-dober-zakon\/#breadcrumb"},"inLanguage":"sl-SI","potentialAction":[{"@type":"ReadAction","target":["https:\/\/www.iskreni.net\/trgovina\/product\/porocila-se-bova-kaj-potrebujeva-za-dober-zakon\/"]}]},{"@type":"ImageObject","inLanguage":"sl-SI","@id":"https:\/\/www.iskreni.net\/trgovina\/product\/porocila-se-bova-kaj-potrebujeva-za-dober-zakon\/#primaryimage","url":"https:\/\/www.iskreni.net\/trgovina\/wp-content\/uploads\/2016\/10\/platnica-KONCNA.Q.-min-e1462820336967.jpg","contentUrl":"https:\/\/www.iskreni.net\/trgovina\/wp-content\/uploads\/2016\/10\/platnica-KONCNA.Q.-min-e1462820336967.jpg","width":1022,"height":1270},{"@type":"BreadcrumbList","@id":"https:\/\/www.iskreni.net\/trgovina\/product\/porocila-se-bova-kaj-potrebujeva-za-dober-zakon\/#breadcrumb","itemListElement":[{"@type":"ListItem","position":1,"name":"Home","item":"https:\/\/www.iskreni.net\/trgovina\/"},{"@type":"ListItem","position":2,"name":"Trgovina","item":"https:\/\/www.iskreni.net\/trgovina\/trgovina\/"},{"@type":"ListItem","position":3,"name":"Poro\u010dila se bova! Kaj potrebujeva za dober zakon?"}]},{"@type":"WebSite","@id":"https:\/\/www.iskreni.net\/trgovina\/#website","url":"https:\/\/www.iskreni.net\/trgovina\/","name":"Zavod Iskreni","description":"trgovina","potentialAction":[{"@type":"SearchAction","target":{"@type":"EntryPoint","urlTemplate":"https:\/\/www.iskreni.net\/trgovina\/?s={search_term_string}"},"query-input":{"@type":"PropertyValueSpecification","valueRequired":true,"valueName":"search_term_string"}}],"inLanguage":"sl-SI"}]}},"_links":{"self":[{"href":"https:\/\/www.iskreni.net\/trgovina\/wp-json\/wp\/v2\/product\/1196","targetHints":{"allow":["GET"]}}],"collection":[{"href":"https:\/\/www.iskreni.net\/trgovina\/wp-json\/wp\/v2\/product"}],"about":[{"href":"https:\/\/www.iskreni.net\/trgovina\/wp-json\/wp\/v2\/types\/product"}],"replies":[{"embeddable":true,"href":"https:\/\/www.iskreni.net\/trgovina\/wp-json\/wp\/v2\/comments?post=1196"}],"version-history":[{"count":4,"href":"https:\/\/www.iskreni.net\/trgovina\/wp-json\/wp\/v2\/product\/1196\/revisions"}],"predecessor-version":[{"id":72758,"href":"https:\/\/www.iskreni.net\/trgovina\/wp-json\/wp\/v2\/product\/1196\/revisions\/72758"}],"wp:featuredmedia":[{"embeddable":true,"href":"https:\/\/www.iskreni.net\/trgovina\/wp-json\/wp\/v2\/media\/1197"}],"wp:attachment":[{"href":"https:\/\/www.iskreni.net\/trgovina\/wp-json\/wp\/v2\/media?parent=1196"}],"wp:term":[{"taxonomy":"product_brand","embeddable":true,"href":"https:\/\/www.iskreni.net\/trgovina\/wp-json\/wp\/v2\/product_brand?post=1196"},{"taxonomy":"product_cat","embeddable":true,"href":"https:\/\/www.iskreni.net\/trgovina\/wp-json\/wp\/v2\/product_cat?post=1196"},{"taxonomy":"product_tag","embeddable":true,"href":"https:\/\/www.iskreni.net\/trgovina\/wp-json\/wp\/v2\/product_tag?post=1196"},{"taxonomy":"avtor","embeddable":true,"href":"https:\/\/www.iskreni.net\/trgovina\/wp-json\/wp\/v2\/avtor?post=1196"},{"taxonomy":"zalozba","embeddable":true,"href":"https:\/\/www.iskreni.net\/trgovina\/wp-json\/wp\/v2\/zalozba?post=1196"},{"taxonomy":"vezava","embeddable":true,"href":"https:\/\/www.iskreni.net\/trgovina\/wp-json\/wp\/v2\/vezava?post=1196"}],"curies":[{"name":"wp","href":"https:\/\/api.w.org\/{rel}","templated":true}]}}