{"id":1186,"date":"2016-10-24T14:14:03","date_gmt":"2016-10-24T12:14:03","guid":{"rendered":"http:\/\/rojstnidan.si\/?post_type=product&#038;p=1186"},"modified":"2023-10-18T13:45:31","modified_gmt":"2023-10-18T11:45:31","slug":"rahlocutno-starsevstvo","status":"publish","type":"product","link":"https:\/\/www.iskreni.net\/trgovina\/product\/rahlocutno-starsevstvo\/","title":{"rendered":"Rahlo\u010dutno star\u0161evstvo"},"content":{"rendered":"<h4>O knjigi Rahlo\u010dutno star\u0161evstvo<\/h4>\n<p>Pri\u010dujo\u010de delo obravnava poslanstvo star\u0161evstva in posku\u0161a\u00a0globlje zajeti ter tudi znanstveno predstaviti tiste vidike star\u0161evstva,\u00a0ki so klju\u010dnega pomena za otrokov optimalen razvoj.\u00a0Star\u0161evstvo namre\u010d ni le na\u010din vzgajanja, discipliniranja, komunikacije,\u00a0pa\u010d pa je globok in vzajemen odnos, v katerem se\u00a0razvijata oba, tako odrasli kot tudi otrok. Avtorica poudarja\u00a0klju\u010dne komponente, ki so v temelju tega odnosa: odzivnost\u00a0na otrokove potrebe, pro\u017enost, so\u010dutje, ugla\u0161enost ter vsakr\u0161no\u00a0odsotnost telesnega in psihi\u010dnega kaznovanja. Vse to so\u00a0komponente varnega star\u0161evstva, ki jih avtorica podrobneje\u00a0opredeljuje. Pri tem tudi opozarja na dejavnike tveganja, ki\u00a0velikokrat onemogo\u010dajo vzpostavitev in ohranjanje varnega\u00a0star\u0161evstva.<\/p>\n<p>Knjiga postavlja globlja relacijska izhodi\u0161\u010da za razumevanje\u00a0varnega star\u0161evstva. Avtorica z namenom izoblikovanja\u00a0koncepta \u00bbvarnega star\u0161evstva\u00ab najprej predstavlja teoreti\u010dno-analiti\u010dni pregled literature mlaj\u0161e zgodovine star\u0161evstva, nato\u00a0obravnava teme, kot so nevropsiholo\u0161ki razvoj otroka, medgeneracijski\u00a0prenos nasilja, nasilje nad otroki, telesna zloraba\u00a0in zanemarjanje otroka, telesno kaznovanje, nevropsiholo\u0161ki\u00a0vidik vpliva nasilja in zanemarjanja na otroka, obrnjene vloge\u00a0in mo\u017enost prekinitve medgeneracijskega prenosa nasilja.\u00a0\u0160ele v odsotnosti slednjih\u00a0je mogo\u010de govoriti o varnem star\u0161evstvu,\u00a0ki je utemeljeno na pozitivnem odraslem intimnem\u00a0odnosu, na stiku z lastnimi psihi\u010dnimi vsebinami in \u010dutenji\u00a0star\u0161ev, s sposobnostjo uspe\u0161nega soo\u010danja star\u0161ev s stresom,\u00a0odsotnostjo\u00a0telesnega kaznovanja, poni\u017eevanja in sramotenja.\u00a0Varno star\u0161evstvo gradijo odzivnost in pozornost do otroka,\u00a0rahlo\u010dutnost in so\u010dutje, pro\u017enost in zadovoljstvo. Predstavljena\u00a0je povezava med kvalitetnim partnerskim odnosom in varnim\u00a0star\u0161evstvom. Odpre tudi razmi\u0161ljanje, da je varno star\u0161evstvo mogo\u010de razumeti kot naravni prostor uresni\u010devanja bo\u017eje ljubezni, obenem pa kot prostor razvoja z izzivi in s prilo\u017enostjo za odre\u0161enje \u2013 predvsem odre\u0161enje od starih, bole\u010dih in patolo\u0161kih vzorcev delovanja.<\/p>\n<h4>O avtorici<\/h4>\n<p>Dr. Andreja Poljanec, spec. zakonske in dru\u017einske terapije, svojo strokovno pot posve\u010da predvsem raziskovanju star\u0161evstva ter \u0161irjenju ideje rahlo\u010dutnih in razvijajo\u010dih se odnosov v dru\u017eini, odnosu do sebe ter do drugih ljudi. Predava in pi\u0161e tako doma kot v tujini. Do sedaj je v soavtorstvu izdala dve knjigi: \u00bbRahlo\u010dutnost do otrok\u00ab ter \u00bbMed dvema ognjema\u00ab, posnela je sklop oddaj \u00bbSrce\u00ab, CD \u00bb6 poti do spro\u0161\u010denega star\u0161evstva\u00ab in video lekcije \u00bbRazvoj otrokovih mo\u017eganov\u00ab.<br \/>\nJe poro\u010dena in mamica petih otrok.<\/p>\n","protected":false},"excerpt":{"rendered":"<p>Leto izdaje: 2015<br \/>\n\u0160tevilo strani: 224<\/p>\n<p>&nbsp;<\/p>\n","protected":false},"featured_media":70041,"comment_status":"open","ping_status":"closed","template":"","meta":[],"product_brand":[247],"product_cat":[2323,63],"product_tag":[],"avtor":[2460],"zalozba":[2337],"vezava":[2307],"class_list":{"0":"post-1186","1":"product","2":"type-product","3":"status-publish","4":"has-post-thumbnail","6":"product_brand-mohorjeva-druzba","7":"product_cat-vzgoja","8":"product_cat-knjige","9":"avtor-andreja-poljanec","10":"zalozba-celjska-mohorjeva-druzba","11":"vezava-mehka","13":"first","14":"instock","15":"taxable","16":"shipping-taxable","17":"purchasable","18":"product-type-simple"},"yoast_head":"<!-- This site is optimized with the Yoast SEO plugin v26.3 - https:\/\/yoast.com\/wordpress\/plugins\/seo\/ -->\n<title>Rahlo\u010dutno star\u0161evstvo - Zavod Iskreni<\/title>\n<meta name=\"robots\" content=\"index, follow, max-snippet:-1, max-image-preview:large, max-video-preview:-1\" \/>\n<link rel=\"canonical\" href=\"https:\/\/www.iskreni.net\/trgovina\/product\/rahlocutno-starsevstvo\/\" \/>\n<meta property=\"og:locale\" content=\"sl_SI\" \/>\n<meta property=\"og:type\" content=\"article\" \/>\n<meta property=\"og:title\" content=\"Rahlo\u010dutno star\u0161evstvo\" \/>\n<meta property=\"og:description\" content=\"Leto izdaje: 2015 \u0160tevilo strani: 224  &nbsp;\" \/>\n<meta property=\"og:url\" content=\"https:\/\/www.iskreni.net\/trgovina\/product\/rahlocutno-starsevstvo\/\" \/>\n<meta property=\"og:site_name\" content=\"Zavod Iskreni\" \/>\n<meta property=\"article:modified_time\" content=\"2023-10-18T11:45:31+00:00\" \/>\n<meta property=\"og:image\" content=\"https:\/\/www.iskreni.net\/trgovina\/wp-content\/uploads\/2016\/10\/Slike-za-v-spletno-trgovino-37.jpg\" \/>\n\t<meta property=\"og:image:width\" content=\"600\" \/>\n\t<meta property=\"og:image:height\" content=\"600\" \/>\n\t<meta property=\"og:image:type\" content=\"image\/jpeg\" \/>\n<meta name=\"twitter:card\" content=\"summary_large_image\" \/>\n<meta name=\"twitter:label1\" content=\"Est. reading time\" \/>\n\t<meta name=\"twitter:data1\" content=\"2 minuti\" \/>\n<script type=\"application\/ld+json\" class=\"yoast-schema-graph\">{\"@context\":\"https:\/\/schema.org\",\"@graph\":[{\"@type\":\"WebPage\",\"@id\":\"https:\/\/www.iskreni.net\/trgovina\/product\/rahlocutno-starsevstvo\/\",\"url\":\"https:\/\/www.iskreni.net\/trgovina\/product\/rahlocutno-starsevstvo\/\",\"name\":\"Rahlo\u010dutno star\u0161evstvo - Zavod Iskreni\",\"isPartOf\":{\"@id\":\"https:\/\/www.iskreni.net\/trgovina\/#website\"},\"primaryImageOfPage\":{\"@id\":\"https:\/\/www.iskreni.net\/trgovina\/product\/rahlocutno-starsevstvo\/#primaryimage\"},\"image\":{\"@id\":\"https:\/\/www.iskreni.net\/trgovina\/product\/rahlocutno-starsevstvo\/#primaryimage\"},\"thumbnailUrl\":\"https:\/\/www.iskreni.net\/trgovina\/wp-content\/uploads\/2016\/10\/Slike-za-v-spletno-trgovino-37.jpg\",\"datePublished\":\"2016-10-24T12:14:03+00:00\",\"dateModified\":\"2023-10-18T11:45:31+00:00\",\"breadcrumb\":{\"@id\":\"https:\/\/www.iskreni.net\/trgovina\/product\/rahlocutno-starsevstvo\/#breadcrumb\"},\"inLanguage\":\"sl-SI\",\"potentialAction\":[{\"@type\":\"ReadAction\",\"target\":[\"https:\/\/www.iskreni.net\/trgovina\/product\/rahlocutno-starsevstvo\/\"]}]},{\"@type\":\"ImageObject\",\"inLanguage\":\"sl-SI\",\"@id\":\"https:\/\/www.iskreni.net\/trgovina\/product\/rahlocutno-starsevstvo\/#primaryimage\",\"url\":\"https:\/\/www.iskreni.net\/trgovina\/wp-content\/uploads\/2016\/10\/Slike-za-v-spletno-trgovino-37.jpg\",\"contentUrl\":\"https:\/\/www.iskreni.net\/trgovina\/wp-content\/uploads\/2016\/10\/Slike-za-v-spletno-trgovino-37.jpg\",\"width\":600,\"height\":600},{\"@type\":\"BreadcrumbList\",\"@id\":\"https:\/\/www.iskreni.net\/trgovina\/product\/rahlocutno-starsevstvo\/#breadcrumb\",\"itemListElement\":[{\"@type\":\"ListItem\",\"position\":1,\"name\":\"Home\",\"item\":\"https:\/\/www.iskreni.net\/trgovina\/\"},{\"@type\":\"ListItem\",\"position\":2,\"name\":\"Trgovina\",\"item\":\"https:\/\/www.iskreni.net\/trgovina\/trgovina\/\"},{\"@type\":\"ListItem\",\"position\":3,\"name\":\"Rahlo\u010dutno star\u0161evstvo\"}]},{\"@type\":\"WebSite\",\"@id\":\"https:\/\/www.iskreni.net\/trgovina\/#website\",\"url\":\"https:\/\/www.iskreni.net\/trgovina\/\",\"name\":\"Zavod Iskreni\",\"description\":\"trgovina\",\"potentialAction\":[{\"@type\":\"SearchAction\",\"target\":{\"@type\":\"EntryPoint\",\"urlTemplate\":\"https:\/\/www.iskreni.net\/trgovina\/?s={search_term_string}\"},\"query-input\":{\"@type\":\"PropertyValueSpecification\",\"valueRequired\":true,\"valueName\":\"search_term_string\"}}],\"inLanguage\":\"sl-SI\"}]}<\/script>\n<!-- \/ Yoast SEO plugin. -->","yoast_head_json":{"title":"Rahlo\u010dutno star\u0161evstvo - Zavod Iskreni","robots":{"index":"index","follow":"follow","max-snippet":"max-snippet:-1","max-image-preview":"max-image-preview:large","max-video-preview":"max-video-preview:-1"},"canonical":"https:\/\/www.iskreni.net\/trgovina\/product\/rahlocutno-starsevstvo\/","og_locale":"sl_SI","og_type":"article","og_title":"Rahlo\u010dutno star\u0161evstvo","og_description":"Leto izdaje: 2015 \u0160tevilo strani: 224  &nbsp;","og_url":"https:\/\/www.iskreni.net\/trgovina\/product\/rahlocutno-starsevstvo\/","og_site_name":"Zavod Iskreni","article_modified_time":"2023-10-18T11:45:31+00:00","og_image":[{"width":600,"height":600,"url":"https:\/\/www.iskreni.net\/trgovina\/wp-content\/uploads\/2016\/10\/Slike-za-v-spletno-trgovino-37.jpg","type":"image\/jpeg"}],"twitter_card":"summary_large_image","twitter_misc":{"Est. reading time":"2 minuti"},"schema":{"@context":"https:\/\/schema.org","@graph":[{"@type":"WebPage","@id":"https:\/\/www.iskreni.net\/trgovina\/product\/rahlocutno-starsevstvo\/","url":"https:\/\/www.iskreni.net\/trgovina\/product\/rahlocutno-starsevstvo\/","name":"Rahlo\u010dutno star\u0161evstvo - Zavod Iskreni","isPartOf":{"@id":"https:\/\/www.iskreni.net\/trgovina\/#website"},"primaryImageOfPage":{"@id":"https:\/\/www.iskreni.net\/trgovina\/product\/rahlocutno-starsevstvo\/#primaryimage"},"image":{"@id":"https:\/\/www.iskreni.net\/trgovina\/product\/rahlocutno-starsevstvo\/#primaryimage"},"thumbnailUrl":"https:\/\/www.iskreni.net\/trgovina\/wp-content\/uploads\/2016\/10\/Slike-za-v-spletno-trgovino-37.jpg","datePublished":"2016-10-24T12:14:03+00:00","dateModified":"2023-10-18T11:45:31+00:00","breadcrumb":{"@id":"https:\/\/www.iskreni.net\/trgovina\/product\/rahlocutno-starsevstvo\/#breadcrumb"},"inLanguage":"sl-SI","potentialAction":[{"@type":"ReadAction","target":["https:\/\/www.iskreni.net\/trgovina\/product\/rahlocutno-starsevstvo\/"]}]},{"@type":"ImageObject","inLanguage":"sl-SI","@id":"https:\/\/www.iskreni.net\/trgovina\/product\/rahlocutno-starsevstvo\/#primaryimage","url":"https:\/\/www.iskreni.net\/trgovina\/wp-content\/uploads\/2016\/10\/Slike-za-v-spletno-trgovino-37.jpg","contentUrl":"https:\/\/www.iskreni.net\/trgovina\/wp-content\/uploads\/2016\/10\/Slike-za-v-spletno-trgovino-37.jpg","width":600,"height":600},{"@type":"BreadcrumbList","@id":"https:\/\/www.iskreni.net\/trgovina\/product\/rahlocutno-starsevstvo\/#breadcrumb","itemListElement":[{"@type":"ListItem","position":1,"name":"Home","item":"https:\/\/www.iskreni.net\/trgovina\/"},{"@type":"ListItem","position":2,"name":"Trgovina","item":"https:\/\/www.iskreni.net\/trgovina\/trgovina\/"},{"@type":"ListItem","position":3,"name":"Rahlo\u010dutno star\u0161evstvo"}]},{"@type":"WebSite","@id":"https:\/\/www.iskreni.net\/trgovina\/#website","url":"https:\/\/www.iskreni.net\/trgovina\/","name":"Zavod Iskreni","description":"trgovina","potentialAction":[{"@type":"SearchAction","target":{"@type":"EntryPoint","urlTemplate":"https:\/\/www.iskreni.net\/trgovina\/?s={search_term_string}"},"query-input":{"@type":"PropertyValueSpecification","valueRequired":true,"valueName":"search_term_string"}}],"inLanguage":"sl-SI"}]}},"_links":{"self":[{"href":"https:\/\/www.iskreni.net\/trgovina\/wp-json\/wp\/v2\/product\/1186","targetHints":{"allow":["GET"]}}],"collection":[{"href":"https:\/\/www.iskreni.net\/trgovina\/wp-json\/wp\/v2\/product"}],"about":[{"href":"https:\/\/www.iskreni.net\/trgovina\/wp-json\/wp\/v2\/types\/product"}],"replies":[{"embeddable":true,"href":"https:\/\/www.iskreni.net\/trgovina\/wp-json\/wp\/v2\/comments?post=1186"}],"version-history":[{"count":3,"href":"https:\/\/www.iskreni.net\/trgovina\/wp-json\/wp\/v2\/product\/1186\/revisions"}],"predecessor-version":[{"id":70036,"href":"https:\/\/www.iskreni.net\/trgovina\/wp-json\/wp\/v2\/product\/1186\/revisions\/70036"}],"wp:featuredmedia":[{"embeddable":true,"href":"https:\/\/www.iskreni.net\/trgovina\/wp-json\/wp\/v2\/media\/70041"}],"wp:attachment":[{"href":"https:\/\/www.iskreni.net\/trgovina\/wp-json\/wp\/v2\/media?parent=1186"}],"wp:term":[{"taxonomy":"product_brand","embeddable":true,"href":"https:\/\/www.iskreni.net\/trgovina\/wp-json\/wp\/v2\/product_brand?post=1186"},{"taxonomy":"product_cat","embeddable":true,"href":"https:\/\/www.iskreni.net\/trgovina\/wp-json\/wp\/v2\/product_cat?post=1186"},{"taxonomy":"product_tag","embeddable":true,"href":"https:\/\/www.iskreni.net\/trgovina\/wp-json\/wp\/v2\/product_tag?post=1186"},{"taxonomy":"avtor","embeddable":true,"href":"https:\/\/www.iskreni.net\/trgovina\/wp-json\/wp\/v2\/avtor?post=1186"},{"taxonomy":"zalozba","embeddable":true,"href":"https:\/\/www.iskreni.net\/trgovina\/wp-json\/wp\/v2\/zalozba?post=1186"},{"taxonomy":"vezava","embeddable":true,"href":"https:\/\/www.iskreni.net\/trgovina\/wp-json\/wp\/v2\/vezava?post=1186"}],"curies":[{"name":"wp","href":"https:\/\/api.w.org\/{rel}","templated":true}]}}