{"id":1177,"date":"2016-10-21T16:38:08","date_gmt":"2016-10-21T14:38:08","guid":{"rendered":"http:\/\/rojstnidan.si\/?post_type=product&#038;p=1177"},"modified":"2024-01-18T15:04:51","modified_gmt":"2024-01-18T14:04:51","slug":"terezija-povej-nam-v-koga-verujes","status":"publish","type":"product","link":"https:\/\/www.iskreni.net\/trgovina\/product\/terezija-povej-nam-v-koga-verujes\/","title":{"rendered":"Terezija, povej nam, v koga veruje\u0161"},"content":{"rendered":"<h4>O knjigi <em>Terezija, povej nam, v koga veruje\u0161<\/em><\/h4>\n<p>Slikanica o \u017eivljenju svete Terezije Deteta Jezusa, male Terezije, ene najve\u010djih svetnic na\u0161ega \u010dasa. Za otroke od 4-10 let. Zelo lepo<strong> darilo za prvo sveto obhajilo.<\/strong><\/p>\n<p>Mala Terezija v tej slikanici otrokom pripoveduje zgodbo svojega \u017eivljenja. V njej opi\u0161e najpomembnej\u0161e etape svoje poklicanosti in bivanja v Karmelu. Razodene jim tudi duhovna spoznanja o mali poti zaupanja in ljubezni, ki vse od njene smrti navdihujejo mnoge kristjane po vsem svetu. V zgodbo so vklju\u010dene razli\u010dne ganljive in tudi zabavne prigode, po katerih nam velika svetnica ka\u017ee pot do nebes.<\/p>\n<p><em>\u201cSpoznala sem, da Bog ne more navdihniti neuresni\u010dljivih \u017eelja. \u010ceprav sem majhna, lahko postanem svetnica. Na\u0161la sem na\u010din, kako priti v nebesa po ravni, kratki poti, po \u010disto novi mali poti. V velikih hi\u0161ah se do vi\u0161jih nadstropij lahko povzpnemo z dvigalom. Dvigalo pa, ki nas bo dvignilo do nebes, so Jezusove roke!\u201d<\/em><\/p>\n<p>&nbsp;<\/p>\n<p>Mnenje o knjigi:\u00a0<a href=\"https:\/\/www.iskreni.net\/priblizati-velike-svetnike-majhnim-otrokom\/\">https:\/\/www.iskreni.net\/priblizati-velike-svetnike-majhnim-otrokom\/<\/a><\/p>\n","protected":false},"excerpt":{"rendered":"<div class=\"product-description\">\n<p><b>Ilustracije: <\/b>\u00c9ric Puybaret<br \/>\n<strong>Leto izdaje<\/strong>: 2015<br \/>\n<strong>\u0160tevilo strani:<\/strong> 48<\/p>\n<div class=\"product_meta\"><\/div>\n<p>&nbsp;<\/p>\n<\/div>\n","protected":false},"featured_media":1178,"comment_status":"open","ping_status":"closed","template":"","meta":[],"product_brand":[255],"product_cat":[63,135],"product_tag":[2303,1619],"avtor":[2601],"zalozba":[2335],"vezava":[2306],"class_list":{"0":"post-1177","1":"product","2":"type-product","3":"status-publish","4":"has-post-thumbnail","6":"product_brand-zalozba-emanuel","7":"product_cat-knjige","8":"product_cat-za-otroke","9":"product_tag-obhajilo","10":"product_tag-svetniki","11":"avtor-benedicte-delelis","12":"zalozba-zalozba-emanuel","13":"vezava-trda","15":"first","16":"instock","17":"taxable","18":"shipping-taxable","19":"purchasable","20":"product-type-simple"},"yoast_head":"<!-- This site is optimized with the Yoast SEO plugin v26.3 - https:\/\/yoast.com\/wordpress\/plugins\/seo\/ -->\n<title>Terezija, povej nam, v koga veruje\u0161 - Zavod Iskreni<\/title>\n<meta name=\"description\" content=\"Terezija, povej nam, v koga veruje\u0161 je slikanica o \u017eivljenju svete Terezije Deteta Jezusa, bolj znane kot mala Terezija.\" \/>\n<meta name=\"robots\" content=\"index, follow, max-snippet:-1, max-image-preview:large, max-video-preview:-1\" \/>\n<link rel=\"canonical\" href=\"https:\/\/www.iskreni.net\/trgovina\/product\/terezija-povej-nam-v-koga-verujes\/\" \/>\n<meta property=\"og:locale\" content=\"sl_SI\" \/>\n<meta property=\"og:type\" content=\"article\" \/>\n<meta property=\"og:title\" content=\"Terezija, povej nam, v koga veruje\u0161\" \/>\n<meta property=\"og:description\" content=\"Terezija, povej nam, v koga veruje\u0161 je slikanica o \u017eivljenju svete Terezije Deteta Jezusa, bolj znane kot mala Terezija.\" \/>\n<meta property=\"og:url\" content=\"https:\/\/www.iskreni.net\/trgovina\/product\/terezija-povej-nam-v-koga-verujes\/\" \/>\n<meta property=\"og:site_name\" content=\"Zavod Iskreni\" \/>\n<meta property=\"article:modified_time\" content=\"2024-01-18T14:04:51+00:00\" \/>\n<meta property=\"og:image\" content=\"https:\/\/www.iskreni.net\/trgovina\/wp-content\/uploads\/2016\/10\/Terezija-povej-nam-v-koga-veruje\u0161-e1446658987676.jpg\" \/>\n\t<meta property=\"og:image:width\" content=\"809\" \/>\n\t<meta property=\"og:image:height\" content=\"900\" \/>\n\t<meta property=\"og:image:type\" content=\"image\/jpeg\" \/>\n<meta name=\"twitter:card\" content=\"summary_large_image\" \/>\n<meta name=\"twitter:label1\" content=\"Est. reading time\" \/>\n\t<meta name=\"twitter:data1\" content=\"1 minuta\" \/>\n<script type=\"application\/ld+json\" class=\"yoast-schema-graph\">{\"@context\":\"https:\/\/schema.org\",\"@graph\":[{\"@type\":\"WebPage\",\"@id\":\"https:\/\/www.iskreni.net\/trgovina\/product\/terezija-povej-nam-v-koga-verujes\/\",\"url\":\"https:\/\/www.iskreni.net\/trgovina\/product\/terezija-povej-nam-v-koga-verujes\/\",\"name\":\"Terezija, povej nam, v koga veruje\u0161 - Zavod Iskreni\",\"isPartOf\":{\"@id\":\"https:\/\/www.iskreni.net\/trgovina\/#website\"},\"primaryImageOfPage\":{\"@id\":\"https:\/\/www.iskreni.net\/trgovina\/product\/terezija-povej-nam-v-koga-verujes\/#primaryimage\"},\"image\":{\"@id\":\"https:\/\/www.iskreni.net\/trgovina\/product\/terezija-povej-nam-v-koga-verujes\/#primaryimage\"},\"thumbnailUrl\":\"https:\/\/www.iskreni.net\/trgovina\/wp-content\/uploads\/2016\/10\/Terezija-povej-nam-v-koga-veruje\u0161-e1446658987676.jpg\",\"datePublished\":\"2016-10-21T14:38:08+00:00\",\"dateModified\":\"2024-01-18T14:04:51+00:00\",\"description\":\"Terezija, povej nam, v koga veruje\u0161 je slikanica o \u017eivljenju svete Terezije Deteta Jezusa, bolj znane kot mala Terezija.\",\"breadcrumb\":{\"@id\":\"https:\/\/www.iskreni.net\/trgovina\/product\/terezija-povej-nam-v-koga-verujes\/#breadcrumb\"},\"inLanguage\":\"sl-SI\",\"potentialAction\":[{\"@type\":\"ReadAction\",\"target\":[\"https:\/\/www.iskreni.net\/trgovina\/product\/terezija-povej-nam-v-koga-verujes\/\"]}]},{\"@type\":\"ImageObject\",\"inLanguage\":\"sl-SI\",\"@id\":\"https:\/\/www.iskreni.net\/trgovina\/product\/terezija-povej-nam-v-koga-verujes\/#primaryimage\",\"url\":\"https:\/\/www.iskreni.net\/trgovina\/wp-content\/uploads\/2016\/10\/Terezija-povej-nam-v-koga-veruje\u0161-e1446658987676.jpg\",\"contentUrl\":\"https:\/\/www.iskreni.net\/trgovina\/wp-content\/uploads\/2016\/10\/Terezija-povej-nam-v-koga-veruje\u0161-e1446658987676.jpg\",\"width\":809,\"height\":900},{\"@type\":\"BreadcrumbList\",\"@id\":\"https:\/\/www.iskreni.net\/trgovina\/product\/terezija-povej-nam-v-koga-verujes\/#breadcrumb\",\"itemListElement\":[{\"@type\":\"ListItem\",\"position\":1,\"name\":\"Home\",\"item\":\"https:\/\/www.iskreni.net\/trgovina\/\"},{\"@type\":\"ListItem\",\"position\":2,\"name\":\"Trgovina\",\"item\":\"https:\/\/www.iskreni.net\/trgovina\/trgovina\/\"},{\"@type\":\"ListItem\",\"position\":3,\"name\":\"Terezija, povej nam, v koga veruje\u0161\"}]},{\"@type\":\"WebSite\",\"@id\":\"https:\/\/www.iskreni.net\/trgovina\/#website\",\"url\":\"https:\/\/www.iskreni.net\/trgovina\/\",\"name\":\"Zavod Iskreni\",\"description\":\"trgovina\",\"potentialAction\":[{\"@type\":\"SearchAction\",\"target\":{\"@type\":\"EntryPoint\",\"urlTemplate\":\"https:\/\/www.iskreni.net\/trgovina\/?s={search_term_string}\"},\"query-input\":{\"@type\":\"PropertyValueSpecification\",\"valueRequired\":true,\"valueName\":\"search_term_string\"}}],\"inLanguage\":\"sl-SI\"}]}<\/script>\n<!-- \/ Yoast SEO plugin. -->","yoast_head_json":{"title":"Terezija, povej nam, v koga veruje\u0161 - Zavod Iskreni","description":"Terezija, povej nam, v koga veruje\u0161 je slikanica o \u017eivljenju svete Terezije Deteta Jezusa, bolj znane kot mala Terezija.","robots":{"index":"index","follow":"follow","max-snippet":"max-snippet:-1","max-image-preview":"max-image-preview:large","max-video-preview":"max-video-preview:-1"},"canonical":"https:\/\/www.iskreni.net\/trgovina\/product\/terezija-povej-nam-v-koga-verujes\/","og_locale":"sl_SI","og_type":"article","og_title":"Terezija, povej nam, v koga veruje\u0161","og_description":"Terezija, povej nam, v koga veruje\u0161 je slikanica o \u017eivljenju svete Terezije Deteta Jezusa, bolj znane kot mala Terezija.","og_url":"https:\/\/www.iskreni.net\/trgovina\/product\/terezija-povej-nam-v-koga-verujes\/","og_site_name":"Zavod Iskreni","article_modified_time":"2024-01-18T14:04:51+00:00","og_image":[{"width":809,"height":900,"url":"https:\/\/www.iskreni.net\/trgovina\/wp-content\/uploads\/2016\/10\/Terezija-povej-nam-v-koga-veruje\u0161-e1446658987676.jpg","type":"image\/jpeg"}],"twitter_card":"summary_large_image","twitter_misc":{"Est. reading time":"1 minuta"},"schema":{"@context":"https:\/\/schema.org","@graph":[{"@type":"WebPage","@id":"https:\/\/www.iskreni.net\/trgovina\/product\/terezija-povej-nam-v-koga-verujes\/","url":"https:\/\/www.iskreni.net\/trgovina\/product\/terezija-povej-nam-v-koga-verujes\/","name":"Terezija, povej nam, v koga veruje\u0161 - Zavod Iskreni","isPartOf":{"@id":"https:\/\/www.iskreni.net\/trgovina\/#website"},"primaryImageOfPage":{"@id":"https:\/\/www.iskreni.net\/trgovina\/product\/terezija-povej-nam-v-koga-verujes\/#primaryimage"},"image":{"@id":"https:\/\/www.iskreni.net\/trgovina\/product\/terezija-povej-nam-v-koga-verujes\/#primaryimage"},"thumbnailUrl":"https:\/\/www.iskreni.net\/trgovina\/wp-content\/uploads\/2016\/10\/Terezija-povej-nam-v-koga-veruje\u0161-e1446658987676.jpg","datePublished":"2016-10-21T14:38:08+00:00","dateModified":"2024-01-18T14:04:51+00:00","description":"Terezija, povej nam, v koga veruje\u0161 je slikanica o \u017eivljenju svete Terezije Deteta Jezusa, bolj znane kot mala Terezija.","breadcrumb":{"@id":"https:\/\/www.iskreni.net\/trgovina\/product\/terezija-povej-nam-v-koga-verujes\/#breadcrumb"},"inLanguage":"sl-SI","potentialAction":[{"@type":"ReadAction","target":["https:\/\/www.iskreni.net\/trgovina\/product\/terezija-povej-nam-v-koga-verujes\/"]}]},{"@type":"ImageObject","inLanguage":"sl-SI","@id":"https:\/\/www.iskreni.net\/trgovina\/product\/terezija-povej-nam-v-koga-verujes\/#primaryimage","url":"https:\/\/www.iskreni.net\/trgovina\/wp-content\/uploads\/2016\/10\/Terezija-povej-nam-v-koga-veruje\u0161-e1446658987676.jpg","contentUrl":"https:\/\/www.iskreni.net\/trgovina\/wp-content\/uploads\/2016\/10\/Terezija-povej-nam-v-koga-veruje\u0161-e1446658987676.jpg","width":809,"height":900},{"@type":"BreadcrumbList","@id":"https:\/\/www.iskreni.net\/trgovina\/product\/terezija-povej-nam-v-koga-verujes\/#breadcrumb","itemListElement":[{"@type":"ListItem","position":1,"name":"Home","item":"https:\/\/www.iskreni.net\/trgovina\/"},{"@type":"ListItem","position":2,"name":"Trgovina","item":"https:\/\/www.iskreni.net\/trgovina\/trgovina\/"},{"@type":"ListItem","position":3,"name":"Terezija, povej nam, v koga veruje\u0161"}]},{"@type":"WebSite","@id":"https:\/\/www.iskreni.net\/trgovina\/#website","url":"https:\/\/www.iskreni.net\/trgovina\/","name":"Zavod Iskreni","description":"trgovina","potentialAction":[{"@type":"SearchAction","target":{"@type":"EntryPoint","urlTemplate":"https:\/\/www.iskreni.net\/trgovina\/?s={search_term_string}"},"query-input":{"@type":"PropertyValueSpecification","valueRequired":true,"valueName":"search_term_string"}}],"inLanguage":"sl-SI"}]}},"_links":{"self":[{"href":"https:\/\/www.iskreni.net\/trgovina\/wp-json\/wp\/v2\/product\/1177","targetHints":{"allow":["GET"]}}],"collection":[{"href":"https:\/\/www.iskreni.net\/trgovina\/wp-json\/wp\/v2\/product"}],"about":[{"href":"https:\/\/www.iskreni.net\/trgovina\/wp-json\/wp\/v2\/types\/product"}],"replies":[{"embeddable":true,"href":"https:\/\/www.iskreni.net\/trgovina\/wp-json\/wp\/v2\/comments?post=1177"}],"version-history":[{"count":6,"href":"https:\/\/www.iskreni.net\/trgovina\/wp-json\/wp\/v2\/product\/1177\/revisions"}],"predecessor-version":[{"id":72760,"href":"https:\/\/www.iskreni.net\/trgovina\/wp-json\/wp\/v2\/product\/1177\/revisions\/72760"}],"wp:featuredmedia":[{"embeddable":true,"href":"https:\/\/www.iskreni.net\/trgovina\/wp-json\/wp\/v2\/media\/1178"}],"wp:attachment":[{"href":"https:\/\/www.iskreni.net\/trgovina\/wp-json\/wp\/v2\/media?parent=1177"}],"wp:term":[{"taxonomy":"product_brand","embeddable":true,"href":"https:\/\/www.iskreni.net\/trgovina\/wp-json\/wp\/v2\/product_brand?post=1177"},{"taxonomy":"product_cat","embeddable":true,"href":"https:\/\/www.iskreni.net\/trgovina\/wp-json\/wp\/v2\/product_cat?post=1177"},{"taxonomy":"product_tag","embeddable":true,"href":"https:\/\/www.iskreni.net\/trgovina\/wp-json\/wp\/v2\/product_tag?post=1177"},{"taxonomy":"avtor","embeddable":true,"href":"https:\/\/www.iskreni.net\/trgovina\/wp-json\/wp\/v2\/avtor?post=1177"},{"taxonomy":"zalozba","embeddable":true,"href":"https:\/\/www.iskreni.net\/trgovina\/wp-json\/wp\/v2\/zalozba?post=1177"},{"taxonomy":"vezava","embeddable":true,"href":"https:\/\/www.iskreni.net\/trgovina\/wp-json\/wp\/v2\/vezava?post=1177"}],"curies":[{"name":"wp","href":"https:\/\/api.w.org\/{rel}","templated":true}]}}