{"id":11463,"date":"2019-10-30T22:24:28","date_gmt":"2019-10-30T21:24:28","guid":{"rendered":"https:\/\/www.iskreni.net\/trgovina\/?post_type=product&#038;p=11463"},"modified":"2021-11-03T14:30:15","modified_gmt":"2021-11-03T13:30:15","slug":"individualna-partnerska-in-druzinska-terapija","status":"publish","type":"product","link":"https:\/\/www.iskreni.net\/trgovina\/product\/individualna-partnerska-in-druzinska-terapija\/","title":{"rendered":"Individualna, partnerska in dru\u017einska terapija"},"content":{"rendered":"","protected":false},"excerpt":{"rendered":"<p>S pomo\u010djo terapije posameznik pridobi bolj\u0161i stik s svojim notranjim svetom kot tudi s svojim telesom. Odkriva vzroke nezadovoljstva s seboj ali odnosi, morebitne zasvojenosti, osebnostne motnje, posledice nasilja in zlorab, travm ali drugih \u017eivljenjskih preizku\u0161enj. U\u010di se ozave\u0161\u010dati in ubesediti svoja \u010dutenja, pri\u010dakovanja, najgloblja hrepenenja, pa tudi strahove in stiske. I\u0161\u010de tudi bolj u\u010dinkovite\u00a0na\u010dine soo\u010danja s stresnimi situacijami.\u00a0Tako se odpira pot za bolj osre\u010dujo\u010de odnose in komunikacijo z bli\u017enjimi ter ve\u010dji notranji mir.<\/p>\n<p>Uvodno sre\u010danje je obvezno, saj se boste takrat s terapevtko dogovorili o vseh podrobnostih nadaljnjega terapevtskega procesa. Za termin uvodnega sre\u010danja se boste po prijavi in pla\u010dilu dogovorili skupaj s terapevtko.<\/p>\n","protected":false},"featured_media":0,"comment_status":"open","ping_status":"closed","template":"","meta":[],"product_brand":[],"product_cat":[1184],"product_tag":[],"avtor":[],"zalozba":[],"vezava":[],"class_list":{"0":"post-11463","1":"product","2":"type-product","3":"status-publish","5":"product_cat-programi","6":"wcpa_has_options","8":"first","9":"instock","10":"sold-individually","11":"taxable","12":"shipping-taxable","13":"purchasable","14":"product-type-variable"},"yoast_head":"<!-- This site is optimized with the Yoast SEO plugin v26.3 - https:\/\/yoast.com\/wordpress\/plugins\/seo\/ -->\n<title>Individualna, partnerska in dru\u017einska terapija - Zavod Iskreni<\/title>\n<meta name=\"robots\" content=\"index, follow, max-snippet:-1, max-image-preview:large, max-video-preview:-1\" \/>\n<link rel=\"canonical\" href=\"https:\/\/www.iskreni.net\/trgovina\/product\/individualna-partnerska-in-druzinska-terapija\/\" \/>\n<meta property=\"og:locale\" content=\"sl_SI\" \/>\n<meta property=\"og:type\" content=\"article\" \/>\n<meta property=\"og:title\" content=\"Individualna, partnerska in dru\u017einska terapija - Zavod Iskreni\" \/>\n<meta property=\"og:description\" content=\"S pomo\u010djo terapije posameznik pridobi bolj\u0161i stik s svojim notranjim svetom kot tudi s svojim telesom. Odkriva vzroke nezadovoljstva s seboj ali odnosi, morebitne zasvojenosti, osebnostne motnje, posledice nasilja in zlorab, travm ali drugih \u017eivljenjskih preizku\u0161enj. U\u010di se ozave\u0161\u010dati in ubesediti svoja \u010dutenja, pri\u010dakovanja, najgloblja hrepenenja, pa tudi strahove in stiske. I\u0161\u010de tudi bolj u\u010dinkovite\u00a0na\u010dine soo\u010danja s stresnimi situacijami.\u00a0Tako se odpira pot za bolj osre\u010dujo\u010de odnose in komunikacijo z bli\u017enjimi ter ve\u010dji notranji mir.  Uvodno sre\u010danje je obvezno, saj se boste takrat s terapevtko dogovorili o vseh podrobnostih nadaljnjega terapevtskega procesa. Za termin uvodnega sre\u010danja se boste po prijavi in pla\u010dilu dogovorili skupaj s terapevtko.\" \/>\n<meta property=\"og:url\" content=\"https:\/\/www.iskreni.net\/trgovina\/product\/individualna-partnerska-in-druzinska-terapija\/\" \/>\n<meta property=\"og:site_name\" content=\"Zavod Iskreni\" \/>\n<meta property=\"article:modified_time\" content=\"2021-11-03T13:30:15+00:00\" \/>\n<meta name=\"twitter:card\" content=\"summary_large_image\" \/>\n<script type=\"application\/ld+json\" class=\"yoast-schema-graph\">{\"@context\":\"https:\/\/schema.org\",\"@graph\":[{\"@type\":\"WebPage\",\"@id\":\"https:\/\/www.iskreni.net\/trgovina\/product\/individualna-partnerska-in-druzinska-terapija\/\",\"url\":\"https:\/\/www.iskreni.net\/trgovina\/product\/individualna-partnerska-in-druzinska-terapija\/\",\"name\":\"Individualna, partnerska in dru\u017einska terapija - Zavod Iskreni\",\"isPartOf\":{\"@id\":\"https:\/\/www.iskreni.net\/trgovina\/#website\"},\"datePublished\":\"2019-10-30T21:24:28+00:00\",\"dateModified\":\"2021-11-03T13:30:15+00:00\",\"breadcrumb\":{\"@id\":\"https:\/\/www.iskreni.net\/trgovina\/product\/individualna-partnerska-in-druzinska-terapija\/#breadcrumb\"},\"inLanguage\":\"sl-SI\",\"potentialAction\":[{\"@type\":\"ReadAction\",\"target\":[\"https:\/\/www.iskreni.net\/trgovina\/product\/individualna-partnerska-in-druzinska-terapija\/\"]}]},{\"@type\":\"BreadcrumbList\",\"@id\":\"https:\/\/www.iskreni.net\/trgovina\/product\/individualna-partnerska-in-druzinska-terapija\/#breadcrumb\",\"itemListElement\":[{\"@type\":\"ListItem\",\"position\":1,\"name\":\"Home\",\"item\":\"https:\/\/www.iskreni.net\/trgovina\/\"},{\"@type\":\"ListItem\",\"position\":2,\"name\":\"Trgovina\",\"item\":\"https:\/\/www.iskreni.net\/trgovina\/trgovina\/\"},{\"@type\":\"ListItem\",\"position\":3,\"name\":\"Individualna, partnerska in dru\u017einska terapija\"}]},{\"@type\":\"WebSite\",\"@id\":\"https:\/\/www.iskreni.net\/trgovina\/#website\",\"url\":\"https:\/\/www.iskreni.net\/trgovina\/\",\"name\":\"Zavod Iskreni\",\"description\":\"trgovina\",\"potentialAction\":[{\"@type\":\"SearchAction\",\"target\":{\"@type\":\"EntryPoint\",\"urlTemplate\":\"https:\/\/www.iskreni.net\/trgovina\/?s={search_term_string}\"},\"query-input\":{\"@type\":\"PropertyValueSpecification\",\"valueRequired\":true,\"valueName\":\"search_term_string\"}}],\"inLanguage\":\"sl-SI\"}]}<\/script>\n<!-- \/ Yoast SEO plugin. -->","yoast_head_json":{"title":"Individualna, partnerska in dru\u017einska terapija - Zavod Iskreni","robots":{"index":"index","follow":"follow","max-snippet":"max-snippet:-1","max-image-preview":"max-image-preview:large","max-video-preview":"max-video-preview:-1"},"canonical":"https:\/\/www.iskreni.net\/trgovina\/product\/individualna-partnerska-in-druzinska-terapija\/","og_locale":"sl_SI","og_type":"article","og_title":"Individualna, partnerska in dru\u017einska terapija - Zavod Iskreni","og_description":"S pomo\u010djo terapije posameznik pridobi bolj\u0161i stik s svojim notranjim svetom kot tudi s svojim telesom. Odkriva vzroke nezadovoljstva s seboj ali odnosi, morebitne zasvojenosti, osebnostne motnje, posledice nasilja in zlorab, travm ali drugih \u017eivljenjskih preizku\u0161enj. U\u010di se ozave\u0161\u010dati in ubesediti svoja \u010dutenja, pri\u010dakovanja, najgloblja hrepenenja, pa tudi strahove in stiske. I\u0161\u010de tudi bolj u\u010dinkovite\u00a0na\u010dine soo\u010danja s stresnimi situacijami.\u00a0Tako se odpira pot za bolj osre\u010dujo\u010de odnose in komunikacijo z bli\u017enjimi ter ve\u010dji notranji mir.  Uvodno sre\u010danje je obvezno, saj se boste takrat s terapevtko dogovorili o vseh podrobnostih nadaljnjega terapevtskega procesa. Za termin uvodnega sre\u010danja se boste po prijavi in pla\u010dilu dogovorili skupaj s terapevtko.","og_url":"https:\/\/www.iskreni.net\/trgovina\/product\/individualna-partnerska-in-druzinska-terapija\/","og_site_name":"Zavod Iskreni","article_modified_time":"2021-11-03T13:30:15+00:00","twitter_card":"summary_large_image","schema":{"@context":"https:\/\/schema.org","@graph":[{"@type":"WebPage","@id":"https:\/\/www.iskreni.net\/trgovina\/product\/individualna-partnerska-in-druzinska-terapija\/","url":"https:\/\/www.iskreni.net\/trgovina\/product\/individualna-partnerska-in-druzinska-terapija\/","name":"Individualna, partnerska in dru\u017einska terapija - Zavod Iskreni","isPartOf":{"@id":"https:\/\/www.iskreni.net\/trgovina\/#website"},"datePublished":"2019-10-30T21:24:28+00:00","dateModified":"2021-11-03T13:30:15+00:00","breadcrumb":{"@id":"https:\/\/www.iskreni.net\/trgovina\/product\/individualna-partnerska-in-druzinska-terapija\/#breadcrumb"},"inLanguage":"sl-SI","potentialAction":[{"@type":"ReadAction","target":["https:\/\/www.iskreni.net\/trgovina\/product\/individualna-partnerska-in-druzinska-terapija\/"]}]},{"@type":"BreadcrumbList","@id":"https:\/\/www.iskreni.net\/trgovina\/product\/individualna-partnerska-in-druzinska-terapija\/#breadcrumb","itemListElement":[{"@type":"ListItem","position":1,"name":"Home","item":"https:\/\/www.iskreni.net\/trgovina\/"},{"@type":"ListItem","position":2,"name":"Trgovina","item":"https:\/\/www.iskreni.net\/trgovina\/trgovina\/"},{"@type":"ListItem","position":3,"name":"Individualna, partnerska in dru\u017einska terapija"}]},{"@type":"WebSite","@id":"https:\/\/www.iskreni.net\/trgovina\/#website","url":"https:\/\/www.iskreni.net\/trgovina\/","name":"Zavod Iskreni","description":"trgovina","potentialAction":[{"@type":"SearchAction","target":{"@type":"EntryPoint","urlTemplate":"https:\/\/www.iskreni.net\/trgovina\/?s={search_term_string}"},"query-input":{"@type":"PropertyValueSpecification","valueRequired":true,"valueName":"search_term_string"}}],"inLanguage":"sl-SI"}]}},"_links":{"self":[{"href":"https:\/\/www.iskreni.net\/trgovina\/wp-json\/wp\/v2\/product\/11463","targetHints":{"allow":["GET"]}}],"collection":[{"href":"https:\/\/www.iskreni.net\/trgovina\/wp-json\/wp\/v2\/product"}],"about":[{"href":"https:\/\/www.iskreni.net\/trgovina\/wp-json\/wp\/v2\/types\/product"}],"replies":[{"embeddable":true,"href":"https:\/\/www.iskreni.net\/trgovina\/wp-json\/wp\/v2\/comments?post=11463"}],"version-history":[{"count":2,"href":"https:\/\/www.iskreni.net\/trgovina\/wp-json\/wp\/v2\/product\/11463\/revisions"}],"predecessor-version":[{"id":46929,"href":"https:\/\/www.iskreni.net\/trgovina\/wp-json\/wp\/v2\/product\/11463\/revisions\/46929"}],"wp:attachment":[{"href":"https:\/\/www.iskreni.net\/trgovina\/wp-json\/wp\/v2\/media?parent=11463"}],"wp:term":[{"taxonomy":"product_brand","embeddable":true,"href":"https:\/\/www.iskreni.net\/trgovina\/wp-json\/wp\/v2\/product_brand?post=11463"},{"taxonomy":"product_cat","embeddable":true,"href":"https:\/\/www.iskreni.net\/trgovina\/wp-json\/wp\/v2\/product_cat?post=11463"},{"taxonomy":"product_tag","embeddable":true,"href":"https:\/\/www.iskreni.net\/trgovina\/wp-json\/wp\/v2\/product_tag?post=11463"},{"taxonomy":"avtor","embeddable":true,"href":"https:\/\/www.iskreni.net\/trgovina\/wp-json\/wp\/v2\/avtor?post=11463"},{"taxonomy":"zalozba","embeddable":true,"href":"https:\/\/www.iskreni.net\/trgovina\/wp-json\/wp\/v2\/zalozba?post=11463"},{"taxonomy":"vezava","embeddable":true,"href":"https:\/\/www.iskreni.net\/trgovina\/wp-json\/wp\/v2\/vezava?post=11463"}],"curies":[{"name":"wp","href":"https:\/\/api.w.org\/{rel}","templated":true}]}}