{"id":11446,"date":"2019-10-30T21:23:32","date_gmt":"2019-10-30T20:23:32","guid":{"rendered":"https:\/\/www.iskreni.net\/trgovina\/?post_type=product&#038;p=11446"},"modified":"2020-10-31T07:43:26","modified_gmt":"2020-10-31T06:43:26","slug":"kako-biti-otroku-socuten-in-odlocen-stars","status":"publish","type":"product","link":"https:\/\/www.iskreni.net\/trgovina\/product\/kako-biti-otroku-socuten-in-odlocen-stars\/","title":{"rendered":"Kako biti otroku so\u010duten in odlo\u010den star\u0161?"},"content":{"rendered":"","protected":false},"excerpt":{"rendered":"<p style=\"text-align: left;\"><em>Seminar za star\u0161e otrok od rojstva do 10. leta starosti.<\/em><\/p>\n<p style=\"text-align: left;\">Otroci nas v vsem posnemajo. Tudi v vedenju do sebe in drugih. \u010ce imamo otroka radi in se na njegove potrebe odzivamo prijazno in so\u010dutno ter mu zrcalimo njegova do\u017eivljanja, se bo otrok nau\u010dil, da je vreden spo\u0161tovanja, prepoznal bo svoje lastne potrebe ter razvil\u00a0sposobnost zaznavanja \u010dustev, misli in meja drugega. Ko star\u0161 pri sebi prepozna, kaj ga vznemirja in ga spravi v stisko, kdaj in zakaj se pojavijo dolo\u010deni ob\u010dutki ob otroku, lahko bolj samozavestno in mirno\u00a0predstavi svoja pri\u010dakovanja ter otroku postavi meje.<\/p>\n<p style=\"text-align: left;\">Na seminarju bomo skupaj odkrivali lepote in stiske materinstva in o\u010detovstva ter se spra\u0161evali o otrokovih razvojnih potrebah, saj si \u017eelimo, da bi bil otrok varno navezan in bi postal vedno bolj odgovoren in samostojen.<\/p>\n","protected":false},"featured_media":0,"comment_status":"open","ping_status":"closed","template":"","meta":[],"product_brand":[],"product_cat":[1184],"product_tag":[],"avtor":[],"zalozba":[],"vezava":[],"class_list":{"0":"post-11446","1":"product","2":"type-product","3":"status-publish","5":"product_cat-programi","6":"wcpa_has_options","8":"first","9":"instock","10":"sold-individually","11":"taxable","12":"shipping-taxable","13":"purchasable","14":"product-type-variable"},"yoast_head":"<!-- This site is optimized with the Yoast SEO plugin v26.3 - https:\/\/yoast.com\/wordpress\/plugins\/seo\/ -->\n<title>Kako biti otroku so\u010duten in odlo\u010den star\u0161? - Zavod Iskreni<\/title>\n<meta name=\"robots\" content=\"index, follow, max-snippet:-1, max-image-preview:large, max-video-preview:-1\" \/>\n<link rel=\"canonical\" href=\"https:\/\/www.iskreni.net\/trgovina\/product\/kako-biti-otroku-socuten-in-odlocen-stars\/\" \/>\n<meta property=\"og:locale\" content=\"sl_SI\" \/>\n<meta property=\"og:type\" content=\"article\" \/>\n<meta property=\"og:title\" content=\"Kako biti otroku so\u010duten in odlo\u010den star\u0161? - Zavod Iskreni\" \/>\n<meta property=\"og:description\" content=\"Seminar za star\u0161e otrok od rojstva do 10. leta starosti. Otroci nas v vsem posnemajo. Tudi v vedenju do sebe in drugih. \u010ce imamo otroka radi in se na njegove potrebe odzivamo prijazno in so\u010dutno ter mu zrcalimo njegova do\u017eivljanja, se bo otrok nau\u010dil, da je vreden spo\u0161tovanja, prepoznal bo svoje lastne potrebe ter razvil\u00a0sposobnost zaznavanja \u010dustev, misli in meja drugega. Ko star\u0161 pri sebi prepozna, kaj ga vznemirja in ga spravi v stisko, kdaj in zakaj se pojavijo dolo\u010deni ob\u010dutki ob otroku, lahko bolj samozavestno in mirno\u00a0predstavi svoja pri\u010dakovanja ter otroku postavi meje. Na seminarju bomo skupaj odkrivali lepote in stiske materinstva in o\u010detovstva ter se spra\u0161evali o otrokovih razvojnih potrebah, saj si \u017eelimo, da bi bil otrok varno navezan in bi postal vedno bolj odgovoren in samostojen.\" \/>\n<meta property=\"og:url\" content=\"https:\/\/www.iskreni.net\/trgovina\/product\/kako-biti-otroku-socuten-in-odlocen-stars\/\" \/>\n<meta property=\"og:site_name\" content=\"Zavod Iskreni\" \/>\n<meta property=\"article:modified_time\" content=\"2020-10-31T06:43:26+00:00\" \/>\n<meta name=\"twitter:card\" content=\"summary_large_image\" \/>\n<script type=\"application\/ld+json\" class=\"yoast-schema-graph\">{\"@context\":\"https:\/\/schema.org\",\"@graph\":[{\"@type\":\"WebPage\",\"@id\":\"https:\/\/www.iskreni.net\/trgovina\/product\/kako-biti-otroku-socuten-in-odlocen-stars\/\",\"url\":\"https:\/\/www.iskreni.net\/trgovina\/product\/kako-biti-otroku-socuten-in-odlocen-stars\/\",\"name\":\"Kako biti otroku so\u010duten in odlo\u010den star\u0161? - Zavod Iskreni\",\"isPartOf\":{\"@id\":\"https:\/\/www.iskreni.net\/trgovina\/#website\"},\"datePublished\":\"2019-10-30T20:23:32+00:00\",\"dateModified\":\"2020-10-31T06:43:26+00:00\",\"breadcrumb\":{\"@id\":\"https:\/\/www.iskreni.net\/trgovina\/product\/kako-biti-otroku-socuten-in-odlocen-stars\/#breadcrumb\"},\"inLanguage\":\"sl-SI\",\"potentialAction\":[{\"@type\":\"ReadAction\",\"target\":[\"https:\/\/www.iskreni.net\/trgovina\/product\/kako-biti-otroku-socuten-in-odlocen-stars\/\"]}]},{\"@type\":\"BreadcrumbList\",\"@id\":\"https:\/\/www.iskreni.net\/trgovina\/product\/kako-biti-otroku-socuten-in-odlocen-stars\/#breadcrumb\",\"itemListElement\":[{\"@type\":\"ListItem\",\"position\":1,\"name\":\"Home\",\"item\":\"https:\/\/www.iskreni.net\/trgovina\/\"},{\"@type\":\"ListItem\",\"position\":2,\"name\":\"Trgovina\",\"item\":\"https:\/\/www.iskreni.net\/trgovina\/trgovina\/\"},{\"@type\":\"ListItem\",\"position\":3,\"name\":\"Kako biti otroku so\u010duten in odlo\u010den star\u0161?\"}]},{\"@type\":\"WebSite\",\"@id\":\"https:\/\/www.iskreni.net\/trgovina\/#website\",\"url\":\"https:\/\/www.iskreni.net\/trgovina\/\",\"name\":\"Zavod Iskreni\",\"description\":\"trgovina\",\"potentialAction\":[{\"@type\":\"SearchAction\",\"target\":{\"@type\":\"EntryPoint\",\"urlTemplate\":\"https:\/\/www.iskreni.net\/trgovina\/?s={search_term_string}\"},\"query-input\":{\"@type\":\"PropertyValueSpecification\",\"valueRequired\":true,\"valueName\":\"search_term_string\"}}],\"inLanguage\":\"sl-SI\"}]}<\/script>\n<!-- \/ Yoast SEO plugin. -->","yoast_head_json":{"title":"Kako biti otroku so\u010duten in odlo\u010den star\u0161? - Zavod Iskreni","robots":{"index":"index","follow":"follow","max-snippet":"max-snippet:-1","max-image-preview":"max-image-preview:large","max-video-preview":"max-video-preview:-1"},"canonical":"https:\/\/www.iskreni.net\/trgovina\/product\/kako-biti-otroku-socuten-in-odlocen-stars\/","og_locale":"sl_SI","og_type":"article","og_title":"Kako biti otroku so\u010duten in odlo\u010den star\u0161? - Zavod Iskreni","og_description":"Seminar za star\u0161e otrok od rojstva do 10. leta starosti. Otroci nas v vsem posnemajo. Tudi v vedenju do sebe in drugih. \u010ce imamo otroka radi in se na njegove potrebe odzivamo prijazno in so\u010dutno ter mu zrcalimo njegova do\u017eivljanja, se bo otrok nau\u010dil, da je vreden spo\u0161tovanja, prepoznal bo svoje lastne potrebe ter razvil\u00a0sposobnost zaznavanja \u010dustev, misli in meja drugega. Ko star\u0161 pri sebi prepozna, kaj ga vznemirja in ga spravi v stisko, kdaj in zakaj se pojavijo dolo\u010deni ob\u010dutki ob otroku, lahko bolj samozavestno in mirno\u00a0predstavi svoja pri\u010dakovanja ter otroku postavi meje. Na seminarju bomo skupaj odkrivali lepote in stiske materinstva in o\u010detovstva ter se spra\u0161evali o otrokovih razvojnih potrebah, saj si \u017eelimo, da bi bil otrok varno navezan in bi postal vedno bolj odgovoren in samostojen.","og_url":"https:\/\/www.iskreni.net\/trgovina\/product\/kako-biti-otroku-socuten-in-odlocen-stars\/","og_site_name":"Zavod Iskreni","article_modified_time":"2020-10-31T06:43:26+00:00","twitter_card":"summary_large_image","schema":{"@context":"https:\/\/schema.org","@graph":[{"@type":"WebPage","@id":"https:\/\/www.iskreni.net\/trgovina\/product\/kako-biti-otroku-socuten-in-odlocen-stars\/","url":"https:\/\/www.iskreni.net\/trgovina\/product\/kako-biti-otroku-socuten-in-odlocen-stars\/","name":"Kako biti otroku so\u010duten in odlo\u010den star\u0161? - Zavod Iskreni","isPartOf":{"@id":"https:\/\/www.iskreni.net\/trgovina\/#website"},"datePublished":"2019-10-30T20:23:32+00:00","dateModified":"2020-10-31T06:43:26+00:00","breadcrumb":{"@id":"https:\/\/www.iskreni.net\/trgovina\/product\/kako-biti-otroku-socuten-in-odlocen-stars\/#breadcrumb"},"inLanguage":"sl-SI","potentialAction":[{"@type":"ReadAction","target":["https:\/\/www.iskreni.net\/trgovina\/product\/kako-biti-otroku-socuten-in-odlocen-stars\/"]}]},{"@type":"BreadcrumbList","@id":"https:\/\/www.iskreni.net\/trgovina\/product\/kako-biti-otroku-socuten-in-odlocen-stars\/#breadcrumb","itemListElement":[{"@type":"ListItem","position":1,"name":"Home","item":"https:\/\/www.iskreni.net\/trgovina\/"},{"@type":"ListItem","position":2,"name":"Trgovina","item":"https:\/\/www.iskreni.net\/trgovina\/trgovina\/"},{"@type":"ListItem","position":3,"name":"Kako biti otroku so\u010duten in odlo\u010den star\u0161?"}]},{"@type":"WebSite","@id":"https:\/\/www.iskreni.net\/trgovina\/#website","url":"https:\/\/www.iskreni.net\/trgovina\/","name":"Zavod Iskreni","description":"trgovina","potentialAction":[{"@type":"SearchAction","target":{"@type":"EntryPoint","urlTemplate":"https:\/\/www.iskreni.net\/trgovina\/?s={search_term_string}"},"query-input":{"@type":"PropertyValueSpecification","valueRequired":true,"valueName":"search_term_string"}}],"inLanguage":"sl-SI"}]}},"_links":{"self":[{"href":"https:\/\/www.iskreni.net\/trgovina\/wp-json\/wp\/v2\/product\/11446","targetHints":{"allow":["GET"]}}],"collection":[{"href":"https:\/\/www.iskreni.net\/trgovina\/wp-json\/wp\/v2\/product"}],"about":[{"href":"https:\/\/www.iskreni.net\/trgovina\/wp-json\/wp\/v2\/types\/product"}],"replies":[{"embeddable":true,"href":"https:\/\/www.iskreni.net\/trgovina\/wp-json\/wp\/v2\/comments?post=11446"}],"version-history":[{"count":0,"href":"https:\/\/www.iskreni.net\/trgovina\/wp-json\/wp\/v2\/product\/11446\/revisions"}],"wp:attachment":[{"href":"https:\/\/www.iskreni.net\/trgovina\/wp-json\/wp\/v2\/media?parent=11446"}],"wp:term":[{"taxonomy":"product_brand","embeddable":true,"href":"https:\/\/www.iskreni.net\/trgovina\/wp-json\/wp\/v2\/product_brand?post=11446"},{"taxonomy":"product_cat","embeddable":true,"href":"https:\/\/www.iskreni.net\/trgovina\/wp-json\/wp\/v2\/product_cat?post=11446"},{"taxonomy":"product_tag","embeddable":true,"href":"https:\/\/www.iskreni.net\/trgovina\/wp-json\/wp\/v2\/product_tag?post=11446"},{"taxonomy":"avtor","embeddable":true,"href":"https:\/\/www.iskreni.net\/trgovina\/wp-json\/wp\/v2\/avtor?post=11446"},{"taxonomy":"zalozba","embeddable":true,"href":"https:\/\/www.iskreni.net\/trgovina\/wp-json\/wp\/v2\/zalozba?post=11446"},{"taxonomy":"vezava","embeddable":true,"href":"https:\/\/www.iskreni.net\/trgovina\/wp-json\/wp\/v2\/vezava?post=11446"}],"curies":[{"name":"wp","href":"https:\/\/api.w.org\/{rel}","templated":true}]}}