{"id":11427,"date":"2019-10-30T20:35:13","date_gmt":"2019-10-30T19:35:13","guid":{"rendered":"https:\/\/www.iskreni.net\/trgovina\/?post_type=product&#038;p=11427"},"modified":"2026-02-17T11:34:26","modified_gmt":"2026-02-17T10:34:26","slug":"e-priprava-na-zakon","status":"publish","type":"product","link":"https:\/\/www.iskreni.net\/trgovina\/product\/e-priprava-na-zakon\/","title":{"rendered":"E-priprava na zakon"},"content":{"rendered":"<p>*Namestitev in polni penzion zaklju\u010dnega vikenda se dopla\u010da v domu duhovnih vaj (po njihovem ceniku: okvirno 50\u20ac\/osebo\/no\u010d).<\/p>\n","protected":false},"excerpt":{"rendered":"<p>E-priprava na zakon\u00a0je\u00a0kakovosten 3-mese\u010dni program, s pomo\u010djo katerega se kot par preko\u00a0spletnih skupin\u00a0in do\u017eivetega\u00a0skupnega vikenda\u00a0temeljito\u00a0pripravita na zakon.<\/p>\n<p>Program, ki poteka \u017ee 21. leto zapored, vodimo zakonci, ki si v svojem \u017eivljenju prizadevamo \u017eiveti kakovostne odnose in pri\u010dujemo za lepoto poro\u010denosti, ter duhovni voditelji.<\/p>\n<p>E-priprava na zakon se bo v letu 2026 odvila v dveh razli\u010dnih terminih:<\/p>\n<p>1) spomladanskem<strong> (\u017ee poteka)<\/strong> in<\/p>\n<p>2) jesenskem <strong>(7. november 2026 &#8211; 28. februar 2027<\/strong><strong>)<\/strong>.<\/p>\n<p>(V prijavnici izberite ustrezen datum za\u010detka termina.)<\/p>\n","protected":false},"featured_media":89489,"comment_status":"open","ping_status":"closed","template":"","meta":[],"product_brand":[],"product_cat":[1184],"product_tag":[],"avtor":[],"zalozba":[],"vezava":[],"class_list":{"0":"post-11427","1":"product","2":"type-product","3":"status-publish","4":"has-post-thumbnail","6":"product_cat-programi","7":"wcpa_has_options","9":"first","10":"instock","11":"sold-individually","12":"taxable","13":"shipping-taxable","14":"purchasable","15":"product-type-variable"},"yoast_head":"<!-- This site is optimized with the Yoast SEO plugin v26.3 - https:\/\/yoast.com\/wordpress\/plugins\/seo\/ -->\n<title>E-priprava na zakon - Zavod Iskreni<\/title>\n<meta name=\"description\" content=\"E-priprava na zakon je kakovosten 3-mese\u010dni program, s pomo\u010djo katerega se kot par preko spletnih skupin in do\u017eivetega skupnega vikenda temeljito pripravita na zakon.\" \/>\n<meta name=\"robots\" content=\"index, follow, max-snippet:-1, max-image-preview:large, max-video-preview:-1\" \/>\n<link rel=\"canonical\" href=\"https:\/\/www.iskreni.net\/trgovina\/product\/e-priprava-na-zakon\/\" \/>\n<meta property=\"og:locale\" content=\"sl_SI\" \/>\n<meta property=\"og:type\" content=\"article\" \/>\n<meta property=\"og:title\" content=\"E-priprava na zakon - Zavod Iskreni\" \/>\n<meta property=\"og:description\" content=\"E-priprava na zakon je kakovosten 3-mese\u010dni program, s pomo\u010djo katerega se kot par preko spletnih skupin in do\u017eivetega skupnega vikenda temeljito pripravita na zakon.\" \/>\n<meta property=\"og:url\" content=\"https:\/\/www.iskreni.net\/trgovina\/product\/e-priprava-na-zakon\/\" \/>\n<meta property=\"og:site_name\" content=\"Zavod Iskreni\" \/>\n<meta property=\"article:modified_time\" content=\"2026-02-17T10:34:26+00:00\" \/>\n<meta property=\"og:image\" content=\"https:\/\/www.iskreni.net\/trgovina\/wp-content\/uploads\/2025\/01\/16.png\" \/>\n\t<meta property=\"og:image:width\" content=\"750\" \/>\n\t<meta property=\"og:image:height\" content=\"500\" \/>\n\t<meta property=\"og:image:type\" content=\"image\/png\" \/>\n<meta name=\"twitter:card\" content=\"summary_large_image\" \/>\n<meta name=\"twitter:label1\" content=\"Est. reading time\" \/>\n\t<meta name=\"twitter:data1\" content=\"1 minuta\" \/>\n<script type=\"application\/ld+json\" class=\"yoast-schema-graph\">{\"@context\":\"https:\/\/schema.org\",\"@graph\":[{\"@type\":\"WebPage\",\"@id\":\"https:\/\/www.iskreni.net\/trgovina\/product\/e-priprava-na-zakon\/\",\"url\":\"https:\/\/www.iskreni.net\/trgovina\/product\/e-priprava-na-zakon\/\",\"name\":\"E-priprava na zakon - Zavod Iskreni\",\"isPartOf\":{\"@id\":\"https:\/\/www.iskreni.net\/trgovina\/#website\"},\"primaryImageOfPage\":{\"@id\":\"https:\/\/www.iskreni.net\/trgovina\/product\/e-priprava-na-zakon\/#primaryimage\"},\"image\":{\"@id\":\"https:\/\/www.iskreni.net\/trgovina\/product\/e-priprava-na-zakon\/#primaryimage\"},\"thumbnailUrl\":\"https:\/\/www.iskreni.net\/trgovina\/wp-content\/uploads\/2025\/01\/16.png\",\"datePublished\":\"2019-10-30T19:35:13+00:00\",\"dateModified\":\"2026-02-17T10:34:26+00:00\",\"description\":\"E-priprava na zakon je kakovosten 3-mese\u010dni program, s pomo\u010djo katerega se kot par preko spletnih skupin in do\u017eivetega skupnega vikenda temeljito pripravita na zakon.\",\"breadcrumb\":{\"@id\":\"https:\/\/www.iskreni.net\/trgovina\/product\/e-priprava-na-zakon\/#breadcrumb\"},\"inLanguage\":\"sl-SI\",\"potentialAction\":[{\"@type\":\"ReadAction\",\"target\":[\"https:\/\/www.iskreni.net\/trgovina\/product\/e-priprava-na-zakon\/\"]}]},{\"@type\":\"ImageObject\",\"inLanguage\":\"sl-SI\",\"@id\":\"https:\/\/www.iskreni.net\/trgovina\/product\/e-priprava-na-zakon\/#primaryimage\",\"url\":\"https:\/\/www.iskreni.net\/trgovina\/wp-content\/uploads\/2025\/01\/16.png\",\"contentUrl\":\"https:\/\/www.iskreni.net\/trgovina\/wp-content\/uploads\/2025\/01\/16.png\",\"width\":750,\"height\":500},{\"@type\":\"BreadcrumbList\",\"@id\":\"https:\/\/www.iskreni.net\/trgovina\/product\/e-priprava-na-zakon\/#breadcrumb\",\"itemListElement\":[{\"@type\":\"ListItem\",\"position\":1,\"name\":\"Home\",\"item\":\"https:\/\/www.iskreni.net\/trgovina\/\"},{\"@type\":\"ListItem\",\"position\":2,\"name\":\"Trgovina\",\"item\":\"https:\/\/www.iskreni.net\/trgovina\/trgovina\/\"},{\"@type\":\"ListItem\",\"position\":3,\"name\":\"E-priprava na zakon\"}]},{\"@type\":\"WebSite\",\"@id\":\"https:\/\/www.iskreni.net\/trgovina\/#website\",\"url\":\"https:\/\/www.iskreni.net\/trgovina\/\",\"name\":\"Zavod Iskreni\",\"description\":\"trgovina\",\"potentialAction\":[{\"@type\":\"SearchAction\",\"target\":{\"@type\":\"EntryPoint\",\"urlTemplate\":\"https:\/\/www.iskreni.net\/trgovina\/?s={search_term_string}\"},\"query-input\":{\"@type\":\"PropertyValueSpecification\",\"valueRequired\":true,\"valueName\":\"search_term_string\"}}],\"inLanguage\":\"sl-SI\"}]}<\/script>\n<!-- \/ Yoast SEO plugin. -->","yoast_head_json":{"title":"E-priprava na zakon - Zavod Iskreni","description":"E-priprava na zakon je kakovosten 3-mese\u010dni program, s pomo\u010djo katerega se kot par preko spletnih skupin in do\u017eivetega skupnega vikenda temeljito pripravita na zakon.","robots":{"index":"index","follow":"follow","max-snippet":"max-snippet:-1","max-image-preview":"max-image-preview:large","max-video-preview":"max-video-preview:-1"},"canonical":"https:\/\/www.iskreni.net\/trgovina\/product\/e-priprava-na-zakon\/","og_locale":"sl_SI","og_type":"article","og_title":"E-priprava na zakon - Zavod Iskreni","og_description":"E-priprava na zakon je kakovosten 3-mese\u010dni program, s pomo\u010djo katerega se kot par preko spletnih skupin in do\u017eivetega skupnega vikenda temeljito pripravita na zakon.","og_url":"https:\/\/www.iskreni.net\/trgovina\/product\/e-priprava-na-zakon\/","og_site_name":"Zavod Iskreni","article_modified_time":"2026-02-17T10:34:26+00:00","og_image":[{"width":750,"height":500,"url":"https:\/\/www.iskreni.net\/trgovina\/wp-content\/uploads\/2025\/01\/16.png","type":"image\/png"}],"twitter_card":"summary_large_image","twitter_misc":{"Est. reading time":"1 minuta"},"schema":{"@context":"https:\/\/schema.org","@graph":[{"@type":"WebPage","@id":"https:\/\/www.iskreni.net\/trgovina\/product\/e-priprava-na-zakon\/","url":"https:\/\/www.iskreni.net\/trgovina\/product\/e-priprava-na-zakon\/","name":"E-priprava na zakon - Zavod Iskreni","isPartOf":{"@id":"https:\/\/www.iskreni.net\/trgovina\/#website"},"primaryImageOfPage":{"@id":"https:\/\/www.iskreni.net\/trgovina\/product\/e-priprava-na-zakon\/#primaryimage"},"image":{"@id":"https:\/\/www.iskreni.net\/trgovina\/product\/e-priprava-na-zakon\/#primaryimage"},"thumbnailUrl":"https:\/\/www.iskreni.net\/trgovina\/wp-content\/uploads\/2025\/01\/16.png","datePublished":"2019-10-30T19:35:13+00:00","dateModified":"2026-02-17T10:34:26+00:00","description":"E-priprava na zakon je kakovosten 3-mese\u010dni program, s pomo\u010djo katerega se kot par preko spletnih skupin in do\u017eivetega skupnega vikenda temeljito pripravita na zakon.","breadcrumb":{"@id":"https:\/\/www.iskreni.net\/trgovina\/product\/e-priprava-na-zakon\/#breadcrumb"},"inLanguage":"sl-SI","potentialAction":[{"@type":"ReadAction","target":["https:\/\/www.iskreni.net\/trgovina\/product\/e-priprava-na-zakon\/"]}]},{"@type":"ImageObject","inLanguage":"sl-SI","@id":"https:\/\/www.iskreni.net\/trgovina\/product\/e-priprava-na-zakon\/#primaryimage","url":"https:\/\/www.iskreni.net\/trgovina\/wp-content\/uploads\/2025\/01\/16.png","contentUrl":"https:\/\/www.iskreni.net\/trgovina\/wp-content\/uploads\/2025\/01\/16.png","width":750,"height":500},{"@type":"BreadcrumbList","@id":"https:\/\/www.iskreni.net\/trgovina\/product\/e-priprava-na-zakon\/#breadcrumb","itemListElement":[{"@type":"ListItem","position":1,"name":"Home","item":"https:\/\/www.iskreni.net\/trgovina\/"},{"@type":"ListItem","position":2,"name":"Trgovina","item":"https:\/\/www.iskreni.net\/trgovina\/trgovina\/"},{"@type":"ListItem","position":3,"name":"E-priprava na zakon"}]},{"@type":"WebSite","@id":"https:\/\/www.iskreni.net\/trgovina\/#website","url":"https:\/\/www.iskreni.net\/trgovina\/","name":"Zavod Iskreni","description":"trgovina","potentialAction":[{"@type":"SearchAction","target":{"@type":"EntryPoint","urlTemplate":"https:\/\/www.iskreni.net\/trgovina\/?s={search_term_string}"},"query-input":{"@type":"PropertyValueSpecification","valueRequired":true,"valueName":"search_term_string"}}],"inLanguage":"sl-SI"}]}},"_links":{"self":[{"href":"https:\/\/www.iskreni.net\/trgovina\/wp-json\/wp\/v2\/product\/11427","targetHints":{"allow":["GET"]}}],"collection":[{"href":"https:\/\/www.iskreni.net\/trgovina\/wp-json\/wp\/v2\/product"}],"about":[{"href":"https:\/\/www.iskreni.net\/trgovina\/wp-json\/wp\/v2\/types\/product"}],"replies":[{"embeddable":true,"href":"https:\/\/www.iskreni.net\/trgovina\/wp-json\/wp\/v2\/comments?post=11427"}],"version-history":[{"count":14,"href":"https:\/\/www.iskreni.net\/trgovina\/wp-json\/wp\/v2\/product\/11427\/revisions"}],"predecessor-version":[{"id":91806,"href":"https:\/\/www.iskreni.net\/trgovina\/wp-json\/wp\/v2\/product\/11427\/revisions\/91806"}],"wp:featuredmedia":[{"embeddable":true,"href":"https:\/\/www.iskreni.net\/trgovina\/wp-json\/wp\/v2\/media\/89489"}],"wp:attachment":[{"href":"https:\/\/www.iskreni.net\/trgovina\/wp-json\/wp\/v2\/media?parent=11427"}],"wp:term":[{"taxonomy":"product_brand","embeddable":true,"href":"https:\/\/www.iskreni.net\/trgovina\/wp-json\/wp\/v2\/product_brand?post=11427"},{"taxonomy":"product_cat","embeddable":true,"href":"https:\/\/www.iskreni.net\/trgovina\/wp-json\/wp\/v2\/product_cat?post=11427"},{"taxonomy":"product_tag","embeddable":true,"href":"https:\/\/www.iskreni.net\/trgovina\/wp-json\/wp\/v2\/product_tag?post=11427"},{"taxonomy":"avtor","embeddable":true,"href":"https:\/\/www.iskreni.net\/trgovina\/wp-json\/wp\/v2\/avtor?post=11427"},{"taxonomy":"zalozba","embeddable":true,"href":"https:\/\/www.iskreni.net\/trgovina\/wp-json\/wp\/v2\/zalozba?post=11427"},{"taxonomy":"vezava","embeddable":true,"href":"https:\/\/www.iskreni.net\/trgovina\/wp-json\/wp\/v2\/vezava?post=11427"}],"curies":[{"name":"wp","href":"https:\/\/api.w.org\/{rel}","templated":true}]}}