{"id":11383,"date":"2019-10-29T19:28:43","date_gmt":"2019-10-29T18:28:43","guid":{"rendered":"https:\/\/www.iskreni.net\/trgovina\/?post_type=product&#038;p=11383"},"modified":"2026-04-17T14:05:16","modified_gmt":"2026-04-17T12:05:16","slug":"cudovita-princesa-2","status":"publish","type":"product","link":"https:\/\/www.iskreni.net\/trgovina\/product\/cudovita-princesa-2\/","title":{"rendered":"\u010cudovita princesa"},"content":{"rendered":"","protected":false},"excerpt":{"rendered":"<p>Ste se v puberteti tudi ve spra\u0161evale, \u010de se ni va\u0161emu telesu preprosto zme\u0161alo? Vas je menstruacija presenetila? Vam je kdo povedal, kaj se dogaja z vami? Ste se o vsem tem lahko pogovorile s svojo mamo?<\/p>\n<p>Da bi va\u0161im h\u010derkam omogo\u010dili \u010dim bolj\u0161i vstop v puberteto, vas vabimo, da se nam pridru\u017eite na\u00a0<strong>zabavni in pou\u010dni<\/strong>\u00a0delavnici, namenjeni odra\u0161\u010dajo\u010dim\u00a0<strong>deklicam med 9. in 12. letom<\/strong>\u00a0starosti ter njihovim\u00a0<strong>mamam<\/strong>. Deklice imajo prilo\u017enost, da v prijetnem ozra\u010dju prisluhnejo starosti primerni predstavitvi o odra\u0161\u010danju in spolnem dozorevanju ter s svojimi mamami sodelujejo v vodenem pogovoru.<\/p>\n<p><em>\u010ce se vama zgodi, da se <strong>delavnice zaradi nepredvidljivih razlogov (npr. bolezni) ne bosta mogli udele\u017eiti<\/strong>, vaju vabimo, da poi\u0161\u010deta zamenjavo in na dogodek povabita katero od vajinih prijateljic in tako udele\u017ebo omogo\u010dita nekomu, ki za tak\u0161no delavnico morda sploh \u0161e ni sli\u0161al. \u010ce zamenjave res ne uspeta najti, pa lahko vajino prijavo (ob dopla\u010dilu 15 \u20ac) prenesemo na naslednji prost termin, ki vama ustreza. \u010ce odsotnosti ne sporo\u010dita in prijave z dopla\u010dilom ne preneseta na naslednji prosti termin, ki vama ustreza, vama prijavnina \u017eal zapade.\u00a0<\/em><\/p>\n","protected":false},"featured_media":89485,"comment_status":"open","ping_status":"closed","template":"","meta":[],"product_brand":[],"product_cat":[1184],"product_tag":[],"avtor":[],"zalozba":[],"vezava":[],"class_list":{"0":"post-11383","1":"product","2":"type-product","3":"status-publish","4":"has-post-thumbnail","6":"product_cat-programi","7":"wcpa_has_options","9":"first","10":"instock","11":"sold-individually","12":"taxable","13":"shipping-taxable","14":"purchasable","15":"product-type-variable"},"yoast_head":"<!-- This site is optimized with the Yoast SEO plugin v26.3 - https:\/\/yoast.com\/wordpress\/plugins\/seo\/ -->\n<title>\u010cudovita princesa - Zavod Iskreni<\/title>\n<meta name=\"robots\" content=\"index, follow, max-snippet:-1, max-image-preview:large, max-video-preview:-1\" \/>\n<link rel=\"canonical\" href=\"https:\/\/www.iskreni.net\/trgovina\/product\/cudovita-princesa-2\/\" \/>\n<meta property=\"og:locale\" content=\"sl_SI\" \/>\n<meta property=\"og:type\" content=\"article\" \/>\n<meta property=\"og:title\" content=\"\u010cudovita princesa - Zavod Iskreni\" \/>\n<meta property=\"og:description\" content=\"Ste se v puberteti tudi ve spra\u0161evale, \u010de se ni va\u0161emu telesu preprosto zme\u0161alo? Vas je menstruacija presenetila? Vam je kdo povedal, kaj se dogaja z vami? Ste se o vsem tem lahko pogovorile s svojo mamo?  Da bi va\u0161im h\u010derkam omogo\u010dili \u010dim bolj\u0161i vstop v puberteto, vas vabimo, da se nam pridru\u017eite na\u00a0zabavni in pou\u010dni\u00a0delavnici, namenjeni odra\u0161\u010dajo\u010dim\u00a0deklicam med 9. in 12. letom\u00a0starosti ter njihovim\u00a0mamam. Deklice imajo prilo\u017enost, da v prijetnem ozra\u010dju prisluhnejo starosti primerni predstavitvi o odra\u0161\u010danju in spolnem dozorevanju ter s svojimi mamami sodelujejo v vodenem pogovoru.  \u010ce se vama zgodi, da se delavnice zaradi nepredvidljivih razlogov (npr. bolezni) ne bosta mogli udele\u017eiti, vaju vabimo, da poi\u0161\u010deta zamenjavo in na dogodek povabita katero od vajinih prijateljic in tako udele\u017ebo omogo\u010dita nekomu, ki za tak\u0161no delavnico morda sploh \u0161e ni sli\u0161al. \u010ce zamenjave res ne uspeta najti, pa lahko vajino prijavo (ob dopla\u010dilu 15 \u20ac) prenesemo na naslednji prost termin, ki vama ustreza. \u010ce odsotnosti ne sporo\u010dita in prijave z dopla\u010dilom ne preneseta na naslednji prosti termin, ki vama ustreza, vama prijavnina \u017eal zapade.\u00a0\" \/>\n<meta property=\"og:url\" content=\"https:\/\/www.iskreni.net\/trgovina\/product\/cudovita-princesa-2\/\" \/>\n<meta property=\"og:site_name\" content=\"Zavod Iskreni\" \/>\n<meta property=\"article:modified_time\" content=\"2026-04-17T12:05:16+00:00\" \/>\n<meta property=\"og:image\" content=\"https:\/\/www.iskreni.net\/trgovina\/wp-content\/uploads\/2025\/01\/12-1.png\" \/>\n\t<meta property=\"og:image:width\" content=\"750\" \/>\n\t<meta property=\"og:image:height\" content=\"500\" \/>\n\t<meta property=\"og:image:type\" content=\"image\/png\" \/>\n<meta name=\"twitter:card\" content=\"summary_large_image\" \/>\n<meta name=\"twitter:label1\" content=\"Est. reading time\" \/>\n\t<meta name=\"twitter:data1\" content=\"1 minuta\" \/>\n<script type=\"application\/ld+json\" class=\"yoast-schema-graph\">{\"@context\":\"https:\/\/schema.org\",\"@graph\":[{\"@type\":\"WebPage\",\"@id\":\"https:\/\/www.iskreni.net\/trgovina\/product\/cudovita-princesa-2\/\",\"url\":\"https:\/\/www.iskreni.net\/trgovina\/product\/cudovita-princesa-2\/\",\"name\":\"\u010cudovita princesa - Zavod Iskreni\",\"isPartOf\":{\"@id\":\"https:\/\/www.iskreni.net\/trgovina\/#website\"},\"primaryImageOfPage\":{\"@id\":\"https:\/\/www.iskreni.net\/trgovina\/product\/cudovita-princesa-2\/#primaryimage\"},\"image\":{\"@id\":\"https:\/\/www.iskreni.net\/trgovina\/product\/cudovita-princesa-2\/#primaryimage\"},\"thumbnailUrl\":\"https:\/\/www.iskreni.net\/trgovina\/wp-content\/uploads\/2025\/01\/12-1.png\",\"datePublished\":\"2019-10-29T18:28:43+00:00\",\"dateModified\":\"2026-04-17T12:05:16+00:00\",\"breadcrumb\":{\"@id\":\"https:\/\/www.iskreni.net\/trgovina\/product\/cudovita-princesa-2\/#breadcrumb\"},\"inLanguage\":\"sl-SI\",\"potentialAction\":[{\"@type\":\"ReadAction\",\"target\":[\"https:\/\/www.iskreni.net\/trgovina\/product\/cudovita-princesa-2\/\"]}]},{\"@type\":\"ImageObject\",\"inLanguage\":\"sl-SI\",\"@id\":\"https:\/\/www.iskreni.net\/trgovina\/product\/cudovita-princesa-2\/#primaryimage\",\"url\":\"https:\/\/www.iskreni.net\/trgovina\/wp-content\/uploads\/2025\/01\/12-1.png\",\"contentUrl\":\"https:\/\/www.iskreni.net\/trgovina\/wp-content\/uploads\/2025\/01\/12-1.png\",\"width\":750,\"height\":500},{\"@type\":\"BreadcrumbList\",\"@id\":\"https:\/\/www.iskreni.net\/trgovina\/product\/cudovita-princesa-2\/#breadcrumb\",\"itemListElement\":[{\"@type\":\"ListItem\",\"position\":1,\"name\":\"Home\",\"item\":\"https:\/\/www.iskreni.net\/trgovina\/\"},{\"@type\":\"ListItem\",\"position\":2,\"name\":\"Trgovina\",\"item\":\"https:\/\/www.iskreni.net\/trgovina\/trgovina\/\"},{\"@type\":\"ListItem\",\"position\":3,\"name\":\"\u010cudovita princesa\"}]},{\"@type\":\"WebSite\",\"@id\":\"https:\/\/www.iskreni.net\/trgovina\/#website\",\"url\":\"https:\/\/www.iskreni.net\/trgovina\/\",\"name\":\"Zavod Iskreni\",\"description\":\"trgovina\",\"potentialAction\":[{\"@type\":\"SearchAction\",\"target\":{\"@type\":\"EntryPoint\",\"urlTemplate\":\"https:\/\/www.iskreni.net\/trgovina\/?s={search_term_string}\"},\"query-input\":{\"@type\":\"PropertyValueSpecification\",\"valueRequired\":true,\"valueName\":\"search_term_string\"}}],\"inLanguage\":\"sl-SI\"}]}<\/script>\n<!-- \/ Yoast SEO plugin. -->","yoast_head_json":{"title":"\u010cudovita princesa - Zavod Iskreni","robots":{"index":"index","follow":"follow","max-snippet":"max-snippet:-1","max-image-preview":"max-image-preview:large","max-video-preview":"max-video-preview:-1"},"canonical":"https:\/\/www.iskreni.net\/trgovina\/product\/cudovita-princesa-2\/","og_locale":"sl_SI","og_type":"article","og_title":"\u010cudovita princesa - Zavod Iskreni","og_description":"Ste se v puberteti tudi ve spra\u0161evale, \u010de se ni va\u0161emu telesu preprosto zme\u0161alo? Vas je menstruacija presenetila? Vam je kdo povedal, kaj se dogaja z vami? Ste se o vsem tem lahko pogovorile s svojo mamo?  Da bi va\u0161im h\u010derkam omogo\u010dili \u010dim bolj\u0161i vstop v puberteto, vas vabimo, da se nam pridru\u017eite na\u00a0zabavni in pou\u010dni\u00a0delavnici, namenjeni odra\u0161\u010dajo\u010dim\u00a0deklicam med 9. in 12. letom\u00a0starosti ter njihovim\u00a0mamam. Deklice imajo prilo\u017enost, da v prijetnem ozra\u010dju prisluhnejo starosti primerni predstavitvi o odra\u0161\u010danju in spolnem dozorevanju ter s svojimi mamami sodelujejo v vodenem pogovoru.  \u010ce se vama zgodi, da se delavnice zaradi nepredvidljivih razlogov (npr. bolezni) ne bosta mogli udele\u017eiti, vaju vabimo, da poi\u0161\u010deta zamenjavo in na dogodek povabita katero od vajinih prijateljic in tako udele\u017ebo omogo\u010dita nekomu, ki za tak\u0161no delavnico morda sploh \u0161e ni sli\u0161al. \u010ce zamenjave res ne uspeta najti, pa lahko vajino prijavo (ob dopla\u010dilu 15 \u20ac) prenesemo na naslednji prost termin, ki vama ustreza. \u010ce odsotnosti ne sporo\u010dita in prijave z dopla\u010dilom ne preneseta na naslednji prosti termin, ki vama ustreza, vama prijavnina \u017eal zapade.\u00a0","og_url":"https:\/\/www.iskreni.net\/trgovina\/product\/cudovita-princesa-2\/","og_site_name":"Zavod Iskreni","article_modified_time":"2026-04-17T12:05:16+00:00","og_image":[{"width":750,"height":500,"url":"https:\/\/www.iskreni.net\/trgovina\/wp-content\/uploads\/2025\/01\/12-1.png","type":"image\/png"}],"twitter_card":"summary_large_image","twitter_misc":{"Est. reading time":"1 minuta"},"schema":{"@context":"https:\/\/schema.org","@graph":[{"@type":"WebPage","@id":"https:\/\/www.iskreni.net\/trgovina\/product\/cudovita-princesa-2\/","url":"https:\/\/www.iskreni.net\/trgovina\/product\/cudovita-princesa-2\/","name":"\u010cudovita princesa - Zavod Iskreni","isPartOf":{"@id":"https:\/\/www.iskreni.net\/trgovina\/#website"},"primaryImageOfPage":{"@id":"https:\/\/www.iskreni.net\/trgovina\/product\/cudovita-princesa-2\/#primaryimage"},"image":{"@id":"https:\/\/www.iskreni.net\/trgovina\/product\/cudovita-princesa-2\/#primaryimage"},"thumbnailUrl":"https:\/\/www.iskreni.net\/trgovina\/wp-content\/uploads\/2025\/01\/12-1.png","datePublished":"2019-10-29T18:28:43+00:00","dateModified":"2026-04-17T12:05:16+00:00","breadcrumb":{"@id":"https:\/\/www.iskreni.net\/trgovina\/product\/cudovita-princesa-2\/#breadcrumb"},"inLanguage":"sl-SI","potentialAction":[{"@type":"ReadAction","target":["https:\/\/www.iskreni.net\/trgovina\/product\/cudovita-princesa-2\/"]}]},{"@type":"ImageObject","inLanguage":"sl-SI","@id":"https:\/\/www.iskreni.net\/trgovina\/product\/cudovita-princesa-2\/#primaryimage","url":"https:\/\/www.iskreni.net\/trgovina\/wp-content\/uploads\/2025\/01\/12-1.png","contentUrl":"https:\/\/www.iskreni.net\/trgovina\/wp-content\/uploads\/2025\/01\/12-1.png","width":750,"height":500},{"@type":"BreadcrumbList","@id":"https:\/\/www.iskreni.net\/trgovina\/product\/cudovita-princesa-2\/#breadcrumb","itemListElement":[{"@type":"ListItem","position":1,"name":"Home","item":"https:\/\/www.iskreni.net\/trgovina\/"},{"@type":"ListItem","position":2,"name":"Trgovina","item":"https:\/\/www.iskreni.net\/trgovina\/trgovina\/"},{"@type":"ListItem","position":3,"name":"\u010cudovita princesa"}]},{"@type":"WebSite","@id":"https:\/\/www.iskreni.net\/trgovina\/#website","url":"https:\/\/www.iskreni.net\/trgovina\/","name":"Zavod Iskreni","description":"trgovina","potentialAction":[{"@type":"SearchAction","target":{"@type":"EntryPoint","urlTemplate":"https:\/\/www.iskreni.net\/trgovina\/?s={search_term_string}"},"query-input":{"@type":"PropertyValueSpecification","valueRequired":true,"valueName":"search_term_string"}}],"inLanguage":"sl-SI"}]}},"_links":{"self":[{"href":"https:\/\/www.iskreni.net\/trgovina\/wp-json\/wp\/v2\/product\/11383","targetHints":{"allow":["GET"]}}],"collection":[{"href":"https:\/\/www.iskreni.net\/trgovina\/wp-json\/wp\/v2\/product"}],"about":[{"href":"https:\/\/www.iskreni.net\/trgovina\/wp-json\/wp\/v2\/types\/product"}],"replies":[{"embeddable":true,"href":"https:\/\/www.iskreni.net\/trgovina\/wp-json\/wp\/v2\/comments?post=11383"}],"version-history":[{"count":5,"href":"https:\/\/www.iskreni.net\/trgovina\/wp-json\/wp\/v2\/product\/11383\/revisions"}],"predecessor-version":[{"id":91614,"href":"https:\/\/www.iskreni.net\/trgovina\/wp-json\/wp\/v2\/product\/11383\/revisions\/91614"}],"wp:featuredmedia":[{"embeddable":true,"href":"https:\/\/www.iskreni.net\/trgovina\/wp-json\/wp\/v2\/media\/89485"}],"wp:attachment":[{"href":"https:\/\/www.iskreni.net\/trgovina\/wp-json\/wp\/v2\/media?parent=11383"}],"wp:term":[{"taxonomy":"product_brand","embeddable":true,"href":"https:\/\/www.iskreni.net\/trgovina\/wp-json\/wp\/v2\/product_brand?post=11383"},{"taxonomy":"product_cat","embeddable":true,"href":"https:\/\/www.iskreni.net\/trgovina\/wp-json\/wp\/v2\/product_cat?post=11383"},{"taxonomy":"product_tag","embeddable":true,"href":"https:\/\/www.iskreni.net\/trgovina\/wp-json\/wp\/v2\/product_tag?post=11383"},{"taxonomy":"avtor","embeddable":true,"href":"https:\/\/www.iskreni.net\/trgovina\/wp-json\/wp\/v2\/avtor?post=11383"},{"taxonomy":"zalozba","embeddable":true,"href":"https:\/\/www.iskreni.net\/trgovina\/wp-json\/wp\/v2\/zalozba?post=11383"},{"taxonomy":"vezava","embeddable":true,"href":"https:\/\/www.iskreni.net\/trgovina\/wp-json\/wp\/v2\/vezava?post=11383"}],"curies":[{"name":"wp","href":"https:\/\/api.w.org\/{rel}","templated":true}]}}