{"id":11260,"date":"2020-10-24T08:12:57","date_gmt":"2020-10-24T06:12:57","guid":{"rendered":"https:\/\/www.iskreni.net\/trgovina\/?post_type=product&#038;p=11260"},"modified":"2023-10-12T14:22:35","modified_gmt":"2023-10-12T12:22:35","slug":"svecka-za-na-grob","status":"publish","type":"product","link":"https:\/\/www.iskreni.net\/trgovina\/product\/svecka-za-na-grob\/","title":{"rendered":"Sve\u010dka za na grob"},"content":{"rendered":"<p>Sve\u010dka za na grob je narejena iz lesa in odli\u010dna zamenjava za klasi\u010dno nagrobno sve\u010do. Okolju prijazen izdelek!<br \/>\nVsak izdelek je unikaten.<br \/>\nLes je naravni material, barve in izdelki lahko odstopajo od izdelkov na sliki in niso razlog za reklamacijo.<br \/>\nLeseni izdelki niso primerni za uporabo v vodi.<\/p>\n","protected":false},"excerpt":{"rendered":"<p>Z ali brez napisa.<\/p>\n","protected":false},"featured_media":11288,"comment_status":"open","ping_status":"closed","template":"","meta":[],"product_brand":[],"product_cat":[2420],"product_tag":[1342,2429],"avtor":[],"zalozba":[],"vezava":[],"class_list":{"0":"post-11260","1":"product","2":"type-product","3":"status-publish","4":"has-post-thumbnail","6":"product_cat-posebne-priloznosti","7":"product_tag-leseni-izdelki","8":"product_tag-zalni-program","10":"first","11":"instock","12":"taxable","13":"shipping-taxable","14":"purchasable","15":"product-type-variable"},"yoast_head":"<!-- This site is optimized with the Yoast SEO plugin v26.3 - https:\/\/yoast.com\/wordpress\/plugins\/seo\/ -->\n<title>Sve\u010dka za na grob - Okolju prijazno! - trgovina Iskreni<\/title>\n<meta name=\"description\" content=\"Sve\u010dka za na grob je narejena iz lesa in odli\u010dna zamenjava za klasi\u010dno nagrobno sve\u010do. Okolju prijazen izdelek!\" \/>\n<meta name=\"robots\" content=\"index, follow, max-snippet:-1, max-image-preview:large, max-video-preview:-1\" \/>\n<link rel=\"canonical\" href=\"https:\/\/www.iskreni.net\/trgovina\/product\/svecka-za-na-grob\/\" \/>\n<meta property=\"og:locale\" content=\"sl_SI\" \/>\n<meta property=\"og:type\" content=\"article\" \/>\n<meta property=\"og:title\" content=\"Sve\u010dka za na grob - Okolju prijazno! - trgovina Iskreni\" \/>\n<meta property=\"og:description\" content=\"Sve\u010dka za na grob je narejena iz lesa in odli\u010dna zamenjava za klasi\u010dno nagrobno sve\u010do. Okolju prijazen izdelek!\" \/>\n<meta property=\"og:url\" content=\"https:\/\/www.iskreni.net\/trgovina\/product\/svecka-za-na-grob\/\" \/>\n<meta property=\"og:site_name\" content=\"Zavod Iskreni\" \/>\n<meta property=\"article:modified_time\" content=\"2023-10-12T12:22:35+00:00\" \/>\n<meta property=\"og:image\" content=\"https:\/\/www.iskreni.net\/trgovina\/wp-content\/uploads\/2020\/10\/svecka2.jpeg\" \/>\n\t<meta property=\"og:image:width\" content=\"1080\" \/>\n\t<meta property=\"og:image:height\" content=\"1080\" \/>\n\t<meta property=\"og:image:type\" content=\"image\/jpeg\" \/>\n<meta name=\"twitter:card\" content=\"summary_large_image\" \/>\n<script type=\"application\/ld+json\" class=\"yoast-schema-graph\">{\"@context\":\"https:\/\/schema.org\",\"@graph\":[{\"@type\":\"WebPage\",\"@id\":\"https:\/\/www.iskreni.net\/trgovina\/product\/svecka-za-na-grob\/\",\"url\":\"https:\/\/www.iskreni.net\/trgovina\/product\/svecka-za-na-grob\/\",\"name\":\"Sve\u010dka za na grob - Okolju prijazno! - trgovina Iskreni\",\"isPartOf\":{\"@id\":\"https:\/\/www.iskreni.net\/trgovina\/#website\"},\"primaryImageOfPage\":{\"@id\":\"https:\/\/www.iskreni.net\/trgovina\/product\/svecka-za-na-grob\/#primaryimage\"},\"image\":{\"@id\":\"https:\/\/www.iskreni.net\/trgovina\/product\/svecka-za-na-grob\/#primaryimage\"},\"thumbnailUrl\":\"https:\/\/www.iskreni.net\/trgovina\/wp-content\/uploads\/2020\/10\/svecka2.jpeg\",\"datePublished\":\"2020-10-24T06:12:57+00:00\",\"dateModified\":\"2023-10-12T12:22:35+00:00\",\"description\":\"Sve\u010dka za na grob je narejena iz lesa in odli\u010dna zamenjava za klasi\u010dno nagrobno sve\u010do. Okolju prijazen izdelek!\",\"breadcrumb\":{\"@id\":\"https:\/\/www.iskreni.net\/trgovina\/product\/svecka-za-na-grob\/#breadcrumb\"},\"inLanguage\":\"sl-SI\",\"potentialAction\":[{\"@type\":\"ReadAction\",\"target\":[\"https:\/\/www.iskreni.net\/trgovina\/product\/svecka-za-na-grob\/\"]}]},{\"@type\":\"ImageObject\",\"inLanguage\":\"sl-SI\",\"@id\":\"https:\/\/www.iskreni.net\/trgovina\/product\/svecka-za-na-grob\/#primaryimage\",\"url\":\"https:\/\/www.iskreni.net\/trgovina\/wp-content\/uploads\/2020\/10\/svecka2.jpeg\",\"contentUrl\":\"https:\/\/www.iskreni.net\/trgovina\/wp-content\/uploads\/2020\/10\/svecka2.jpeg\",\"width\":1080,\"height\":1080,\"caption\":\"Sve\u010dka za na grob\"},{\"@type\":\"BreadcrumbList\",\"@id\":\"https:\/\/www.iskreni.net\/trgovina\/product\/svecka-za-na-grob\/#breadcrumb\",\"itemListElement\":[{\"@type\":\"ListItem\",\"position\":1,\"name\":\"Home\",\"item\":\"https:\/\/www.iskreni.net\/trgovina\/\"},{\"@type\":\"ListItem\",\"position\":2,\"name\":\"Trgovina\",\"item\":\"https:\/\/www.iskreni.net\/trgovina\/trgovina\/\"},{\"@type\":\"ListItem\",\"position\":3,\"name\":\"Sve\u010dka za na grob\"}]},{\"@type\":\"WebSite\",\"@id\":\"https:\/\/www.iskreni.net\/trgovina\/#website\",\"url\":\"https:\/\/www.iskreni.net\/trgovina\/\",\"name\":\"Zavod Iskreni\",\"description\":\"trgovina\",\"potentialAction\":[{\"@type\":\"SearchAction\",\"target\":{\"@type\":\"EntryPoint\",\"urlTemplate\":\"https:\/\/www.iskreni.net\/trgovina\/?s={search_term_string}\"},\"query-input\":{\"@type\":\"PropertyValueSpecification\",\"valueRequired\":true,\"valueName\":\"search_term_string\"}}],\"inLanguage\":\"sl-SI\"}]}<\/script>\n<!-- \/ Yoast SEO plugin. -->","yoast_head_json":{"title":"Sve\u010dka za na grob - Okolju prijazno! - trgovina Iskreni","description":"Sve\u010dka za na grob je narejena iz lesa in odli\u010dna zamenjava za klasi\u010dno nagrobno sve\u010do. Okolju prijazen izdelek!","robots":{"index":"index","follow":"follow","max-snippet":"max-snippet:-1","max-image-preview":"max-image-preview:large","max-video-preview":"max-video-preview:-1"},"canonical":"https:\/\/www.iskreni.net\/trgovina\/product\/svecka-za-na-grob\/","og_locale":"sl_SI","og_type":"article","og_title":"Sve\u010dka za na grob - Okolju prijazno! - trgovina Iskreni","og_description":"Sve\u010dka za na grob je narejena iz lesa in odli\u010dna zamenjava za klasi\u010dno nagrobno sve\u010do. Okolju prijazen izdelek!","og_url":"https:\/\/www.iskreni.net\/trgovina\/product\/svecka-za-na-grob\/","og_site_name":"Zavod Iskreni","article_modified_time":"2023-10-12T12:22:35+00:00","og_image":[{"width":1080,"height":1080,"url":"https:\/\/www.iskreni.net\/trgovina\/wp-content\/uploads\/2020\/10\/svecka2.jpeg","type":"image\/jpeg"}],"twitter_card":"summary_large_image","schema":{"@context":"https:\/\/schema.org","@graph":[{"@type":"WebPage","@id":"https:\/\/www.iskreni.net\/trgovina\/product\/svecka-za-na-grob\/","url":"https:\/\/www.iskreni.net\/trgovina\/product\/svecka-za-na-grob\/","name":"Sve\u010dka za na grob - Okolju prijazno! - trgovina Iskreni","isPartOf":{"@id":"https:\/\/www.iskreni.net\/trgovina\/#website"},"primaryImageOfPage":{"@id":"https:\/\/www.iskreni.net\/trgovina\/product\/svecka-za-na-grob\/#primaryimage"},"image":{"@id":"https:\/\/www.iskreni.net\/trgovina\/product\/svecka-za-na-grob\/#primaryimage"},"thumbnailUrl":"https:\/\/www.iskreni.net\/trgovina\/wp-content\/uploads\/2020\/10\/svecka2.jpeg","datePublished":"2020-10-24T06:12:57+00:00","dateModified":"2023-10-12T12:22:35+00:00","description":"Sve\u010dka za na grob je narejena iz lesa in odli\u010dna zamenjava za klasi\u010dno nagrobno sve\u010do. Okolju prijazen izdelek!","breadcrumb":{"@id":"https:\/\/www.iskreni.net\/trgovina\/product\/svecka-za-na-grob\/#breadcrumb"},"inLanguage":"sl-SI","potentialAction":[{"@type":"ReadAction","target":["https:\/\/www.iskreni.net\/trgovina\/product\/svecka-za-na-grob\/"]}]},{"@type":"ImageObject","inLanguage":"sl-SI","@id":"https:\/\/www.iskreni.net\/trgovina\/product\/svecka-za-na-grob\/#primaryimage","url":"https:\/\/www.iskreni.net\/trgovina\/wp-content\/uploads\/2020\/10\/svecka2.jpeg","contentUrl":"https:\/\/www.iskreni.net\/trgovina\/wp-content\/uploads\/2020\/10\/svecka2.jpeg","width":1080,"height":1080,"caption":"Sve\u010dka za na grob"},{"@type":"BreadcrumbList","@id":"https:\/\/www.iskreni.net\/trgovina\/product\/svecka-za-na-grob\/#breadcrumb","itemListElement":[{"@type":"ListItem","position":1,"name":"Home","item":"https:\/\/www.iskreni.net\/trgovina\/"},{"@type":"ListItem","position":2,"name":"Trgovina","item":"https:\/\/www.iskreni.net\/trgovina\/trgovina\/"},{"@type":"ListItem","position":3,"name":"Sve\u010dka za na grob"}]},{"@type":"WebSite","@id":"https:\/\/www.iskreni.net\/trgovina\/#website","url":"https:\/\/www.iskreni.net\/trgovina\/","name":"Zavod Iskreni","description":"trgovina","potentialAction":[{"@type":"SearchAction","target":{"@type":"EntryPoint","urlTemplate":"https:\/\/www.iskreni.net\/trgovina\/?s={search_term_string}"},"query-input":{"@type":"PropertyValueSpecification","valueRequired":true,"valueName":"search_term_string"}}],"inLanguage":"sl-SI"}]}},"_links":{"self":[{"href":"https:\/\/www.iskreni.net\/trgovina\/wp-json\/wp\/v2\/product\/11260","targetHints":{"allow":["GET"]}}],"collection":[{"href":"https:\/\/www.iskreni.net\/trgovina\/wp-json\/wp\/v2\/product"}],"about":[{"href":"https:\/\/www.iskreni.net\/trgovina\/wp-json\/wp\/v2\/types\/product"}],"replies":[{"embeddable":true,"href":"https:\/\/www.iskreni.net\/trgovina\/wp-json\/wp\/v2\/comments?post=11260"}],"version-history":[{"count":1,"href":"https:\/\/www.iskreni.net\/trgovina\/wp-json\/wp\/v2\/product\/11260\/revisions"}],"predecessor-version":[{"id":68547,"href":"https:\/\/www.iskreni.net\/trgovina\/wp-json\/wp\/v2\/product\/11260\/revisions\/68547"}],"wp:featuredmedia":[{"embeddable":true,"href":"https:\/\/www.iskreni.net\/trgovina\/wp-json\/wp\/v2\/media\/11288"}],"wp:attachment":[{"href":"https:\/\/www.iskreni.net\/trgovina\/wp-json\/wp\/v2\/media?parent=11260"}],"wp:term":[{"taxonomy":"product_brand","embeddable":true,"href":"https:\/\/www.iskreni.net\/trgovina\/wp-json\/wp\/v2\/product_brand?post=11260"},{"taxonomy":"product_cat","embeddable":true,"href":"https:\/\/www.iskreni.net\/trgovina\/wp-json\/wp\/v2\/product_cat?post=11260"},{"taxonomy":"product_tag","embeddable":true,"href":"https:\/\/www.iskreni.net\/trgovina\/wp-json\/wp\/v2\/product_tag?post=11260"},{"taxonomy":"avtor","embeddable":true,"href":"https:\/\/www.iskreni.net\/trgovina\/wp-json\/wp\/v2\/avtor?post=11260"},{"taxonomy":"zalozba","embeddable":true,"href":"https:\/\/www.iskreni.net\/trgovina\/wp-json\/wp\/v2\/zalozba?post=11260"},{"taxonomy":"vezava","embeddable":true,"href":"https:\/\/www.iskreni.net\/trgovina\/wp-json\/wp\/v2\/vezava?post=11260"}],"curies":[{"name":"wp","href":"https:\/\/api.w.org\/{rel}","templated":true}]}}