{"id":11222,"date":"2016-10-21T16:45:06","date_gmt":"2016-10-21T14:45:06","guid":{"rendered":"https:\/\/www.iskreni.net\/trgovina\/?post_type=product&#038;p=11222"},"modified":"2025-09-24T13:37:19","modified_gmt":"2025-09-24T11:37:19","slug":"donacija","status":"publish","type":"product","link":"https:\/\/www.iskreni.net\/trgovina\/product\/donacija\/","title":{"rendered":"Donacija"},"content":{"rendered":"<div>\n<p>\u010ce \u017eelite donacijo nakazati na na\u0161 transakcijski ra\u010dun, so podatki naslednji:<\/p>\n<p><strong>Naslov:<\/strong> Zavod Iskreni, Cesta v Log 11, 1351 Brezovica pri Ljubljani<br \/>\n<strong>\u0160tevilka TRR:<\/strong> SI56 0284 3026 6434 639<br \/>\n<strong>Namen:<\/strong> Donacija<br \/>\n<strong>Koda:<\/strong> CHAR<br \/>\n<strong>Sklic:<\/strong> SI00 1330<br \/>\n<strong>Koda banke:<\/strong> LJBASI2X<\/p>\n<\/div>\n<p>Lahko pa tudi skenirate kodo na spodnjem UPN obrazcu in vnesete samo \u017eeleni znesek.<\/p>\n<p><em><strong>Hvala za va\u0161o podporo!<\/strong><\/em><\/p>\n<p><img fetchpriority=\"high\" decoding=\"async\" class=\"alignnone wp-image-86259 size-large\" src=\"https:\/\/www.iskreni.net\/trgovina\/wp-content\/uploads\/2016\/10\/UPN-obrazec-donacija-1024x482.png\" alt=\"\" width=\"640\" height=\"301\" srcset=\"https:\/\/www.iskreni.net\/trgovina\/wp-content\/uploads\/2016\/10\/UPN-obrazec-donacija-1024x482.png 1024w, https:\/\/www.iskreni.net\/trgovina\/wp-content\/uploads\/2016\/10\/UPN-obrazec-donacija-300x141.png 300w, https:\/\/www.iskreni.net\/trgovina\/wp-content\/uploads\/2016\/10\/UPN-obrazec-donacija-768x361.png 768w, https:\/\/www.iskreni.net\/trgovina\/wp-content\/uploads\/2016\/10\/UPN-obrazec-donacija-600x282.png 600w, https:\/\/www.iskreni.net\/trgovina\/wp-content\/uploads\/2016\/10\/UPN-obrazec-donacija-64x30.png 64w, https:\/\/www.iskreni.net\/trgovina\/wp-content\/uploads\/2016\/10\/UPN-obrazec-donacija.png 1190w\" sizes=\"(max-width: 640px) 100vw, 640px\" \/><\/p>\n","protected":false},"excerpt":{"rendered":"<p>Va\u0161a podpora je klju\u010dna za na\u0161e nadaljnje delovanje.<\/p>\n","protected":false},"featured_media":0,"comment_status":"open","ping_status":"closed","template":"","meta":[],"product_brand":[],"product_cat":[1044],"product_tag":[],"avtor":[],"zalozba":[],"vezava":[],"class_list":{"0":"post-11222","1":"product","2":"type-product","3":"status-publish","5":"product_cat-donacije","7":"first","8":"instock","9":"virtual","10":"sold-individually","11":"purchasable","12":"product-type-simple","13":"nyp-product"},"yoast_head":"<!-- This site is optimized with the Yoast SEO plugin v26.3 - https:\/\/yoast.com\/wordpress\/plugins\/seo\/ -->\n<title>Donacija - Zavod Iskreni<\/title>\n<meta name=\"robots\" content=\"index, follow, max-snippet:-1, max-image-preview:large, max-video-preview:-1\" \/>\n<link rel=\"canonical\" href=\"https:\/\/www.iskreni.net\/trgovina\/product\/donacija\/\" \/>\n<meta property=\"og:locale\" content=\"sl_SI\" \/>\n<meta property=\"og:type\" content=\"article\" \/>\n<meta property=\"og:title\" content=\"Donacija - Zavod Iskreni\" \/>\n<meta property=\"og:description\" content=\"Va\u0161a podpora je klju\u010dna za na\u0161e nadaljnje delovanje.\" \/>\n<meta property=\"og:url\" content=\"https:\/\/www.iskreni.net\/trgovina\/product\/donacija\/\" \/>\n<meta property=\"og:site_name\" content=\"Zavod Iskreni\" \/>\n<meta property=\"article:modified_time\" content=\"2025-09-24T11:37:19+00:00\" \/>\n<meta property=\"og:image\" content=\"https:\/\/www.iskreni.net\/trgovina\/wp-content\/uploads\/2016\/10\/UPN-obrazec-donacija.png\" \/>\n\t<meta property=\"og:image:width\" content=\"1190\" \/>\n\t<meta property=\"og:image:height\" content=\"560\" \/>\n\t<meta property=\"og:image:type\" content=\"image\/png\" \/>\n<meta name=\"twitter:card\" content=\"summary_large_image\" \/>\n<meta name=\"twitter:label1\" content=\"Est. reading time\" \/>\n\t<meta name=\"twitter:data1\" content=\"1 minuta\" \/>\n<script type=\"application\/ld+json\" class=\"yoast-schema-graph\">{\"@context\":\"https:\/\/schema.org\",\"@graph\":[{\"@type\":\"WebPage\",\"@id\":\"https:\/\/www.iskreni.net\/trgovina\/product\/donacija\/\",\"url\":\"https:\/\/www.iskreni.net\/trgovina\/product\/donacija\/\",\"name\":\"Donacija - Zavod Iskreni\",\"isPartOf\":{\"@id\":\"https:\/\/www.iskreni.net\/trgovina\/#website\"},\"primaryImageOfPage\":{\"@id\":\"https:\/\/www.iskreni.net\/trgovina\/product\/donacija\/#primaryimage\"},\"image\":{\"@id\":\"https:\/\/www.iskreni.net\/trgovina\/product\/donacija\/#primaryimage\"},\"thumbnailUrl\":\"https:\/\/www.iskreni.net\/trgovina\/wp-content\/uploads\/2016\/10\/UPN-obrazec-donacija-1024x482.png\",\"datePublished\":\"2016-10-21T14:45:06+00:00\",\"dateModified\":\"2025-09-24T11:37:19+00:00\",\"breadcrumb\":{\"@id\":\"https:\/\/www.iskreni.net\/trgovina\/product\/donacija\/#breadcrumb\"},\"inLanguage\":\"sl-SI\",\"potentialAction\":[{\"@type\":\"ReadAction\",\"target\":[\"https:\/\/www.iskreni.net\/trgovina\/product\/donacija\/\"]}]},{\"@type\":\"ImageObject\",\"inLanguage\":\"sl-SI\",\"@id\":\"https:\/\/www.iskreni.net\/trgovina\/product\/donacija\/#primaryimage\",\"url\":\"https:\/\/www.iskreni.net\/trgovina\/wp-content\/uploads\/2016\/10\/UPN-obrazec-donacija.png\",\"contentUrl\":\"https:\/\/www.iskreni.net\/trgovina\/wp-content\/uploads\/2016\/10\/UPN-obrazec-donacija.png\",\"width\":1190,\"height\":560},{\"@type\":\"BreadcrumbList\",\"@id\":\"https:\/\/www.iskreni.net\/trgovina\/product\/donacija\/#breadcrumb\",\"itemListElement\":[{\"@type\":\"ListItem\",\"position\":1,\"name\":\"Home\",\"item\":\"https:\/\/www.iskreni.net\/trgovina\/\"},{\"@type\":\"ListItem\",\"position\":2,\"name\":\"Trgovina\",\"item\":\"https:\/\/www.iskreni.net\/trgovina\/trgovina\/\"},{\"@type\":\"ListItem\",\"position\":3,\"name\":\"Donacija\"}]},{\"@type\":\"WebSite\",\"@id\":\"https:\/\/www.iskreni.net\/trgovina\/#website\",\"url\":\"https:\/\/www.iskreni.net\/trgovina\/\",\"name\":\"Zavod Iskreni\",\"description\":\"trgovina\",\"potentialAction\":[{\"@type\":\"SearchAction\",\"target\":{\"@type\":\"EntryPoint\",\"urlTemplate\":\"https:\/\/www.iskreni.net\/trgovina\/?s={search_term_string}\"},\"query-input\":{\"@type\":\"PropertyValueSpecification\",\"valueRequired\":true,\"valueName\":\"search_term_string\"}}],\"inLanguage\":\"sl-SI\"}]}<\/script>\n<!-- \/ Yoast SEO plugin. -->","yoast_head_json":{"title":"Donacija - Zavod Iskreni","robots":{"index":"index","follow":"follow","max-snippet":"max-snippet:-1","max-image-preview":"max-image-preview:large","max-video-preview":"max-video-preview:-1"},"canonical":"https:\/\/www.iskreni.net\/trgovina\/product\/donacija\/","og_locale":"sl_SI","og_type":"article","og_title":"Donacija - Zavod Iskreni","og_description":"Va\u0161a podpora je klju\u010dna za na\u0161e nadaljnje delovanje.","og_url":"https:\/\/www.iskreni.net\/trgovina\/product\/donacija\/","og_site_name":"Zavod Iskreni","article_modified_time":"2025-09-24T11:37:19+00:00","og_image":[{"width":1190,"height":560,"url":"https:\/\/www.iskreni.net\/trgovina\/wp-content\/uploads\/2016\/10\/UPN-obrazec-donacija.png","type":"image\/png"}],"twitter_card":"summary_large_image","twitter_misc":{"Est. reading time":"1 minuta"},"schema":{"@context":"https:\/\/schema.org","@graph":[{"@type":"WebPage","@id":"https:\/\/www.iskreni.net\/trgovina\/product\/donacija\/","url":"https:\/\/www.iskreni.net\/trgovina\/product\/donacija\/","name":"Donacija - Zavod Iskreni","isPartOf":{"@id":"https:\/\/www.iskreni.net\/trgovina\/#website"},"primaryImageOfPage":{"@id":"https:\/\/www.iskreni.net\/trgovina\/product\/donacija\/#primaryimage"},"image":{"@id":"https:\/\/www.iskreni.net\/trgovina\/product\/donacija\/#primaryimage"},"thumbnailUrl":"https:\/\/www.iskreni.net\/trgovina\/wp-content\/uploads\/2016\/10\/UPN-obrazec-donacija-1024x482.png","datePublished":"2016-10-21T14:45:06+00:00","dateModified":"2025-09-24T11:37:19+00:00","breadcrumb":{"@id":"https:\/\/www.iskreni.net\/trgovina\/product\/donacija\/#breadcrumb"},"inLanguage":"sl-SI","potentialAction":[{"@type":"ReadAction","target":["https:\/\/www.iskreni.net\/trgovina\/product\/donacija\/"]}]},{"@type":"ImageObject","inLanguage":"sl-SI","@id":"https:\/\/www.iskreni.net\/trgovina\/product\/donacija\/#primaryimage","url":"https:\/\/www.iskreni.net\/trgovina\/wp-content\/uploads\/2016\/10\/UPN-obrazec-donacija.png","contentUrl":"https:\/\/www.iskreni.net\/trgovina\/wp-content\/uploads\/2016\/10\/UPN-obrazec-donacija.png","width":1190,"height":560},{"@type":"BreadcrumbList","@id":"https:\/\/www.iskreni.net\/trgovina\/product\/donacija\/#breadcrumb","itemListElement":[{"@type":"ListItem","position":1,"name":"Home","item":"https:\/\/www.iskreni.net\/trgovina\/"},{"@type":"ListItem","position":2,"name":"Trgovina","item":"https:\/\/www.iskreni.net\/trgovina\/trgovina\/"},{"@type":"ListItem","position":3,"name":"Donacija"}]},{"@type":"WebSite","@id":"https:\/\/www.iskreni.net\/trgovina\/#website","url":"https:\/\/www.iskreni.net\/trgovina\/","name":"Zavod Iskreni","description":"trgovina","potentialAction":[{"@type":"SearchAction","target":{"@type":"EntryPoint","urlTemplate":"https:\/\/www.iskreni.net\/trgovina\/?s={search_term_string}"},"query-input":{"@type":"PropertyValueSpecification","valueRequired":true,"valueName":"search_term_string"}}],"inLanguage":"sl-SI"}]}},"_links":{"self":[{"href":"https:\/\/www.iskreni.net\/trgovina\/wp-json\/wp\/v2\/product\/11222","targetHints":{"allow":["GET"]}}],"collection":[{"href":"https:\/\/www.iskreni.net\/trgovina\/wp-json\/wp\/v2\/product"}],"about":[{"href":"https:\/\/www.iskreni.net\/trgovina\/wp-json\/wp\/v2\/types\/product"}],"replies":[{"embeddable":true,"href":"https:\/\/www.iskreni.net\/trgovina\/wp-json\/wp\/v2\/comments?post=11222"}],"version-history":[{"count":18,"href":"https:\/\/www.iskreni.net\/trgovina\/wp-json\/wp\/v2\/product\/11222\/revisions"}],"predecessor-version":[{"id":89228,"href":"https:\/\/www.iskreni.net\/trgovina\/wp-json\/wp\/v2\/product\/11222\/revisions\/89228"}],"wp:attachment":[{"href":"https:\/\/www.iskreni.net\/trgovina\/wp-json\/wp\/v2\/media?parent=11222"}],"wp:term":[{"taxonomy":"product_brand","embeddable":true,"href":"https:\/\/www.iskreni.net\/trgovina\/wp-json\/wp\/v2\/product_brand?post=11222"},{"taxonomy":"product_cat","embeddable":true,"href":"https:\/\/www.iskreni.net\/trgovina\/wp-json\/wp\/v2\/product_cat?post=11222"},{"taxonomy":"product_tag","embeddable":true,"href":"https:\/\/www.iskreni.net\/trgovina\/wp-json\/wp\/v2\/product_tag?post=11222"},{"taxonomy":"avtor","embeddable":true,"href":"https:\/\/www.iskreni.net\/trgovina\/wp-json\/wp\/v2\/avtor?post=11222"},{"taxonomy":"zalozba","embeddable":true,"href":"https:\/\/www.iskreni.net\/trgovina\/wp-json\/wp\/v2\/zalozba?post=11222"},{"taxonomy":"vezava","embeddable":true,"href":"https:\/\/www.iskreni.net\/trgovina\/wp-json\/wp\/v2\/vezava?post=11222"}],"curies":[{"name":"wp","href":"https:\/\/api.w.org\/{rel}","templated":true}]}}