{"id":11213,"date":"2019-10-21T16:41:33","date_gmt":"2019-10-21T14:41:33","guid":{"rendered":"https:\/\/www.iskreni.net\/trgovina\/?post_type=product&#038;p=11213"},"modified":"2026-03-23T14:12:14","modified_gmt":"2026-03-23T13:12:14","slug":"divji-bojevnik","status":"publish","type":"product","link":"https:\/\/www.iskreni.net\/trgovina\/product\/divji-bojevnik\/","title":{"rendered":"Divji bojevnik"},"content":{"rendered":"","protected":false},"excerpt":{"rendered":"<p>Delavnica je namenjena o\u010detom in njihovim sinovom, ki so vstopili v puberteto, torej nekje med 12. in 15. letom starosti. Namen delavnice je omogo\u010diti izku\u0161njo varne povezanosti med o\u010detom in sinom. Za odra\u0161\u010dajo\u010dega fanta je dragoceno, \u010de ima ob o\u010detu izku\u0161njo igrivosti, a tudi varnosti, ki omogo\u010da na\u010deti resnej\u0161e teme. Delavnica omogo\u010da tudi o\u010detom, da se la\u017eje pribli\u017eajo svojim sinovom in gradijo zaupljiv odnos. Delavnice se udele\u017ei o\u010de z enim sinom.<\/p>\n<p><em>\u010ce se vama zgodi, da se <strong>delavnice zaradi nepredvidljivih razlogov (npr. bolezni) ne bosta mogla udele\u017eiti<\/strong>, vaju vabimo, da poi\u0161\u010deta zamenjavo in na dogodek povabita katerega od vajinih prijateljev in tako udele\u017ebo omogo\u010dita nekomu, ki za tak\u0161no delavnico morda sploh \u0161e ni sli\u0161al. \u010ce zamenjave res ne uspeta najti, pa lahko vajino prijavo (ob dopla\u010dilu 15 \u20ac) prenesemo na naslednji prost termin, ki vama ustreza. \u010ce odsotnosti ne sporo\u010dita in prijave z dopla\u010dilom ne preneseta na naslednji prosti termin, ki vama ustreza, vama prijavnina \u017eal zapade.\u00a0<\/em><\/p>\n","protected":false},"featured_media":89481,"comment_status":"open","ping_status":"closed","template":"","meta":[],"product_brand":[],"product_cat":[1184],"product_tag":[],"avtor":[],"zalozba":[],"vezava":[],"class_list":{"0":"post-11213","1":"product","2":"type-product","3":"status-publish","4":"has-post-thumbnail","6":"product_cat-programi","7":"wcpa_has_options","9":"first","10":"instock","11":"sold-individually","12":"taxable","13":"shipping-taxable","14":"purchasable","15":"product-type-variable"},"yoast_head":"<!-- This site is optimized with the Yoast SEO plugin v26.3 - https:\/\/yoast.com\/wordpress\/plugins\/seo\/ -->\n<title>Divji bojevnik - Zavod Iskreni<\/title>\n<meta name=\"robots\" content=\"index, follow, max-snippet:-1, max-image-preview:large, max-video-preview:-1\" \/>\n<link rel=\"canonical\" href=\"https:\/\/www.iskreni.net\/trgovina\/product\/divji-bojevnik\/\" \/>\n<meta property=\"og:locale\" content=\"sl_SI\" \/>\n<meta property=\"og:type\" content=\"article\" \/>\n<meta property=\"og:title\" content=\"Divji bojevnik - Zavod Iskreni\" \/>\n<meta property=\"og:description\" content=\"Delavnica je namenjena o\u010detom in njihovim sinovom, ki so vstopili v puberteto, torej nekje med 12. in 15. letom starosti. Namen delavnice je omogo\u010diti izku\u0161njo varne povezanosti med o\u010detom in sinom. Za odra\u0161\u010dajo\u010dega fanta je dragoceno, \u010de ima ob o\u010detu izku\u0161njo igrivosti, a tudi varnosti, ki omogo\u010da na\u010deti resnej\u0161e teme. Delavnica omogo\u010da tudi o\u010detom, da se la\u017eje pribli\u017eajo svojim sinovom in gradijo zaupljiv odnos. Delavnice se udele\u017ei o\u010de z enim sinom.  \u010ce se vama zgodi, da se delavnice zaradi nepredvidljivih razlogov (npr. bolezni) ne bosta mogla udele\u017eiti, vaju vabimo, da poi\u0161\u010deta zamenjavo in na dogodek povabita katerega od vajinih prijateljev in tako udele\u017ebo omogo\u010dita nekomu, ki za tak\u0161no delavnico morda sploh \u0161e ni sli\u0161al. \u010ce zamenjave res ne uspeta najti, pa lahko vajino prijavo (ob dopla\u010dilu 15 \u20ac) prenesemo na naslednji prost termin, ki vama ustreza. \u010ce odsotnosti ne sporo\u010dita in prijave z dopla\u010dilom ne preneseta na naslednji prosti termin, ki vama ustreza, vama prijavnina \u017eal zapade.\u00a0\" \/>\n<meta property=\"og:url\" content=\"https:\/\/www.iskreni.net\/trgovina\/product\/divji-bojevnik\/\" \/>\n<meta property=\"og:site_name\" content=\"Zavod Iskreni\" \/>\n<meta property=\"article:modified_time\" content=\"2026-03-23T13:12:14+00:00\" \/>\n<meta property=\"og:image\" content=\"https:\/\/www.iskreni.net\/trgovina\/wp-content\/uploads\/2025\/01\/8-1.png\" \/>\n\t<meta property=\"og:image:width\" content=\"750\" \/>\n\t<meta property=\"og:image:height\" content=\"500\" \/>\n\t<meta property=\"og:image:type\" content=\"image\/png\" \/>\n<meta name=\"twitter:card\" content=\"summary_large_image\" \/>\n<meta name=\"twitter:label1\" content=\"Est. reading time\" \/>\n\t<meta name=\"twitter:data1\" content=\"1 minuta\" \/>\n<script type=\"application\/ld+json\" class=\"yoast-schema-graph\">{\"@context\":\"https:\/\/schema.org\",\"@graph\":[{\"@type\":\"WebPage\",\"@id\":\"https:\/\/www.iskreni.net\/trgovina\/product\/divji-bojevnik\/\",\"url\":\"https:\/\/www.iskreni.net\/trgovina\/product\/divji-bojevnik\/\",\"name\":\"Divji bojevnik - Zavod Iskreni\",\"isPartOf\":{\"@id\":\"https:\/\/www.iskreni.net\/trgovina\/#website\"},\"primaryImageOfPage\":{\"@id\":\"https:\/\/www.iskreni.net\/trgovina\/product\/divji-bojevnik\/#primaryimage\"},\"image\":{\"@id\":\"https:\/\/www.iskreni.net\/trgovina\/product\/divji-bojevnik\/#primaryimage\"},\"thumbnailUrl\":\"https:\/\/www.iskreni.net\/trgovina\/wp-content\/uploads\/2025\/01\/8-1.png\",\"datePublished\":\"2019-10-21T14:41:33+00:00\",\"dateModified\":\"2026-03-23T13:12:14+00:00\",\"breadcrumb\":{\"@id\":\"https:\/\/www.iskreni.net\/trgovina\/product\/divji-bojevnik\/#breadcrumb\"},\"inLanguage\":\"sl-SI\",\"potentialAction\":[{\"@type\":\"ReadAction\",\"target\":[\"https:\/\/www.iskreni.net\/trgovina\/product\/divji-bojevnik\/\"]}]},{\"@type\":\"ImageObject\",\"inLanguage\":\"sl-SI\",\"@id\":\"https:\/\/www.iskreni.net\/trgovina\/product\/divji-bojevnik\/#primaryimage\",\"url\":\"https:\/\/www.iskreni.net\/trgovina\/wp-content\/uploads\/2025\/01\/8-1.png\",\"contentUrl\":\"https:\/\/www.iskreni.net\/trgovina\/wp-content\/uploads\/2025\/01\/8-1.png\",\"width\":750,\"height\":500},{\"@type\":\"BreadcrumbList\",\"@id\":\"https:\/\/www.iskreni.net\/trgovina\/product\/divji-bojevnik\/#breadcrumb\",\"itemListElement\":[{\"@type\":\"ListItem\",\"position\":1,\"name\":\"Home\",\"item\":\"https:\/\/www.iskreni.net\/trgovina\/\"},{\"@type\":\"ListItem\",\"position\":2,\"name\":\"Trgovina\",\"item\":\"https:\/\/www.iskreni.net\/trgovina\/trgovina\/\"},{\"@type\":\"ListItem\",\"position\":3,\"name\":\"Divji bojevnik\"}]},{\"@type\":\"WebSite\",\"@id\":\"https:\/\/www.iskreni.net\/trgovina\/#website\",\"url\":\"https:\/\/www.iskreni.net\/trgovina\/\",\"name\":\"Zavod Iskreni\",\"description\":\"trgovina\",\"potentialAction\":[{\"@type\":\"SearchAction\",\"target\":{\"@type\":\"EntryPoint\",\"urlTemplate\":\"https:\/\/www.iskreni.net\/trgovina\/?s={search_term_string}\"},\"query-input\":{\"@type\":\"PropertyValueSpecification\",\"valueRequired\":true,\"valueName\":\"search_term_string\"}}],\"inLanguage\":\"sl-SI\"}]}<\/script>\n<!-- \/ Yoast SEO plugin. -->","yoast_head_json":{"title":"Divji bojevnik - Zavod Iskreni","robots":{"index":"index","follow":"follow","max-snippet":"max-snippet:-1","max-image-preview":"max-image-preview:large","max-video-preview":"max-video-preview:-1"},"canonical":"https:\/\/www.iskreni.net\/trgovina\/product\/divji-bojevnik\/","og_locale":"sl_SI","og_type":"article","og_title":"Divji bojevnik - Zavod Iskreni","og_description":"Delavnica je namenjena o\u010detom in njihovim sinovom, ki so vstopili v puberteto, torej nekje med 12. in 15. letom starosti. Namen delavnice je omogo\u010diti izku\u0161njo varne povezanosti med o\u010detom in sinom. Za odra\u0161\u010dajo\u010dega fanta je dragoceno, \u010de ima ob o\u010detu izku\u0161njo igrivosti, a tudi varnosti, ki omogo\u010da na\u010deti resnej\u0161e teme. Delavnica omogo\u010da tudi o\u010detom, da se la\u017eje pribli\u017eajo svojim sinovom in gradijo zaupljiv odnos. Delavnice se udele\u017ei o\u010de z enim sinom.  \u010ce se vama zgodi, da se delavnice zaradi nepredvidljivih razlogov (npr. bolezni) ne bosta mogla udele\u017eiti, vaju vabimo, da poi\u0161\u010deta zamenjavo in na dogodek povabita katerega od vajinih prijateljev in tako udele\u017ebo omogo\u010dita nekomu, ki za tak\u0161no delavnico morda sploh \u0161e ni sli\u0161al. \u010ce zamenjave res ne uspeta najti, pa lahko vajino prijavo (ob dopla\u010dilu 15 \u20ac) prenesemo na naslednji prost termin, ki vama ustreza. \u010ce odsotnosti ne sporo\u010dita in prijave z dopla\u010dilom ne preneseta na naslednji prosti termin, ki vama ustreza, vama prijavnina \u017eal zapade.\u00a0","og_url":"https:\/\/www.iskreni.net\/trgovina\/product\/divji-bojevnik\/","og_site_name":"Zavod Iskreni","article_modified_time":"2026-03-23T13:12:14+00:00","og_image":[{"width":750,"height":500,"url":"https:\/\/www.iskreni.net\/trgovina\/wp-content\/uploads\/2025\/01\/8-1.png","type":"image\/png"}],"twitter_card":"summary_large_image","twitter_misc":{"Est. reading time":"1 minuta"},"schema":{"@context":"https:\/\/schema.org","@graph":[{"@type":"WebPage","@id":"https:\/\/www.iskreni.net\/trgovina\/product\/divji-bojevnik\/","url":"https:\/\/www.iskreni.net\/trgovina\/product\/divji-bojevnik\/","name":"Divji bojevnik - Zavod Iskreni","isPartOf":{"@id":"https:\/\/www.iskreni.net\/trgovina\/#website"},"primaryImageOfPage":{"@id":"https:\/\/www.iskreni.net\/trgovina\/product\/divji-bojevnik\/#primaryimage"},"image":{"@id":"https:\/\/www.iskreni.net\/trgovina\/product\/divji-bojevnik\/#primaryimage"},"thumbnailUrl":"https:\/\/www.iskreni.net\/trgovina\/wp-content\/uploads\/2025\/01\/8-1.png","datePublished":"2019-10-21T14:41:33+00:00","dateModified":"2026-03-23T13:12:14+00:00","breadcrumb":{"@id":"https:\/\/www.iskreni.net\/trgovina\/product\/divji-bojevnik\/#breadcrumb"},"inLanguage":"sl-SI","potentialAction":[{"@type":"ReadAction","target":["https:\/\/www.iskreni.net\/trgovina\/product\/divji-bojevnik\/"]}]},{"@type":"ImageObject","inLanguage":"sl-SI","@id":"https:\/\/www.iskreni.net\/trgovina\/product\/divji-bojevnik\/#primaryimage","url":"https:\/\/www.iskreni.net\/trgovina\/wp-content\/uploads\/2025\/01\/8-1.png","contentUrl":"https:\/\/www.iskreni.net\/trgovina\/wp-content\/uploads\/2025\/01\/8-1.png","width":750,"height":500},{"@type":"BreadcrumbList","@id":"https:\/\/www.iskreni.net\/trgovina\/product\/divji-bojevnik\/#breadcrumb","itemListElement":[{"@type":"ListItem","position":1,"name":"Home","item":"https:\/\/www.iskreni.net\/trgovina\/"},{"@type":"ListItem","position":2,"name":"Trgovina","item":"https:\/\/www.iskreni.net\/trgovina\/trgovina\/"},{"@type":"ListItem","position":3,"name":"Divji bojevnik"}]},{"@type":"WebSite","@id":"https:\/\/www.iskreni.net\/trgovina\/#website","url":"https:\/\/www.iskreni.net\/trgovina\/","name":"Zavod Iskreni","description":"trgovina","potentialAction":[{"@type":"SearchAction","target":{"@type":"EntryPoint","urlTemplate":"https:\/\/www.iskreni.net\/trgovina\/?s={search_term_string}"},"query-input":{"@type":"PropertyValueSpecification","valueRequired":true,"valueName":"search_term_string"}}],"inLanguage":"sl-SI"}]}},"_links":{"self":[{"href":"https:\/\/www.iskreni.net\/trgovina\/wp-json\/wp\/v2\/product\/11213","targetHints":{"allow":["GET"]}}],"collection":[{"href":"https:\/\/www.iskreni.net\/trgovina\/wp-json\/wp\/v2\/product"}],"about":[{"href":"https:\/\/www.iskreni.net\/trgovina\/wp-json\/wp\/v2\/types\/product"}],"replies":[{"embeddable":true,"href":"https:\/\/www.iskreni.net\/trgovina\/wp-json\/wp\/v2\/comments?post=11213"}],"version-history":[{"count":3,"href":"https:\/\/www.iskreni.net\/trgovina\/wp-json\/wp\/v2\/product\/11213\/revisions"}],"predecessor-version":[{"id":79513,"href":"https:\/\/www.iskreni.net\/trgovina\/wp-json\/wp\/v2\/product\/11213\/revisions\/79513"}],"wp:featuredmedia":[{"embeddable":true,"href":"https:\/\/www.iskreni.net\/trgovina\/wp-json\/wp\/v2\/media\/89481"}],"wp:attachment":[{"href":"https:\/\/www.iskreni.net\/trgovina\/wp-json\/wp\/v2\/media?parent=11213"}],"wp:term":[{"taxonomy":"product_brand","embeddable":true,"href":"https:\/\/www.iskreni.net\/trgovina\/wp-json\/wp\/v2\/product_brand?post=11213"},{"taxonomy":"product_cat","embeddable":true,"href":"https:\/\/www.iskreni.net\/trgovina\/wp-json\/wp\/v2\/product_cat?post=11213"},{"taxonomy":"product_tag","embeddable":true,"href":"https:\/\/www.iskreni.net\/trgovina\/wp-json\/wp\/v2\/product_tag?post=11213"},{"taxonomy":"avtor","embeddable":true,"href":"https:\/\/www.iskreni.net\/trgovina\/wp-json\/wp\/v2\/avtor?post=11213"},{"taxonomy":"zalozba","embeddable":true,"href":"https:\/\/www.iskreni.net\/trgovina\/wp-json\/wp\/v2\/zalozba?post=11213"},{"taxonomy":"vezava","embeddable":true,"href":"https:\/\/www.iskreni.net\/trgovina\/wp-json\/wp\/v2\/vezava?post=11213"}],"curies":[{"name":"wp","href":"https:\/\/api.w.org\/{rel}","templated":true}]}}