{"id":10957,"date":"2020-10-06T10:53:23","date_gmt":"2020-10-06T08:53:23","guid":{"rendered":"https:\/\/www.iskreni.net\/trgovina\/?post_type=product&#038;p=10957"},"modified":"2024-01-12T12:23:25","modified_gmt":"2024-01-12T11:23:25","slug":"pravi-obraz-janeza-stanovnika","status":"publish","type":"product","link":"https:\/\/www.iskreni.net\/trgovina\/product\/pravi-obraz-janeza-stanovnika\/","title":{"rendered":"Pravi obraz Janeza Stanovnika"},"content":{"rendered":"<h4>O knjigi <em>Pravi obraz Janeza Stanovnika:<\/em><\/h4>\n<p>Resnica je celota in zato Omerza v knjigi Pravi obraz Janeza Stanovnika razkriva neznana dejstva in sistematizira \u017ee znana dejstva v celoto, ki sedaj kon\u010dno poka\u017ee resni\u010dni obraz Janeza Stanovnika in ne njegovo zlagano podobo, ki se je raz\u0161irjala tako v propadli Jugoslaviji kot pozneje (vse do danes) v demokrati\u010dni Sloveniji.<\/p>\n<p>Pisatelj uporablja kronolo\u0161ko-vsebinski pristop, pri tem pa sku\u0161a izrisati tudi psiholo\u0161ki profil oz. Stanovnikov odnos do svojih prijateljev alias za\u0161\u010ditnikov alias dobrotnikov (katoli\u010dana Kocbeka in komunistov Kidri\u010da, Kardelja, Popita in Ku\u010dana). Poseben in obse\u017een del knjiga Pravi obraz Janeza Stanovnika namenja tudi njegovemu prehodu iz vernega v nevernega \u010dloveka, saj mu je \u0161ele ta transformacija omogo\u010dila izjemno kariero v socialisti\u010dnem re\u017eimu.<\/p>\n<p>Pisatelj ob tem v\u00a0<em>Prologu<\/em>\u00a0in\u00a0<em>Epilogu<\/em>\u00a0podaja tudi vrednostno sodbo, ki ni ni\u010d kaj prizanesljiva do Janeza alias Jana Stanovnika. Toda tak\u0161na se pa\u010d razkriva na temelju \u0161tevilnih arhivskih, medijskih in literarnih virov.<\/p>\n<p>Knjiga Pravi obraz Janeza Stanovnika ima skoraj 200 strani. Poleg tega je v njej skorajda 50 strani faksimilov arhivskih dokumentov (nekateri so prvi\u010d objavljeni!) in fotografij (nekatere so prvi\u010d objavljene!). V knjigi nastopa ve\u010d kot 200 posameznikov in posameznic.<\/p>\n<p>&nbsp;<\/p>\n<h4>Kazalo:<\/h4>\n<div class=\"wpb_content_element list only_icon\">\n<ul data-icon=\"steadysets-icon-book2\">\n<li class=\"simple\"><i class=\"steadysets-icon-book2\"><\/i>1. poglavje: Kdo je bil ta brkati mo\u017e?<\/li>\n<li class=\"simple\"><i class=\"steadysets-icon-book2\"><\/i>2. poglavje: Stanovnik kot c\u030clan in vodja Predsedstva SRS<\/li>\n<li class=\"simple\"><i class=\"steadysets-icon-book2\"><\/i>3. poglavje: Stanovnik do komolcev v aferi JBTZ<\/li>\n<li class=\"simple\"><i class=\"steadysets-icon-book2\"><\/i>4. poglavje: Stanovnikovo slavljenje Ertla in Udbe<\/li>\n<li class=\"simple\"><i class=\"steadysets-icon-book2\"><\/i>Epilog<\/li>\n<li class=\"simple\"><i class=\"steadysets-icon-book2\"><\/i>Imensko kazalo<\/li>\n<li class=\"simple\"><i class=\"steadysets-icon-book2\"><\/i>Viri in literatura<\/li>\n<\/ul>\n<\/div>\n<p>&nbsp;<\/p>\n<h4>O avtorju:<\/h4>\n<div class=\"column\">Igor Omerza, rojen v Ljubljani, magister ekonomskih znanosti, je bil \u010dlan vodstva opore\u010dni\u0161kega Odbora za varstvo \u010dlovekovih pravic in aktiven politik po propadu socializma v Sloveniji. Takoj po osamosvojitvi je bil generalni direktor SDK, nato poslanec v parlamentu in ljubljanski pod\u017eupan.\u00a0Zadnja leta se posve\u010da predvsem pisanju knjig. Do sedaj je objavil 14 knjig, nekatere je mo\u017eno brati tudi v nem\u0161kem, hrva\u0161kem in angle\u0161kem jeziku. Ve\u010dinoma pi\u0161e o na\u0161i tajni komunisti\u010dni politi\u010dni policiji. Z novinarjem Bojanom Po\u017earjem je leta 2016 izdal elektronsko knjigo Melania Trump \u2013 The Inside Story.<\/div>\n<p>&nbsp;<\/p>\n<h4>Odlomek iz knjige:<\/h4>\n<p><em>Kot \u010dlan Predsedstva SRS je v pogovoru z ameri\u0161kim konzulom glede Nove revije \u0161t. 57 dejal: \u201cNe bom zanikal, da taki ekstremistic\u030cni pogledi lahko nalete na podporo in odobravanje neinformiranih in \u0161ovinistic\u030cnih krogov \u2026 Slovensko vodstvo je odloc\u030cno usmerjeno na kurs obrambe in ohranitve Jugoslavije za vsako ceno, ker se zaveda, da izven Jugoslavije za slovenski narod ni zgodovinske re\u0161itve.\u201d<\/em><\/p>\n<p><em>Aprila 1989 je za titograjsko Pobjedo dejal, da je \u201cJugoslavija na\u0161a skupna domovina \u2026 na tem stojimo in pademo \u2026 Nekateri se s tem \u017eelijo igrati in izsiljevati. Za njih je to politikantska igra\u201d, Stanovnik tu misli na slovensko opozicijo, in nadaljuje: \u201cjaz se s tem ne morem igrati. Zame je to vpra\u0161anje \u017eivljenja in smrti. To je nekaj, o c\u030cemer ni diskusije \u2026 Zame bi bila odcepitev Slovenije samomor.\u201d<\/em><\/p>\n<p><em>Prav tako aprila 1989 je bil Stanovnik v Sarajevu. Tam je nastopil v prepolni dvorani Doma mladih, navajam: \u201cJugoslavija je na\u0161a skupna domovina in na tej opredelitvi stojimo ali pademo. Jaz sem \u017ee dejal, da bi vsak poskus odcepitve bil samomor za slovenski narod. Jaz ne vem, kaj skriva knjiga zgodovine, toda na tem stali\u0161c\u030cu stoji celo vodstvo.\u201d<\/em><\/p>\n<p><em>Konec februarja 1990 se je stanovnik v Beogradu sestal z Lawrenceom Eagleburgerjem, namestnikom dr\u017eavnega sekretarja za zunanje zadeve ZDA. Prisoten je bil tudi ameri\u0161ki veleposlanik Warren Zimmermann. Tu je \u201cpoudaril, da bi odcepitev imela brez dvoma vrsto ne\u017eeljenih posledic. Za sedanje politic\u030cno vodstvo Slovenije odcepitev ne predstavja realno alternativo.\u201d<\/em><\/p>\n","protected":false},"excerpt":{"rendered":"<div><\/div>\n<div><strong>Leto izdaje:<\/strong> 2020<br \/>\n<strong>\u0160tevilo strani:<\/strong> 191<\/div>\n<div><\/div>\n<div><em>\u201cNekoliko mesecev po tem sestanku mi je tovari\u0161 Kidric\u030c v razgovoru povedal, da sem postal kandidat Partije in aprila 1944 sem postal njen c\u030clan.\u201d<\/em><\/div>\n<div><i>\u00a0<\/i><\/div>\n","protected":false},"featured_media":10959,"comment_status":"open","ping_status":"closed","template":"","meta":[],"product_brand":[],"product_cat":[2326,63],"product_tag":[],"avtor":[2358],"zalozba":[2338],"vezava":[2307],"class_list":{"0":"post-10957","1":"product","2":"type-product","3":"status-publish","4":"has-post-thumbnail","6":"product_cat-druzbena-vprasanja-in-humanistika","7":"product_cat-knjige","8":"avtor-igor-omerza","9":"zalozba-dobra-knjiga","10":"vezava-mehka","12":"first","13":"instock","14":"taxable","15":"shipping-taxable","16":"purchasable","17":"product-type-simple"},"yoast_head":"<!-- This site is optimized with the Yoast SEO plugin v26.3 - https:\/\/yoast.com\/wordpress\/plugins\/seo\/ -->\n<title>Igor Omerza: Pravi obraz Janeza Stanovnika - trgovina Iskreni<\/title>\n<meta name=\"description\" content=\"Pravi obraz Janeza Stanovnika razkriva neznana dejstva in sistematizira \u017ee znana dejstva v celoto, ki sedaj kon\u010dno poka\u017ee resni\u010dni obraz Janeza Stanovnika.\" \/>\n<meta name=\"robots\" content=\"index, follow, max-snippet:-1, max-image-preview:large, max-video-preview:-1\" \/>\n<link rel=\"canonical\" href=\"https:\/\/www.iskreni.net\/trgovina\/product\/pravi-obraz-janeza-stanovnika\/\" \/>\n<meta property=\"og:locale\" content=\"sl_SI\" \/>\n<meta property=\"og:type\" content=\"article\" \/>\n<meta property=\"og:title\" content=\"Igor Omerza: Pravi obraz Janeza Stanovnika - trgovina Iskreni\" \/>\n<meta property=\"og:description\" content=\"Pravi obraz Janeza Stanovnika razkriva neznana dejstva in sistematizira \u017ee znana dejstva v celoto, ki sedaj kon\u010dno poka\u017ee resni\u010dni obraz Janeza Stanovnika.\" \/>\n<meta property=\"og:url\" content=\"https:\/\/www.iskreni.net\/trgovina\/product\/pravi-obraz-janeza-stanovnika\/\" \/>\n<meta property=\"og:site_name\" content=\"Zavod Iskreni\" \/>\n<meta property=\"article:modified_time\" content=\"2024-01-12T11:23:25+00:00\" \/>\n<meta property=\"og:image\" content=\"https:\/\/www.iskreni.net\/trgovina\/wp-content\/uploads\/2020\/10\/Stanovnik-7.jpg\" \/>\n\t<meta property=\"og:image:width\" content=\"673\" \/>\n\t<meta property=\"og:image:height\" content=\"673\" \/>\n\t<meta property=\"og:image:type\" content=\"image\/jpeg\" \/>\n<meta name=\"twitter:card\" content=\"summary_large_image\" \/>\n<meta name=\"twitter:label1\" content=\"Est. reading time\" \/>\n\t<meta name=\"twitter:data1\" content=\"4 minute\" \/>\n<script type=\"application\/ld+json\" class=\"yoast-schema-graph\">{\"@context\":\"https:\/\/schema.org\",\"@graph\":[{\"@type\":\"WebPage\",\"@id\":\"https:\/\/www.iskreni.net\/trgovina\/product\/pravi-obraz-janeza-stanovnika\/\",\"url\":\"https:\/\/www.iskreni.net\/trgovina\/product\/pravi-obraz-janeza-stanovnika\/\",\"name\":\"Igor Omerza: Pravi obraz Janeza Stanovnika - trgovina Iskreni\",\"isPartOf\":{\"@id\":\"https:\/\/www.iskreni.net\/trgovina\/#website\"},\"primaryImageOfPage\":{\"@id\":\"https:\/\/www.iskreni.net\/trgovina\/product\/pravi-obraz-janeza-stanovnika\/#primaryimage\"},\"image\":{\"@id\":\"https:\/\/www.iskreni.net\/trgovina\/product\/pravi-obraz-janeza-stanovnika\/#primaryimage\"},\"thumbnailUrl\":\"https:\/\/www.iskreni.net\/trgovina\/wp-content\/uploads\/2020\/10\/Stanovnik-7.jpg\",\"datePublished\":\"2020-10-06T08:53:23+00:00\",\"dateModified\":\"2024-01-12T11:23:25+00:00\",\"description\":\"Pravi obraz Janeza Stanovnika razkriva neznana dejstva in sistematizira \u017ee znana dejstva v celoto, ki sedaj kon\u010dno poka\u017ee resni\u010dni obraz Janeza Stanovnika.\",\"breadcrumb\":{\"@id\":\"https:\/\/www.iskreni.net\/trgovina\/product\/pravi-obraz-janeza-stanovnika\/#breadcrumb\"},\"inLanguage\":\"sl-SI\",\"potentialAction\":[{\"@type\":\"ReadAction\",\"target\":[\"https:\/\/www.iskreni.net\/trgovina\/product\/pravi-obraz-janeza-stanovnika\/\"]}]},{\"@type\":\"ImageObject\",\"inLanguage\":\"sl-SI\",\"@id\":\"https:\/\/www.iskreni.net\/trgovina\/product\/pravi-obraz-janeza-stanovnika\/#primaryimage\",\"url\":\"https:\/\/www.iskreni.net\/trgovina\/wp-content\/uploads\/2020\/10\/Stanovnik-7.jpg\",\"contentUrl\":\"https:\/\/www.iskreni.net\/trgovina\/wp-content\/uploads\/2020\/10\/Stanovnik-7.jpg\",\"width\":673,\"height\":673,\"caption\":\"Pravi obraz Janeza Stanovnika\"},{\"@type\":\"BreadcrumbList\",\"@id\":\"https:\/\/www.iskreni.net\/trgovina\/product\/pravi-obraz-janeza-stanovnika\/#breadcrumb\",\"itemListElement\":[{\"@type\":\"ListItem\",\"position\":1,\"name\":\"Home\",\"item\":\"https:\/\/www.iskreni.net\/trgovina\/\"},{\"@type\":\"ListItem\",\"position\":2,\"name\":\"Trgovina\",\"item\":\"https:\/\/www.iskreni.net\/trgovina\/trgovina\/\"},{\"@type\":\"ListItem\",\"position\":3,\"name\":\"Pravi obraz Janeza Stanovnika\"}]},{\"@type\":\"WebSite\",\"@id\":\"https:\/\/www.iskreni.net\/trgovina\/#website\",\"url\":\"https:\/\/www.iskreni.net\/trgovina\/\",\"name\":\"Zavod Iskreni\",\"description\":\"trgovina\",\"potentialAction\":[{\"@type\":\"SearchAction\",\"target\":{\"@type\":\"EntryPoint\",\"urlTemplate\":\"https:\/\/www.iskreni.net\/trgovina\/?s={search_term_string}\"},\"query-input\":{\"@type\":\"PropertyValueSpecification\",\"valueRequired\":true,\"valueName\":\"search_term_string\"}}],\"inLanguage\":\"sl-SI\"}]}<\/script>\n<!-- \/ Yoast SEO plugin. -->","yoast_head_json":{"title":"Igor Omerza: Pravi obraz Janeza Stanovnika - trgovina Iskreni","description":"Pravi obraz Janeza Stanovnika razkriva neznana dejstva in sistematizira \u017ee znana dejstva v celoto, ki sedaj kon\u010dno poka\u017ee resni\u010dni obraz Janeza Stanovnika.","robots":{"index":"index","follow":"follow","max-snippet":"max-snippet:-1","max-image-preview":"max-image-preview:large","max-video-preview":"max-video-preview:-1"},"canonical":"https:\/\/www.iskreni.net\/trgovina\/product\/pravi-obraz-janeza-stanovnika\/","og_locale":"sl_SI","og_type":"article","og_title":"Igor Omerza: Pravi obraz Janeza Stanovnika - trgovina Iskreni","og_description":"Pravi obraz Janeza Stanovnika razkriva neznana dejstva in sistematizira \u017ee znana dejstva v celoto, ki sedaj kon\u010dno poka\u017ee resni\u010dni obraz Janeza Stanovnika.","og_url":"https:\/\/www.iskreni.net\/trgovina\/product\/pravi-obraz-janeza-stanovnika\/","og_site_name":"Zavod Iskreni","article_modified_time":"2024-01-12T11:23:25+00:00","og_image":[{"width":673,"height":673,"url":"https:\/\/www.iskreni.net\/trgovina\/wp-content\/uploads\/2020\/10\/Stanovnik-7.jpg","type":"image\/jpeg"}],"twitter_card":"summary_large_image","twitter_misc":{"Est. reading time":"4 minute"},"schema":{"@context":"https:\/\/schema.org","@graph":[{"@type":"WebPage","@id":"https:\/\/www.iskreni.net\/trgovina\/product\/pravi-obraz-janeza-stanovnika\/","url":"https:\/\/www.iskreni.net\/trgovina\/product\/pravi-obraz-janeza-stanovnika\/","name":"Igor Omerza: Pravi obraz Janeza Stanovnika - trgovina Iskreni","isPartOf":{"@id":"https:\/\/www.iskreni.net\/trgovina\/#website"},"primaryImageOfPage":{"@id":"https:\/\/www.iskreni.net\/trgovina\/product\/pravi-obraz-janeza-stanovnika\/#primaryimage"},"image":{"@id":"https:\/\/www.iskreni.net\/trgovina\/product\/pravi-obraz-janeza-stanovnika\/#primaryimage"},"thumbnailUrl":"https:\/\/www.iskreni.net\/trgovina\/wp-content\/uploads\/2020\/10\/Stanovnik-7.jpg","datePublished":"2020-10-06T08:53:23+00:00","dateModified":"2024-01-12T11:23:25+00:00","description":"Pravi obraz Janeza Stanovnika razkriva neznana dejstva in sistematizira \u017ee znana dejstva v celoto, ki sedaj kon\u010dno poka\u017ee resni\u010dni obraz Janeza Stanovnika.","breadcrumb":{"@id":"https:\/\/www.iskreni.net\/trgovina\/product\/pravi-obraz-janeza-stanovnika\/#breadcrumb"},"inLanguage":"sl-SI","potentialAction":[{"@type":"ReadAction","target":["https:\/\/www.iskreni.net\/trgovina\/product\/pravi-obraz-janeza-stanovnika\/"]}]},{"@type":"ImageObject","inLanguage":"sl-SI","@id":"https:\/\/www.iskreni.net\/trgovina\/product\/pravi-obraz-janeza-stanovnika\/#primaryimage","url":"https:\/\/www.iskreni.net\/trgovina\/wp-content\/uploads\/2020\/10\/Stanovnik-7.jpg","contentUrl":"https:\/\/www.iskreni.net\/trgovina\/wp-content\/uploads\/2020\/10\/Stanovnik-7.jpg","width":673,"height":673,"caption":"Pravi obraz Janeza Stanovnika"},{"@type":"BreadcrumbList","@id":"https:\/\/www.iskreni.net\/trgovina\/product\/pravi-obraz-janeza-stanovnika\/#breadcrumb","itemListElement":[{"@type":"ListItem","position":1,"name":"Home","item":"https:\/\/www.iskreni.net\/trgovina\/"},{"@type":"ListItem","position":2,"name":"Trgovina","item":"https:\/\/www.iskreni.net\/trgovina\/trgovina\/"},{"@type":"ListItem","position":3,"name":"Pravi obraz Janeza Stanovnika"}]},{"@type":"WebSite","@id":"https:\/\/www.iskreni.net\/trgovina\/#website","url":"https:\/\/www.iskreni.net\/trgovina\/","name":"Zavod Iskreni","description":"trgovina","potentialAction":[{"@type":"SearchAction","target":{"@type":"EntryPoint","urlTemplate":"https:\/\/www.iskreni.net\/trgovina\/?s={search_term_string}"},"query-input":{"@type":"PropertyValueSpecification","valueRequired":true,"valueName":"search_term_string"}}],"inLanguage":"sl-SI"}]}},"_links":{"self":[{"href":"https:\/\/www.iskreni.net\/trgovina\/wp-json\/wp\/v2\/product\/10957","targetHints":{"allow":["GET"]}}],"collection":[{"href":"https:\/\/www.iskreni.net\/trgovina\/wp-json\/wp\/v2\/product"}],"about":[{"href":"https:\/\/www.iskreni.net\/trgovina\/wp-json\/wp\/v2\/types\/product"}],"replies":[{"embeddable":true,"href":"https:\/\/www.iskreni.net\/trgovina\/wp-json\/wp\/v2\/comments?post=10957"}],"version-history":[{"count":2,"href":"https:\/\/www.iskreni.net\/trgovina\/wp-json\/wp\/v2\/product\/10957\/revisions"}],"predecessor-version":[{"id":72413,"href":"https:\/\/www.iskreni.net\/trgovina\/wp-json\/wp\/v2\/product\/10957\/revisions\/72413"}],"wp:featuredmedia":[{"embeddable":true,"href":"https:\/\/www.iskreni.net\/trgovina\/wp-json\/wp\/v2\/media\/10959"}],"wp:attachment":[{"href":"https:\/\/www.iskreni.net\/trgovina\/wp-json\/wp\/v2\/media?parent=10957"}],"wp:term":[{"taxonomy":"product_brand","embeddable":true,"href":"https:\/\/www.iskreni.net\/trgovina\/wp-json\/wp\/v2\/product_brand?post=10957"},{"taxonomy":"product_cat","embeddable":true,"href":"https:\/\/www.iskreni.net\/trgovina\/wp-json\/wp\/v2\/product_cat?post=10957"},{"taxonomy":"product_tag","embeddable":true,"href":"https:\/\/www.iskreni.net\/trgovina\/wp-json\/wp\/v2\/product_tag?post=10957"},{"taxonomy":"avtor","embeddable":true,"href":"https:\/\/www.iskreni.net\/trgovina\/wp-json\/wp\/v2\/avtor?post=10957"},{"taxonomy":"zalozba","embeddable":true,"href":"https:\/\/www.iskreni.net\/trgovina\/wp-json\/wp\/v2\/zalozba?post=10957"},{"taxonomy":"vezava","embeddable":true,"href":"https:\/\/www.iskreni.net\/trgovina\/wp-json\/wp\/v2\/vezava?post=10957"}],"curies":[{"name":"wp","href":"https:\/\/api.w.org\/{rel}","templated":true}]}}