{"id":10633,"date":"2020-09-22T14:23:43","date_gmt":"2020-09-22T12:23:43","guid":{"rendered":"https:\/\/www.iskreni.net\/trgovina\/?post_type=product&#038;p=10633"},"modified":"2023-10-20T10:39:46","modified_gmt":"2023-10-20T08:39:46","slug":"sos-kristjanov","status":"publish","type":"product","link":"https:\/\/www.iskreni.net\/trgovina\/product\/sos-kristjanov\/","title":{"rendered":"SOS kristjanov"},"content":{"rendered":"<h4>O knjigi SOS kristjanov<\/h4>\n<p>Pilar Rahola je priznana, ve\u010dkrat nagrajena katalonska politi\u010dna analiti\u010darka, publicistka in pisateljica. Pretresljivi podatki o preganjanju kristjanov po svetu so jo spodbudili, da je o tem spisala pregledno in poglobljeno poro\u010dilo. Sama pravi, da ne deli kr\u0161\u010danskega verskega prepri\u010danja, a jo poskusi izbrisa celotnih kr\u0161\u010danskih skupnosti v dolo\u010denih predelih sveta silijo v glasen odziv za zavarovanje temeljnih \u010dlovekovih pravic. Ob pomo\u010di \u0161tevilnih pri\u010devanj v knjigi SOS kristjanov predstavlja zgodbe mu\u010dencev 21. stoletja in razkriva, kako so njihove zgodbe v zahodnem svetu popolnoma zamol\u010dane, saj niso del koncepta \u00bbpoliti\u010dne korektnosti\u00ab.<\/p>\n<p><a href=\"https:\/\/www.iskreni.net\/trgovina\/wp-content\/uploads\/2023\/10\/sos-kristjanov.pdf\">Prelistajte knjigo<\/a><\/p>\n<h4>Odlomek iz knjige\u00a0<em>SOS kristjanov<\/em><\/h4>\n<p><em>Maja leta 2006 je v predstavitvi poro\u010dila na konferenci o verski svobodi v svetu, ki jo je priredila organizacija Ayuda a la Iglesia13, kardinal Renato Raff aele Martino, \u010dastni predsednik Pape\u0161kega sveta za pravi\u010dnost in mir in nekdanji stalni opazovalec Svetega sede\u017ea pri OZN, dejal: \u00bbPogosto pozabljamo, da so kristjani najbolj preganjana \u010dlove\u0161ka skupnosti na svetu.\u00ab Njegove besede so nekateri razumeli kot pretiravanje ali celo kot \u017ealitev. Le kako bi se lahko vsemogo\u010dno kr\u0161\u010danstvo, sekularno vezano na oblastni\u0161ke kroge, preobrazilo v preganjano vero s preobiljem mu\u010denikov? <\/em><\/p>\n<p><em>Dedi\u0161\u010dina 20. stoletja, ki je pustila za seboj milijone umorjenih kristjanov, se ni vtisnila v spomin in kr\u0161\u010danske \u017ertve so se v zavesti sveta ponovno spremenile v \u017ertve naklju\u010dja. Glede tega bi bilo koristno prebrati pravo klasi\u010dno delo Paula Marshalla in Lele Gilbert Th eir Blood Cries Out (Njihova kri vpije), ki je iz\u0161lo leta 199714. V njem sta dokazana \u00bbmolk\u00ab, ki je prikril kr\u0161\u010dansko trpljenje v tistem stoletju, in tisto, kar urednik \u010dasopisa Th e Boston Globe, strokovnjak za kr\u0161\u010danstvo John Allen (med drugim avtor druge nepogre\u0161ljive knjige Th e Global War on Christians \u2013 Globalna vojna proti kristjanom),15 imenuje \u00bbnajbolj varovana skrivnost na svetu\u00ab. Prav tako nadvse zgovorna je izjemna knjiga zgodovinarja in ustanovitelja Skupnosti sv. Egidija \u2013 ki je, med drugimi nagradami, leta 2001 prejel tudi Mednarodno nagrado Katalonije \u2013 Andree Riccardija, ki v Il secolo del martirio (Stoletje mu\u010deni\u0161tva) ob\u017ealuje, da je bilo s tolik\u0161no zamudo ozave\u0161\u010deno kr\u0161\u010dansko mu\u010deni\u0161tvo v 20. stoletju, pri tem pa javnosti predo\u010di umore milijonov kristjanov pod komunisti\u010dnim in nacisti\u010dnim jarmom ter s strani Osmanskega cesarstva (najbolj grozljiv je bil poboj armenskih in sirskih kristjanov), med afri\u0161kimi spopadi ali kot posledica nasilne nestrpnosti v dr\u017eavah, kakr\u0161ni sta \u0160panija ali Mehika. Riccardi pravi: <\/em><\/p>\n<p><em>&#8220;&#8230; v stoletju \u010dlovekovih pravic je bilo prikrito mu\u010deni\u0161tvo in preganjanje milijonov ljudi.&#8221;<\/em><\/p>\n","protected":false},"excerpt":{"rendered":"<p><strong>Prevod:<\/strong> Andrej Lokar<br \/>\n<strong>Spremna beseda:<\/strong> Julio Maria Sanguinetti<br \/>\n<strong>\u0160tevilo strani:<\/strong> 288<\/p>\n<p><b>Zamol\u010dana resni\u010dnost o preganjanju kristjanov danes<\/b><\/p>\n<p><a href=\"https:\/\/www.iskreni.net\/trgovina\/wp-content\/uploads\/2023\/10\/sos-kristjanov.pdf\">Prelistajte knjigo<\/a><\/p>\n","protected":false},"featured_media":10635,"comment_status":"open","ping_status":"closed","template":"","meta":[],"product_brand":[],"product_cat":[2326,2322,2324,63],"product_tag":[758],"avtor":[2530],"zalozba":[2311],"vezava":[2306],"class_list":{"0":"post-10633","1":"product","2":"type-product","3":"status-publish","4":"has-post-thumbnail","6":"product_cat-druzbena-vprasanja-in-humanistika","7":"product_cat-druzina-in-odnosi","8":"product_cat-duhovnost-in-osebna-rast","9":"product_cat-knjige","10":"product_tag-pricevanje","11":"avtor-pilar-rahola","12":"zalozba-druzina","13":"vezava-trda","15":"first","16":"instock","17":"taxable","18":"shipping-taxable","19":"purchasable","20":"product-type-simple"},"yoast_head":"<!-- This site is optimized with the Yoast SEO plugin v26.3 - https:\/\/yoast.com\/wordpress\/plugins\/seo\/ -->\n<title>SOS kristjanov - Zamol\u010dana resni\u010dnost o preganjanju kristjanov danes<\/title>\n<meta name=\"description\" content=\"SOS kristjanov predstavlja zgodbe mu\u010dencev 21. stoletja in razkriva, kako so njihove zgodbe zamol\u010dane, saj niso del koncepta \u00bbpoliti\u010dne korektnosti\u00ab.\" \/>\n<meta name=\"robots\" content=\"index, follow, max-snippet:-1, max-image-preview:large, max-video-preview:-1\" \/>\n<link rel=\"canonical\" href=\"https:\/\/www.iskreni.net\/trgovina\/product\/sos-kristjanov\/\" \/>\n<meta property=\"og:locale\" content=\"sl_SI\" \/>\n<meta property=\"og:type\" content=\"article\" \/>\n<meta property=\"og:title\" content=\"SOS kristjanov - Zamol\u010dana resni\u010dnost o preganjanju kristjanov danes\" \/>\n<meta property=\"og:description\" content=\"SOS kristjanov predstavlja zgodbe mu\u010dencev 21. stoletja in razkriva, kako so njihove zgodbe zamol\u010dane, saj niso del koncepta \u00bbpoliti\u010dne korektnosti\u00ab.\" \/>\n<meta property=\"og:url\" content=\"https:\/\/www.iskreni.net\/trgovina\/product\/sos-kristjanov\/\" \/>\n<meta property=\"og:site_name\" content=\"Zavod Iskreni\" \/>\n<meta property=\"article:modified_time\" content=\"2023-10-20T08:39:46+00:00\" \/>\n<meta property=\"og:image\" content=\"https:\/\/www.iskreni.net\/trgovina\/wp-content\/uploads\/2020\/09\/Rahola-SOS-kristjanov.jpg\" \/>\n\t<meta property=\"og:image:width\" content=\"792\" \/>\n\t<meta property=\"og:image:height\" content=\"792\" \/>\n\t<meta property=\"og:image:type\" content=\"image\/jpeg\" \/>\n<meta name=\"twitter:card\" content=\"summary_large_image\" \/>\n<meta name=\"twitter:label1\" content=\"Est. reading time\" \/>\n\t<meta name=\"twitter:data1\" content=\"3 minute\" \/>\n<script type=\"application\/ld+json\" class=\"yoast-schema-graph\">{\"@context\":\"https:\/\/schema.org\",\"@graph\":[{\"@type\":\"WebPage\",\"@id\":\"https:\/\/www.iskreni.net\/trgovina\/product\/sos-kristjanov\/\",\"url\":\"https:\/\/www.iskreni.net\/trgovina\/product\/sos-kristjanov\/\",\"name\":\"SOS kristjanov - Zamol\u010dana resni\u010dnost o preganjanju kristjanov danes\",\"isPartOf\":{\"@id\":\"https:\/\/www.iskreni.net\/trgovina\/#website\"},\"primaryImageOfPage\":{\"@id\":\"https:\/\/www.iskreni.net\/trgovina\/product\/sos-kristjanov\/#primaryimage\"},\"image\":{\"@id\":\"https:\/\/www.iskreni.net\/trgovina\/product\/sos-kristjanov\/#primaryimage\"},\"thumbnailUrl\":\"https:\/\/www.iskreni.net\/trgovina\/wp-content\/uploads\/2020\/09\/Rahola-SOS-kristjanov.jpg\",\"datePublished\":\"2020-09-22T12:23:43+00:00\",\"dateModified\":\"2023-10-20T08:39:46+00:00\",\"description\":\"SOS kristjanov predstavlja zgodbe mu\u010dencev 21. stoletja in razkriva, kako so njihove zgodbe zamol\u010dane, saj niso del koncepta \u00bbpoliti\u010dne korektnosti\u00ab.\",\"breadcrumb\":{\"@id\":\"https:\/\/www.iskreni.net\/trgovina\/product\/sos-kristjanov\/#breadcrumb\"},\"inLanguage\":\"sl-SI\",\"potentialAction\":[{\"@type\":\"ReadAction\",\"target\":[\"https:\/\/www.iskreni.net\/trgovina\/product\/sos-kristjanov\/\"]}]},{\"@type\":\"ImageObject\",\"inLanguage\":\"sl-SI\",\"@id\":\"https:\/\/www.iskreni.net\/trgovina\/product\/sos-kristjanov\/#primaryimage\",\"url\":\"https:\/\/www.iskreni.net\/trgovina\/wp-content\/uploads\/2020\/09\/Rahola-SOS-kristjanov.jpg\",\"contentUrl\":\"https:\/\/www.iskreni.net\/trgovina\/wp-content\/uploads\/2020\/09\/Rahola-SOS-kristjanov.jpg\",\"width\":792,\"height\":792,\"caption\":\"SOS kristjanov\"},{\"@type\":\"BreadcrumbList\",\"@id\":\"https:\/\/www.iskreni.net\/trgovina\/product\/sos-kristjanov\/#breadcrumb\",\"itemListElement\":[{\"@type\":\"ListItem\",\"position\":1,\"name\":\"Home\",\"item\":\"https:\/\/www.iskreni.net\/trgovina\/\"},{\"@type\":\"ListItem\",\"position\":2,\"name\":\"Trgovina\",\"item\":\"https:\/\/www.iskreni.net\/trgovina\/trgovina\/\"},{\"@type\":\"ListItem\",\"position\":3,\"name\":\"SOS kristjanov\"}]},{\"@type\":\"WebSite\",\"@id\":\"https:\/\/www.iskreni.net\/trgovina\/#website\",\"url\":\"https:\/\/www.iskreni.net\/trgovina\/\",\"name\":\"Zavod Iskreni\",\"description\":\"trgovina\",\"potentialAction\":[{\"@type\":\"SearchAction\",\"target\":{\"@type\":\"EntryPoint\",\"urlTemplate\":\"https:\/\/www.iskreni.net\/trgovina\/?s={search_term_string}\"},\"query-input\":{\"@type\":\"PropertyValueSpecification\",\"valueRequired\":true,\"valueName\":\"search_term_string\"}}],\"inLanguage\":\"sl-SI\"}]}<\/script>\n<!-- \/ Yoast SEO plugin. -->","yoast_head_json":{"title":"SOS kristjanov - Zamol\u010dana resni\u010dnost o preganjanju kristjanov danes","description":"SOS kristjanov predstavlja zgodbe mu\u010dencev 21. stoletja in razkriva, kako so njihove zgodbe zamol\u010dane, saj niso del koncepta \u00bbpoliti\u010dne korektnosti\u00ab.","robots":{"index":"index","follow":"follow","max-snippet":"max-snippet:-1","max-image-preview":"max-image-preview:large","max-video-preview":"max-video-preview:-1"},"canonical":"https:\/\/www.iskreni.net\/trgovina\/product\/sos-kristjanov\/","og_locale":"sl_SI","og_type":"article","og_title":"SOS kristjanov - Zamol\u010dana resni\u010dnost o preganjanju kristjanov danes","og_description":"SOS kristjanov predstavlja zgodbe mu\u010dencev 21. stoletja in razkriva, kako so njihove zgodbe zamol\u010dane, saj niso del koncepta \u00bbpoliti\u010dne korektnosti\u00ab.","og_url":"https:\/\/www.iskreni.net\/trgovina\/product\/sos-kristjanov\/","og_site_name":"Zavod Iskreni","article_modified_time":"2023-10-20T08:39:46+00:00","og_image":[{"width":792,"height":792,"url":"https:\/\/www.iskreni.net\/trgovina\/wp-content\/uploads\/2020\/09\/Rahola-SOS-kristjanov.jpg","type":"image\/jpeg"}],"twitter_card":"summary_large_image","twitter_misc":{"Est. reading time":"3 minute"},"schema":{"@context":"https:\/\/schema.org","@graph":[{"@type":"WebPage","@id":"https:\/\/www.iskreni.net\/trgovina\/product\/sos-kristjanov\/","url":"https:\/\/www.iskreni.net\/trgovina\/product\/sos-kristjanov\/","name":"SOS kristjanov - Zamol\u010dana resni\u010dnost o preganjanju kristjanov danes","isPartOf":{"@id":"https:\/\/www.iskreni.net\/trgovina\/#website"},"primaryImageOfPage":{"@id":"https:\/\/www.iskreni.net\/trgovina\/product\/sos-kristjanov\/#primaryimage"},"image":{"@id":"https:\/\/www.iskreni.net\/trgovina\/product\/sos-kristjanov\/#primaryimage"},"thumbnailUrl":"https:\/\/www.iskreni.net\/trgovina\/wp-content\/uploads\/2020\/09\/Rahola-SOS-kristjanov.jpg","datePublished":"2020-09-22T12:23:43+00:00","dateModified":"2023-10-20T08:39:46+00:00","description":"SOS kristjanov predstavlja zgodbe mu\u010dencev 21. stoletja in razkriva, kako so njihove zgodbe zamol\u010dane, saj niso del koncepta \u00bbpoliti\u010dne korektnosti\u00ab.","breadcrumb":{"@id":"https:\/\/www.iskreni.net\/trgovina\/product\/sos-kristjanov\/#breadcrumb"},"inLanguage":"sl-SI","potentialAction":[{"@type":"ReadAction","target":["https:\/\/www.iskreni.net\/trgovina\/product\/sos-kristjanov\/"]}]},{"@type":"ImageObject","inLanguage":"sl-SI","@id":"https:\/\/www.iskreni.net\/trgovina\/product\/sos-kristjanov\/#primaryimage","url":"https:\/\/www.iskreni.net\/trgovina\/wp-content\/uploads\/2020\/09\/Rahola-SOS-kristjanov.jpg","contentUrl":"https:\/\/www.iskreni.net\/trgovina\/wp-content\/uploads\/2020\/09\/Rahola-SOS-kristjanov.jpg","width":792,"height":792,"caption":"SOS kristjanov"},{"@type":"BreadcrumbList","@id":"https:\/\/www.iskreni.net\/trgovina\/product\/sos-kristjanov\/#breadcrumb","itemListElement":[{"@type":"ListItem","position":1,"name":"Home","item":"https:\/\/www.iskreni.net\/trgovina\/"},{"@type":"ListItem","position":2,"name":"Trgovina","item":"https:\/\/www.iskreni.net\/trgovina\/trgovina\/"},{"@type":"ListItem","position":3,"name":"SOS kristjanov"}]},{"@type":"WebSite","@id":"https:\/\/www.iskreni.net\/trgovina\/#website","url":"https:\/\/www.iskreni.net\/trgovina\/","name":"Zavod Iskreni","description":"trgovina","potentialAction":[{"@type":"SearchAction","target":{"@type":"EntryPoint","urlTemplate":"https:\/\/www.iskreni.net\/trgovina\/?s={search_term_string}"},"query-input":{"@type":"PropertyValueSpecification","valueRequired":true,"valueName":"search_term_string"}}],"inLanguage":"sl-SI"}]}},"_links":{"self":[{"href":"https:\/\/www.iskreni.net\/trgovina\/wp-json\/wp\/v2\/product\/10633","targetHints":{"allow":["GET"]}}],"collection":[{"href":"https:\/\/www.iskreni.net\/trgovina\/wp-json\/wp\/v2\/product"}],"about":[{"href":"https:\/\/www.iskreni.net\/trgovina\/wp-json\/wp\/v2\/types\/product"}],"replies":[{"embeddable":true,"href":"https:\/\/www.iskreni.net\/trgovina\/wp-json\/wp\/v2\/comments?post=10633"}],"version-history":[{"count":3,"href":"https:\/\/www.iskreni.net\/trgovina\/wp-json\/wp\/v2\/product\/10633\/revisions"}],"predecessor-version":[{"id":70200,"href":"https:\/\/www.iskreni.net\/trgovina\/wp-json\/wp\/v2\/product\/10633\/revisions\/70200"}],"wp:featuredmedia":[{"embeddable":true,"href":"https:\/\/www.iskreni.net\/trgovina\/wp-json\/wp\/v2\/media\/10635"}],"wp:attachment":[{"href":"https:\/\/www.iskreni.net\/trgovina\/wp-json\/wp\/v2\/media?parent=10633"}],"wp:term":[{"taxonomy":"product_brand","embeddable":true,"href":"https:\/\/www.iskreni.net\/trgovina\/wp-json\/wp\/v2\/product_brand?post=10633"},{"taxonomy":"product_cat","embeddable":true,"href":"https:\/\/www.iskreni.net\/trgovina\/wp-json\/wp\/v2\/product_cat?post=10633"},{"taxonomy":"product_tag","embeddable":true,"href":"https:\/\/www.iskreni.net\/trgovina\/wp-json\/wp\/v2\/product_tag?post=10633"},{"taxonomy":"avtor","embeddable":true,"href":"https:\/\/www.iskreni.net\/trgovina\/wp-json\/wp\/v2\/avtor?post=10633"},{"taxonomy":"zalozba","embeddable":true,"href":"https:\/\/www.iskreni.net\/trgovina\/wp-json\/wp\/v2\/zalozba?post=10633"},{"taxonomy":"vezava","embeddable":true,"href":"https:\/\/www.iskreni.net\/trgovina\/wp-json\/wp\/v2\/vezava?post=10633"}],"curies":[{"name":"wp","href":"https:\/\/api.w.org\/{rel}","templated":true}]}}