{"id":10024,"date":"2020-08-04T08:51:39","date_gmt":"2020-08-04T06:51:39","guid":{"rendered":"https:\/\/www.iskreni.net\/trgovina\/?post_type=product&#038;p=10024"},"modified":"2026-04-21T09:34:20","modified_gmt":"2026-04-21T07:34:20","slug":"komplet-6-vlozkov-velikost-s-in-m","status":"publish","type":"product","link":"https:\/\/www.iskreni.net\/trgovina\/product\/komplet-6-vlozkov-velikost-s-in-m\/","title":{"rendered":"Komplet 6 vlo\u017ekov (velikost S in M)"},"content":{"rendered":"<h4>Vsebina kompleta:<\/h4>\n<ul>\n<li>3 x vlo\u017eek s krilci S<\/li>\n<li>3 x vlo\u017eek s krilci M<\/li>\n<\/ul>\n<p>Komplet 6 vlo\u017ekov je primeren za zelo blage menstuacije ali kot dodatna za\u0161\u010dita ob menstrualni skodelici.<\/p>\n<h4>Material:<\/h4>\n<ul>\n<li><strong>zgornja in vmesne plasti vlo\u017ekov:<br \/>\n<\/strong>NEBELJEN BAMBUS: 77 % viskoza (bambus), 23 % poliester (s certifikatom Oeko-Tex\u00ae Standard 100, razred 1)<br \/>\nBARVNI IN NEBELJENI EKO BOMBA\u017d: 100 % bomba\u017e, ekolo\u0161ko pridelan<br \/>\nPISANI EKO BOMBA\u017d: zgornja plast: 95 % bomba\u017e, 5 % elastan, ekolo\u0161ko pridelan, vmesne plasti: 77 % viskoza (bambus), 23 % poliester<br \/>\nOSTALI (PISANI) MOTIVI: zgornja plast: 95 % bomba\u017e, 5 % elastan, vmesne plasti: 77 % viskoza (bambus), 23 % poliester<\/li>\n<li><strong>spodnja nepremo\u010dljiva plast vlo\u017ekov:<\/strong>\u00a070 % bomba\u017e, 30 % poliester, poliuretanski premaz:\n<ul>\n<li>material izdelan v Nem\u010diji in ima certifikat Oeko-Tex\u00ae Standard 100, razred 1<\/li>\n<li>neprepustnost vode po DIN 208011: 3000 mm<\/li>\n<li>propustnost vodne pare po DIN 53122 \/ klima B: pribl. 500 g\/m2d<\/li>\n<li>brez PVC in formaldehida<\/li>\n<\/ul>\n<\/li>\n<\/ul>\n<h4>Vzdr\u017eevanje:<\/h4>\n<ul>\n<li>vlo\u017eki so deklarirani za temperaturo pranja pri 95\u00a0<sup>o<\/sup>C<\/li>\n<li>lahko se su\u0161ijo v su\u0161ilnem stroju<\/li>\n<li>tudi barvni vlo\u017eki ne obarvajo belega perila<\/li>\n<\/ul>\n<h4>Uporaba:<\/h4>\n<ul>\n<li>Srednji (M) vlo\u017eek se uporablja v dneh mo\u010dnej\u0161e menstruacije, manj\u0161i (S) pa v zadnjih dneh, oba pa lahko tudi v kombinaciji z menstrualno skodelico ter za vsakodnevno uporabo.<\/li>\n<li>Komplet 6 vlo\u017ekov je primeren tudi pri poporodnih krvavitvah in bla\u017eji inkontinenci.<\/li>\n<\/ul>\n","protected":false},"excerpt":{"rendered":"<p>Komplet tanj\u0161ih vlo\u017ekov v vrednosti 30,54 \u20ac .<\/p>\n","protected":false},"featured_media":62040,"comment_status":"open","ping_status":"closed","template":"","meta":[],"product_brand":[],"product_cat":[83,955],"product_tag":[926],"avtor":[],"zalozba":[],"vezava":[],"class_list":{"0":"post-10024","1":"product","2":"type-product","3":"status-publish","4":"has-post-thumbnail","6":"product_cat-izdelki-za-menstruacijo","7":"product_cat-kompleti-vlozkov","8":"product_tag-pralni-vlozki","10":"first","11":"instock","12":"taxable","13":"shipping-taxable","14":"purchasable","15":"product-type-simple"},"yoast_head":"<!-- This site is optimized with the Yoast SEO plugin v26.3 - https:\/\/yoast.com\/wordpress\/plugins\/seo\/ -->\n<title>Komplet 6 vlo\u017ekov (S in M) - pralni menstrualni vlo\u017eki - trgovina Iskreni<\/title>\n<meta name=\"description\" content=\"Komplet 6 vlo\u017ekov je primeren za zelo blage menstuacije ali kot dodatna za\u0161\u010dita ob menstrualni skodelici. Po 3 kos v velikost S in M.\" \/>\n<meta name=\"robots\" content=\"index, follow, max-snippet:-1, max-image-preview:large, max-video-preview:-1\" \/>\n<link rel=\"canonical\" href=\"https:\/\/www.iskreni.net\/trgovina\/product\/komplet-6-vlozkov-velikost-s-in-m\/\" \/>\n<meta property=\"og:locale\" content=\"sl_SI\" \/>\n<meta property=\"og:type\" content=\"article\" \/>\n<meta property=\"og:title\" content=\"Komplet 6 vlo\u017ekov (S in M) - pralni menstrualni vlo\u017eki - trgovina Iskreni\" \/>\n<meta property=\"og:description\" content=\"Komplet 6 vlo\u017ekov je primeren za zelo blage menstuacije ali kot dodatna za\u0161\u010dita ob menstrualni skodelici. Po 3 kos v velikost S in M.\" \/>\n<meta property=\"og:url\" content=\"https:\/\/www.iskreni.net\/trgovina\/product\/komplet-6-vlozkov-velikost-s-in-m\/\" \/>\n<meta property=\"og:site_name\" content=\"Zavod Iskreni\" \/>\n<meta property=\"article:modified_time\" content=\"2026-04-21T07:34:20+00:00\" \/>\n<meta property=\"og:image\" content=\"https:\/\/www.iskreni.net\/trgovina\/wp-content\/uploads\/2022\/12\/804-499-komplet_vlozki_racman-bd1da53368674fd5.jpg\" \/>\n\t<meta property=\"og:image:width\" content=\"370\" \/>\n\t<meta property=\"og:image:height\" content=\"370\" \/>\n\t<meta property=\"og:image:type\" content=\"image\/jpeg\" \/>\n<meta name=\"twitter:card\" content=\"summary_large_image\" \/>\n<meta name=\"twitter:label1\" content=\"Est. reading time\" \/>\n\t<meta name=\"twitter:data1\" content=\"2 minuti\" \/>\n<script type=\"application\/ld+json\" class=\"yoast-schema-graph\">{\"@context\":\"https:\/\/schema.org\",\"@graph\":[{\"@type\":\"WebPage\",\"@id\":\"https:\/\/www.iskreni.net\/trgovina\/product\/komplet-6-vlozkov-velikost-s-in-m\/\",\"url\":\"https:\/\/www.iskreni.net\/trgovina\/product\/komplet-6-vlozkov-velikost-s-in-m\/\",\"name\":\"Komplet 6 vlo\u017ekov (S in M) - pralni menstrualni vlo\u017eki - trgovina Iskreni\",\"isPartOf\":{\"@id\":\"https:\/\/www.iskreni.net\/trgovina\/#website\"},\"primaryImageOfPage\":{\"@id\":\"https:\/\/www.iskreni.net\/trgovina\/product\/komplet-6-vlozkov-velikost-s-in-m\/#primaryimage\"},\"image\":{\"@id\":\"https:\/\/www.iskreni.net\/trgovina\/product\/komplet-6-vlozkov-velikost-s-in-m\/#primaryimage\"},\"thumbnailUrl\":\"https:\/\/www.iskreni.net\/trgovina\/wp-content\/uploads\/2022\/12\/804-499-komplet_vlozki_racman-bd1da53368674fd5.jpg\",\"datePublished\":\"2020-08-04T06:51:39+00:00\",\"dateModified\":\"2026-04-21T07:34:20+00:00\",\"description\":\"Komplet 6 vlo\u017ekov je primeren za zelo blage menstuacije ali kot dodatna za\u0161\u010dita ob menstrualni skodelici. Po 3 kos v velikost S in M.\",\"breadcrumb\":{\"@id\":\"https:\/\/www.iskreni.net\/trgovina\/product\/komplet-6-vlozkov-velikost-s-in-m\/#breadcrumb\"},\"inLanguage\":\"sl-SI\",\"potentialAction\":[{\"@type\":\"ReadAction\",\"target\":[\"https:\/\/www.iskreni.net\/trgovina\/product\/komplet-6-vlozkov-velikost-s-in-m\/\"]}]},{\"@type\":\"ImageObject\",\"inLanguage\":\"sl-SI\",\"@id\":\"https:\/\/www.iskreni.net\/trgovina\/product\/komplet-6-vlozkov-velikost-s-in-m\/#primaryimage\",\"url\":\"https:\/\/www.iskreni.net\/trgovina\/wp-content\/uploads\/2022\/12\/804-499-komplet_vlozki_racman-bd1da53368674fd5.jpg\",\"contentUrl\":\"https:\/\/www.iskreni.net\/trgovina\/wp-content\/uploads\/2022\/12\/804-499-komplet_vlozki_racman-bd1da53368674fd5.jpg\",\"width\":370,\"height\":370},{\"@type\":\"BreadcrumbList\",\"@id\":\"https:\/\/www.iskreni.net\/trgovina\/product\/komplet-6-vlozkov-velikost-s-in-m\/#breadcrumb\",\"itemListElement\":[{\"@type\":\"ListItem\",\"position\":1,\"name\":\"Home\",\"item\":\"https:\/\/www.iskreni.net\/trgovina\/\"},{\"@type\":\"ListItem\",\"position\":2,\"name\":\"Trgovina\",\"item\":\"https:\/\/www.iskreni.net\/trgovina\/trgovina\/\"},{\"@type\":\"ListItem\",\"position\":3,\"name\":\"Komplet 6 vlo\u017ekov (velikost S in M)\"}]},{\"@type\":\"WebSite\",\"@id\":\"https:\/\/www.iskreni.net\/trgovina\/#website\",\"url\":\"https:\/\/www.iskreni.net\/trgovina\/\",\"name\":\"Zavod Iskreni\",\"description\":\"trgovina\",\"potentialAction\":[{\"@type\":\"SearchAction\",\"target\":{\"@type\":\"EntryPoint\",\"urlTemplate\":\"https:\/\/www.iskreni.net\/trgovina\/?s={search_term_string}\"},\"query-input\":{\"@type\":\"PropertyValueSpecification\",\"valueRequired\":true,\"valueName\":\"search_term_string\"}}],\"inLanguage\":\"sl-SI\"}]}<\/script>\n<!-- \/ Yoast SEO plugin. -->","yoast_head_json":{"title":"Komplet 6 vlo\u017ekov (S in M) - pralni menstrualni vlo\u017eki - trgovina Iskreni","description":"Komplet 6 vlo\u017ekov je primeren za zelo blage menstuacije ali kot dodatna za\u0161\u010dita ob menstrualni skodelici. Po 3 kos v velikost S in M.","robots":{"index":"index","follow":"follow","max-snippet":"max-snippet:-1","max-image-preview":"max-image-preview:large","max-video-preview":"max-video-preview:-1"},"canonical":"https:\/\/www.iskreni.net\/trgovina\/product\/komplet-6-vlozkov-velikost-s-in-m\/","og_locale":"sl_SI","og_type":"article","og_title":"Komplet 6 vlo\u017ekov (S in M) - pralni menstrualni vlo\u017eki - trgovina Iskreni","og_description":"Komplet 6 vlo\u017ekov je primeren za zelo blage menstuacije ali kot dodatna za\u0161\u010dita ob menstrualni skodelici. Po 3 kos v velikost S in M.","og_url":"https:\/\/www.iskreni.net\/trgovina\/product\/komplet-6-vlozkov-velikost-s-in-m\/","og_site_name":"Zavod Iskreni","article_modified_time":"2026-04-21T07:34:20+00:00","og_image":[{"width":370,"height":370,"url":"https:\/\/www.iskreni.net\/trgovina\/wp-content\/uploads\/2022\/12\/804-499-komplet_vlozki_racman-bd1da53368674fd5.jpg","type":"image\/jpeg"}],"twitter_card":"summary_large_image","twitter_misc":{"Est. reading time":"2 minuti"},"schema":{"@context":"https:\/\/schema.org","@graph":[{"@type":"WebPage","@id":"https:\/\/www.iskreni.net\/trgovina\/product\/komplet-6-vlozkov-velikost-s-in-m\/","url":"https:\/\/www.iskreni.net\/trgovina\/product\/komplet-6-vlozkov-velikost-s-in-m\/","name":"Komplet 6 vlo\u017ekov (S in M) - pralni menstrualni vlo\u017eki - trgovina Iskreni","isPartOf":{"@id":"https:\/\/www.iskreni.net\/trgovina\/#website"},"primaryImageOfPage":{"@id":"https:\/\/www.iskreni.net\/trgovina\/product\/komplet-6-vlozkov-velikost-s-in-m\/#primaryimage"},"image":{"@id":"https:\/\/www.iskreni.net\/trgovina\/product\/komplet-6-vlozkov-velikost-s-in-m\/#primaryimage"},"thumbnailUrl":"https:\/\/www.iskreni.net\/trgovina\/wp-content\/uploads\/2022\/12\/804-499-komplet_vlozki_racman-bd1da53368674fd5.jpg","datePublished":"2020-08-04T06:51:39+00:00","dateModified":"2026-04-21T07:34:20+00:00","description":"Komplet 6 vlo\u017ekov je primeren za zelo blage menstuacije ali kot dodatna za\u0161\u010dita ob menstrualni skodelici. Po 3 kos v velikost S in M.","breadcrumb":{"@id":"https:\/\/www.iskreni.net\/trgovina\/product\/komplet-6-vlozkov-velikost-s-in-m\/#breadcrumb"},"inLanguage":"sl-SI","potentialAction":[{"@type":"ReadAction","target":["https:\/\/www.iskreni.net\/trgovina\/product\/komplet-6-vlozkov-velikost-s-in-m\/"]}]},{"@type":"ImageObject","inLanguage":"sl-SI","@id":"https:\/\/www.iskreni.net\/trgovina\/product\/komplet-6-vlozkov-velikost-s-in-m\/#primaryimage","url":"https:\/\/www.iskreni.net\/trgovina\/wp-content\/uploads\/2022\/12\/804-499-komplet_vlozki_racman-bd1da53368674fd5.jpg","contentUrl":"https:\/\/www.iskreni.net\/trgovina\/wp-content\/uploads\/2022\/12\/804-499-komplet_vlozki_racman-bd1da53368674fd5.jpg","width":370,"height":370},{"@type":"BreadcrumbList","@id":"https:\/\/www.iskreni.net\/trgovina\/product\/komplet-6-vlozkov-velikost-s-in-m\/#breadcrumb","itemListElement":[{"@type":"ListItem","position":1,"name":"Home","item":"https:\/\/www.iskreni.net\/trgovina\/"},{"@type":"ListItem","position":2,"name":"Trgovina","item":"https:\/\/www.iskreni.net\/trgovina\/trgovina\/"},{"@type":"ListItem","position":3,"name":"Komplet 6 vlo\u017ekov (velikost S in M)"}]},{"@type":"WebSite","@id":"https:\/\/www.iskreni.net\/trgovina\/#website","url":"https:\/\/www.iskreni.net\/trgovina\/","name":"Zavod Iskreni","description":"trgovina","potentialAction":[{"@type":"SearchAction","target":{"@type":"EntryPoint","urlTemplate":"https:\/\/www.iskreni.net\/trgovina\/?s={search_term_string}"},"query-input":{"@type":"PropertyValueSpecification","valueRequired":true,"valueName":"search_term_string"}}],"inLanguage":"sl-SI"}]}},"_links":{"self":[{"href":"https:\/\/www.iskreni.net\/trgovina\/wp-json\/wp\/v2\/product\/10024","targetHints":{"allow":["GET"]}}],"collection":[{"href":"https:\/\/www.iskreni.net\/trgovina\/wp-json\/wp\/v2\/product"}],"about":[{"href":"https:\/\/www.iskreni.net\/trgovina\/wp-json\/wp\/v2\/types\/product"}],"replies":[{"embeddable":true,"href":"https:\/\/www.iskreni.net\/trgovina\/wp-json\/wp\/v2\/comments?post=10024"}],"version-history":[{"count":2,"href":"https:\/\/www.iskreni.net\/trgovina\/wp-json\/wp\/v2\/product\/10024\/revisions"}],"predecessor-version":[{"id":40751,"href":"https:\/\/www.iskreni.net\/trgovina\/wp-json\/wp\/v2\/product\/10024\/revisions\/40751"}],"wp:featuredmedia":[{"embeddable":true,"href":"https:\/\/www.iskreni.net\/trgovina\/wp-json\/wp\/v2\/media\/62040"}],"wp:attachment":[{"href":"https:\/\/www.iskreni.net\/trgovina\/wp-json\/wp\/v2\/media?parent=10024"}],"wp:term":[{"taxonomy":"product_brand","embeddable":true,"href":"https:\/\/www.iskreni.net\/trgovina\/wp-json\/wp\/v2\/product_brand?post=10024"},{"taxonomy":"product_cat","embeddable":true,"href":"https:\/\/www.iskreni.net\/trgovina\/wp-json\/wp\/v2\/product_cat?post=10024"},{"taxonomy":"product_tag","embeddable":true,"href":"https:\/\/www.iskreni.net\/trgovina\/wp-json\/wp\/v2\/product_tag?post=10024"},{"taxonomy":"avtor","embeddable":true,"href":"https:\/\/www.iskreni.net\/trgovina\/wp-json\/wp\/v2\/avtor?post=10024"},{"taxonomy":"zalozba","embeddable":true,"href":"https:\/\/www.iskreni.net\/trgovina\/wp-json\/wp\/v2\/zalozba?post=10024"},{"taxonomy":"vezava","embeddable":true,"href":"https:\/\/www.iskreni.net\/trgovina\/wp-json\/wp\/v2\/vezava?post=10024"}],"curies":[{"name":"wp","href":"https:\/\/api.w.org\/{rel}","templated":true}]}}