{"id":930,"date":"2018-08-01T11:50:11","date_gmt":"2018-08-01T11:50:11","guid":{"rendered":"http:\/\/original.liquid-themes.com\/?page_id=930"},"modified":"2020-08-24T20:10:00","modified_gmt":"2020-08-24T20:10:00","slug":"divji-bojevnik","status":"publish","type":"page","link":"https:\/\/www.iskreni.net\/programi\/divji-bojevnik\/","title":{"rendered":"Divji bojevnik"},"content":{"rendered":"<p>[vc_row content_placement=&#8221;top&#8221;][vc_column enable_content_animation=&#8221;yes&#8221; ca_init_scale_x=&#8221;1&#8243; ca_init_scale_y=&#8221;1&#8243; ca_init_scale_z=&#8221;1&#8243; ca_init_opacity=&#8221;0&#8243; ca_an_scale_x=&#8221;1&#8243; ca_an_scale_y=&#8221;1&#8243; ca_an_scale_z=&#8221;1&#8243; ca_an_opacity=&#8221;1&#8243; offset=&#8221;vc_col-md-6&#8243; ca_init_translate_y=&#8221;31&#8243; ca_init_translate_x=&#8221;0&#8243; ca_duration=&#8221;1200&#8243; ca_delay=&#8221;150&#8243; ca_init_translate_z=&#8221;-108&#8243; ca_init_rotate_x=&#8221;-76&#8243;]<div id=\"ld_images_group_container_69f287ee32a25\" class=\"liquid-img-group-container ld_images_group_container_69f287ee32a25\"  >\n\t<div class=\"liquid-img-group-inner\">\n\t\t<div id=\"ld_images_group_element_69f287ee32c32\" class=\"liquid-img-group-single ld_images_group_element_69f287ee32c32\" data-shadow-style=\"4\" data-inview=\"true\" data-animate-shadow=\"true\" data-reveal=\"true\" data-reveal-options='{\"direction\":\"lr\",\"bgcolor\":\"\",\"delay\":\"\"}'>\n\t\n\t\t\n\t<div class=\"liquid-img-group-img-container\">\n\t\t\n\t\t\n\t\t\t\t\n\t\t\t\t<div class=\"liquid-img-container-inner\" data-parallax=\"true\" data-parallax-from='{\"translateY\":78}' data-parallax-to='{\"translateY\":-78}' data-parallax-options='{\"overflowHidden\":false,\"easing\":\"linear\"}'>\n\t\t\t<figure ><img width=\"500\" height=\"333\" src=\"https:\/\/www.iskreni.net\/programi\/wp-content\/uploads\/2019\/10\/Oce-in-sin-1.jpg\" srcset=\"https:\/\/www.iskreni.net\/programi\/wp-content\/uploads\/2019\/10\/Oce-in-sin-1-300x200.jpg 300w, https:\/\/www.iskreni.net\/programi\/wp-content\/uploads\/2019\/10\/Oce-in-sin-1.jpg 1000w\" class=\"\" alt=\"\" \/><\/figure>\t\t\t\t\t<\/div><!-- \/.liquid-img-container-inner -->\n\t\t\n\t<\/div><!-- \/.liquid-img-group-content -->\n<\/div><!-- \/.liquid-img-group-single -->\n\t\n\t<\/div><!-- \/.liquid-img-group-inner -->\n<\/div><!-- \/.liquid-img-group-container -->[vc_empty_space height=&#8221;45px&#8221;][\/vc_column][vc_column offset=&#8221;vc_col-md-offset-1 vc_col-md-5&#8243;]<style>.ld_fancy_heading_69f287ee33142 h3{font-size:24px;letter-spacing:0.05em;color:rgb(225, 39, 0);}.ld_fancy_heading_69f287ee33142 .lqd-highlight-inner{height:0.275em;bottom:0px;}<\/style><div class=\"ld-fancy-heading text-uppercase ld_fancy_heading_69f287ee33142\">\n\t<h3 class=\"lqd-highlight-underline lqd-highlight-grow-left\" ><span class=\"ld-fh-txt\"> Divji bojevnik &#8211; delavnica za o\u010dete in sinove<\/span><\/h3><\/div>[vc_separator color=&#8221;custom&#8221; align=&#8221;align_left&#8221; el_width=&#8221;10&#8243; accent_color=&#8221;#ff7a4b&#8221;]<style>.ld_fancy_heading_69f287ee33301 h3{font-size:50px;line-height:1em;font-weight:400;}.ld_fancy_heading_69f287ee33301 h3 {margin-top:-3px !important; margin-bottom:0px !important;  } .ld_fancy_heading_69f287ee33301 .lqd-highlight-inner{height:0.275em;bottom:0px;}.ld_fancy_heading_69f287ee33301 h3 {margin-top:-3px !important; margin-bottom:0px !important;  } <\/style><div class=\"ld-fancy-heading ld_fancy_heading_69f287ee33301\">\n\t<h3 class=\"lqd-highlight-underline lqd-highlight-grow-left\" data-fittext=\"true\" data-fittext-options='{\"compressor\":0.65,\"maxFontSize\":\"currentFontSize\",\"minFontSize\":\"48\"}' data-split-text=\"true\" data-custom-animations=\"true\" data-ca-options='{\"triggerHandler\":\"inview\",\"animationTarget\":\".lqd-lines .split-inner\",\"duration\":700,\"startDelay\":\"180\",\"delay\":100,\"easing\":\"easeOutQuint\",\"direction\":\"forward\",\"initValues\":{\"scale\":1},\"animations\":{\"scale\":1}}' data-split-options='{\"type\":\"lines\"}'><span class=\"ld-fh-txt\"> Kako naj podprem sina med njegovim odra\u0161\u010danjem?<\/span><\/h3><\/div>[vc_single_image image=&#8221;29&#8243; img_size=&#8221;80&#215;32&#8243; css=&#8221;.vc_custom_1537954661070{margin-bottom: 10px !important;}&#8221;][vc_empty_space height=&#8221;45px&#8221;]<style>.ld_fancy_heading_69f287ee3346e p{font-size:18px;line-height:1.5em;}@media (min-width: 992px) { .ld_fancy_heading_69f287ee3346e p {margin-right:25% !important;  }  } .ld_fancy_heading_69f287ee3346e .lqd-highlight-inner{height:0.275em;bottom:0px;}@media (min-width: 992px) { .ld_fancy_heading_69f287ee3346e p {margin-right:25% !important;  }  } <\/style><div class=\"ld-fancy-heading ld_fancy_heading_69f287ee3346e\">\n\t<p class=\"lqd-highlight-underline lqd-highlight-grow-left\" data-split-text=\"true\" data-custom-animations=\"true\" data-ca-options='{\"triggerHandler\":\"inview\",\"animationTarget\":\".lqd-lines .split-inner\",\"duration\":700,\"startDelay\":\"500\",\"delay\":100,\"easing\":\"easeOutQuint\",\"direction\":\"forward\",\"initValues\":{\"scale\":1},\"animations\":{\"scale\":1}}' data-split-options='{\"type\":\"lines\"}'><span class=\"ld-fh-txt\"> To vpra\u0161anje si zastavi vsak o\u010de in odgovore bomo ponudili na delavnici Divji bojevnik. Delavnica je namenjena o\u010detom in njihovim sinovom, ki so vstopili v puberteto, torej nekje med 12. in 15. letom starosti.<\/span><\/p><\/div>[vc_empty_space height=&#8221;40px&#8221;]<style>.ld_button_69f287ee335d0.btn-icon-solid .btn-icon{background:#2ed47c;}.ld_button_69f287ee335d0.btn-icon-circle.btn-icon-ripple .btn-icon:before{border-color:#2ed47c;}.ld_button_69f287ee335d0.btn-icon-solid:hover .btn-icon{background:rgb(225, 39, 0);}.ld_button_69f287ee335d0{background-color:#2ed47c;border-color:#2ed47c;font-size:14px !important;font-weight:700 !important;letter-spacing:0.025em !important;}.ld_button_69f287ee335d0:hover{background-color:rgb(225, 39, 0);border-color:rgb(225, 39, 0);}.ld_button_69f287ee335d0 .btn-gradient-bg-hover{background:-webkit-linear-gradient(to right, rgb(225, 39, 0) 0%, rgb(225, 39, 0) 100%);background:linear-gradient(to right, rgb(225, 39, 0) 0%, rgb(225, 39, 0) 100%);}.ld_button_69f287ee335d0 .btn-gradient-border defs stop:first-child{stop-color:#2ed47c;}.ld_button_69f287ee335d0 .btn-gradient-border defs stop:last-child{stop-color:#2ed47c;}.ld_button_69f287ee335d0:hover .btn-gradient-border defs stop:first-child{stop-color:rgb(225, 39, 0);}.ld_button_69f287ee335d0:hover .btn-gradient-border defs stop:last-child{stop-color:rgb(225, 39, 0);}.ld_button_69f287ee335d0.btn-bordered{border-color:#2ed47c;}.ld_button_69f287ee335d0.btn-bordered:hover{border-color:rgb(225, 39, 0);}<\/style><a href=\"https:\/\/www.iskreni.net\/dogodek\/13\/divji-bojevnik\" target=\"_blank\" class=\"btn btn-solid text-uppercase btn-md circle btn-bordered border-thin ld_button_69f287ee335d0 vc_custom_1570994841666\">\n\t<span>\n\t\t\n\t\t\t\t\t<span class=\"btn-txt\">Prijavi vaju<\/span>\n\t\t\t\n\t\t\t\t<\/span>\n<\/a>\n[vc_empty_space height=&#8221;40px&#8221;][\/vc_column][\/vc_row][vc_row css=&#8221;.vc_custom_1572726545886{padding-top: 70px !important;padding-bottom: 70px !important;background-color: #f7f7f7 !important;}&#8221; el_class=&#8221;.celotna-sirina&#8221;][vc_column]<style>.ld_fancy_heading_69f287ee33804 p{font-size:18px;line-height:1.5em;}@media (min-width: 992px) { .ld_fancy_heading_69f287ee33804 p {margin-right:25% !important;  }  } .ld_fancy_heading_69f287ee33804 .lqd-highlight-inner{height:0.275em;bottom:0px;}@media (min-width: 992px) { .ld_fancy_heading_69f287ee33804 p {margin-right:25% !important;  }  } <\/style><div class=\"ld-fancy-heading ld_fancy_heading_69f287ee33804\">\n\t<p class=\"lqd-highlight-underline lqd-highlight-grow-left\" data-split-text=\"true\" data-custom-animations=\"true\" data-ca-options='{\"triggerHandler\":\"inview\",\"animationTarget\":\".lqd-lines .split-inner\",\"duration\":700,\"startDelay\":\"500\",\"delay\":100,\"easing\":\"easeOutQuint\",\"direction\":\"forward\",\"initValues\":{\"scale\":1},\"animations\":{\"scale\":1}}' data-split-options='{\"type\":\"lines\"}'><span class=\"ld-fh-txt\"> Namen delavnice je omogo\u010diti izku\u0161njo varne povezanosti med o\u010detom in sinom. Za odra\u0161\u010dajo\u010dega fanta je dragoceno, \u010de ima ob o\u010detu izku\u0161njo igrivosti, a tudi varnosti, ki omogo\u010da na\u010deti resnej\u0161e teme. Delavnica omogo\u010da tudi o\u010detom, da se la\u017eje pribli\u017eajo svojim sinovom in gradijo zaupljiv odnos.<\/span><\/p><\/div><style>.ld_spacer_69f287ee338f5{height:28px;}<\/style>\n<div class=\"ld-empty-space ld_spacer_69f287ee338f5\"><span class=\"liquid_empty_space_inner\"><\/span><\/div>[vc_row_inner enable_content_animation=&#8221;yes&#8221; equal_height=&#8221;yes&#8221; content_placement=&#8221;top&#8221; ca_init_scale_x=&#8221;1&#8243; ca_init_scale_y=&#8221;1&#8243; ca_init_scale_z=&#8221;1&#8243; ca_init_opacity=&#8221;0&#8243; ca_an_scale_x=&#8221;1&#8243; ca_an_scale_y=&#8221;1&#8243; ca_an_scale_z=&#8221;1&#8243; ca_an_opacity=&#8221;1&#8243; css=&#8221;.vc_custom_1570995000022{padding-top: 50px !important;}&#8221; ca_duration=&#8221;1200&#8243; ca_start_delay=&#8221;300&#8243; ca_delay=&#8221;150&#8243; ca_init_translate_y=&#8221;51&#8243;][vc_column_inner width=&#8221;2\/3&#8243; offset=&#8221;vc_col-md-offset-0 vc_col-md-4 vc_col-sm-offset-2&#8243;]<style>.ld_icon_box_69f287ee33a7b .iconbox-icon-container{color:rgb(255, 255, 255);border-radius:px;}.ld_icon_box_69f287ee33a7b h3{margin-bottom:px;font-size:22px;}<\/style>\n<div class=\"iconbox text-left iconbox-semiround iconbox-shadow iconbox-xl iconbox-filled ld_icon_box_69f287ee33a7b vc_custom_1596617385168\" id=\"ld_icon_box_69f287ee33a7b\"  data-plugin-options='{\"color\":\"rgb(255, 255, 255)\"}'  >\n\t\n\t\t<div class=\"iconbox-icon-wrap\"><span class=\"iconbox-icon-container\"><i class=\"icon-basic_calendar\"><\/i><\/span><\/div><!-- \/.iconbox-icon-wrap -->\t\n\t\t\n\t<div class=\"contents\">\t\n\t<h3>Kdaj?<\/h3>\t<ul>\n<li>Koper, 9. oktober 2020<\/li>\n<li class=\"p1\">Ljubljana, 16. oktober 2020<\/li>\n<\/ul>\n\t\t\n\t<\/div>\t\n\t\n<\/div>\n[\/vc_column_inner][vc_column_inner width=&#8221;2\/3&#8243; offset=&#8221;vc_col-md-offset-0 vc_col-md-4 vc_col-sm-offset-2&#8243;]<style>.ld_icon_box_69f287ee33cd7 .iconbox-icon-container{color:rgb(255, 255, 255);border-radius:px;}.ld_icon_box_69f287ee33cd7 h3{margin-bottom:px;font-size:22px;}<\/style>\n<div class=\"iconbox text-left iconbox-semiround iconbox-shadow iconbox-xl iconbox-filled ld_icon_box_69f287ee33cd7 vc_custom_1582568845446\" id=\"ld_icon_box_69f287ee33cd7\"  data-plugin-options='{\"color\":\"rgb(255, 255, 255)\"}'  >\n\t\n\t\t<div class=\"iconbox-icon-wrap\"><span class=\"iconbox-icon-container\"><i class=\"icon-et-profile-male\"><\/i><\/span><\/div><!-- \/.iconbox-icon-wrap -->\t\n\t\t\n\t<div class=\"contents\">\t\n\t<h3>Za koga?<\/h3>\t<ul>\n<li class=\"p1\">Za o\u010deta in sina<\/li>\n<\/ul>\n\t\t\n\t<\/div>\t\n\t\n<\/div>\n[\/vc_column_inner][vc_column_inner width=&#8221;2\/3&#8243; offset=&#8221;vc_col-md-offset-0 vc_col-md-4 vc_col-sm-offset-2&#8243;]<style>.ld_icon_box_69f287ee33ef8 .iconbox-icon-container{color:rgb(255, 255, 255);border-radius:px;}.ld_icon_box_69f287ee33ef8 h3{margin-bottom:px;font-size:22px;}<\/style>\n<div class=\"iconbox text-left iconbox-semiround iconbox-shadow iconbox-xl iconbox-filled ld_icon_box_69f287ee33ef8 vc_custom_1596617522641\" id=\"ld_icon_box_69f287ee33ef8\"  data-plugin-options='{\"color\":\"rgb(255, 255, 255)\"}'  >\n\t\n\t\t<div class=\"iconbox-icon-wrap\"><span class=\"iconbox-icon-container\"><i class=\"icon-ecommerce_banknote\"><\/i><\/span><\/div><!-- \/.iconbox-icon-wrap -->\t\n\t\t\n\t<div class=\"contents\">\t\n\t<h3>Cena?<\/h3>\t<ul>\n<li class=\"p1\">35 \u20ac za oba<\/li>\n<\/ul>\n\t\t\n\t<\/div>\t\n\t\n<\/div>\n[\/vc_column_inner][\/vc_row_inner][\/vc_column][\/vc_row][vc_row parallax=&#8221;enable_parallax&#8221; enable_overlay=&#8221;yes&#8221; css=&#8221;.vc_custom_1570996042780{margin-top: 0px !important;margin-bottom: 50px !important;padding-top: 150px !important;padding-bottom: 150px !important;background-image: url(https:\/\/www.iskreni.net\/programi\/wp-content\/uploads\/2019\/10\/O\u010de-in-sin-4.jpg?id=6856) !important;background-position: center;background-repeat: no-repeat !important;background-size: cover !important;}&#8221; overlay_bg=&#8221;rgba(0, 0, 0, 0.6)&#8221;][vc_column align=&#8221;text-center&#8221;]<style>.ld_fancy_heading_69f287ee340d3 h2{font-size:65px;font-weight:700;color:rgb(255, 255, 255);}.ld_fancy_heading_69f287ee340d3 .lqd-highlight-inner{height:0.275em;bottom:0px;}<\/style><div class=\"ld-fancy-heading ld_fancy_heading_69f287ee340d3\">\n\t<h2 class=\"lqd-highlight-underline lqd-highlight-grow-left\" data-fittext=\"true\" data-fittext-options='{\"compressor\":1,\"maxFontSize\":\"currentFontSize\",\"minFontSize\":\"45\"}' data-split-text=\"true\" data-custom-animations=\"true\" data-ca-options='{\"triggerHandler\":\"inview\",\"animationTarget\":\".lqd-chars .split-inner\",\"duration\":700,\"delay\":\"30\",\"easing\":\"easeOutQuint\",\"direction\":\"forward\",\"initValues\":{\"translateX\":6,\"translateY\":17,\"rotateZ\":9,\"opacity\":0},\"animations\":{\"translateX\":0,\"translateY\":0,\"rotateZ\":0,\"opacity\":1}}' data-split-options='{\"type\":\"chars, words\"}'><span class=\"ld-fh-txt\"> O katerih vsebinah bomo govorili?<\/span><\/h2><\/div>[\/vc_column][\/vc_row][vc_row css=&#8221;.vc_custom_1570996568428{margin-bottom: 20px !important;padding-top: 50px !important;padding-bottom: 50px !important;}&#8221;][vc_column][vc_column_text]Na delavnici bomo posredovali klju\u010dne informacije o spremembah na telesnem, \u010dustvenem, odnosnem in duhovnem podro\u010dju. Puberteta je \u010das vsestranskega razvoja in iskanje poklicanosti.<\/p>\n<p>Puberteta je tudi \u010das, ko se ne spreminja le telo, ampak se prebudi tudi druga\u010dno do\u017eivljanje deklet, zato bomo na delavnici spregovorili tudi o tem, kako razumeti spreminjanje odnosa do deklet ter razumeti osnove telesnih sprememb pri dekletih.<\/p>\n<p>Iz obojega sledi tema spolnosti, ki je v svojem bistvu \u010dude\u017e porajanja \u017eivljenja (od spo\u010detja do rojstva, tako mo\u0161ki kot \u017eenska sodelujeta pri spo\u010detju in si delita odgovornost), na drugi strani pa predstavlja sku\u0161njavo za vstop v pornografijo in druge oblike izkrivljene podobe spolnosti.<\/p>\n<p>Delavnica je zasnovana dinami\u010dno, saj fantje najla\u017eje vstopijo v odnos in pomembne teme preko aktivnosti.[\/vc_column_text][vc_empty_space height=&#8221;40px&#8221;]<style>.ld_button_69f287ee3422d.btn-icon-solid .btn-icon{background:#2ed47c;}.ld_button_69f287ee3422d.btn-icon-circle.btn-icon-ripple .btn-icon:before{border-color:#2ed47c;}.ld_button_69f287ee3422d.btn-icon-solid:hover .btn-icon{background:rgb(225, 39, 0);}.ld_button_69f287ee3422d{background-color:#2ed47c;border-color:#2ed47c;font-size:14px !important;font-weight:700 !important;letter-spacing:0.025em !important;}.ld_button_69f287ee3422d:hover{background-color:rgb(225, 39, 0);border-color:rgb(225, 39, 0);}.ld_button_69f287ee3422d .btn-gradient-bg-hover{background:-webkit-linear-gradient(to right, rgb(225, 39, 0) 0%, rgb(225, 39, 0) 100%);background:linear-gradient(to right, rgb(225, 39, 0) 0%, rgb(225, 39, 0) 100%);}.ld_button_69f287ee3422d .btn-gradient-border defs stop:first-child{stop-color:#2ed47c;}.ld_button_69f287ee3422d .btn-gradient-border defs stop:last-child{stop-color:#2ed47c;}.ld_button_69f287ee3422d:hover .btn-gradient-border defs stop:first-child{stop-color:rgb(225, 39, 0);}.ld_button_69f287ee3422d:hover .btn-gradient-border defs stop:last-child{stop-color:rgb(225, 39, 0);}.ld_button_69f287ee3422d.btn-bordered{border-color:#2ed47c;}.ld_button_69f287ee3422d.btn-bordered:hover{border-color:rgb(225, 39, 0);}<\/style><a href=\"https:\/\/www.iskreni.net\/dogodek\/13\/divji-bojevnik\" target=\"_blank\" class=\"btn btn-solid text-uppercase btn-md circle btn-bordered border-thin ld_button_69f287ee3422d vc_custom_1570994841666\">\n\t<span>\n\t\t\n\t\t\t\t\t<span class=\"btn-txt\">Prijavi vaju<\/span>\n\t\t\t\n\t\t\t\t<\/span>\n<\/a>\n[vc_empty_space height=&#8221;40px&#8221;][\/vc_column][\/vc_row][vc_row full_width=&#8221;stretch_row&#8221; gap=&#8221;0&#8243; disable_element=&#8221;yes&#8221;][vc_column offset=&#8221;vc_hidden-sm vc_hidden-xs&#8221;]<style>.ld_particles_69f287ee343fb{height:100vh!important;position:absolute;}@media (min-width: 992px) { .ld_particles_69f287ee343fb {top:-100vh !important;  }  } <\/style><div class=\"ld-particles-container ld_particles_69f287ee343fb\">\n\n\t<div class=\"ld-particles-inner\" id=\"ra1527244273759-519b63e0-a9d6\" data-particles=\"true\" data-particles-options='{\"particles\":{\"number\":{\"value\":10,\"density\":1},\"color\":{\"value\":[\"#2ed47c\",\"#eeee22\",\"#2ed47c\",\"#e12700\"]},\"shape\":{\"type\":[\"circle\",\"edge\",\"triangle\"]},\"size\":{\"value\":55,\"random\":true,\"anim\":{\"enable\":true,\"size_min\":40,\"speed\":5}},\"move\":{\"enable\":true,\"direction\":\"right\",\"speed\":1,\"random\":true,\"out_mode\":\"out\",\"attract\":{\"enable\":true,\"rotateX\":1200,\"rotateY\":600}}},\"interactivity\":{\"events\":{\"onhover\":{\"enable\":true,\"mode\":\"grab\"},\"onclick\":{\"enable\":true,\"mode\":\"push\"}}},\"retina_detect\":true,\"asBG\":true}'><\/div>\t\n\n<\/div><!-- \/.particles -->[\/vc_column][\/vc_row][vc_row css=&#8221;.vc_custom_1570992797617{padding-top: 70px !important;padding-bottom: 70px !important;background-color: #f7f7f7 !important;}&#8221;][vc_column]<style>.ld_fancy_heading_69f287ee34536 h3{font-size:50px;line-height:1em;font-weight:400;}.ld_fancy_heading_69f287ee34536 h3 {margin-top:-3px !important; margin-bottom:0px !important;  } .ld_fancy_heading_69f287ee34536 .lqd-highlight-inner{height:0.275em;bottom:0px;}.ld_fancy_heading_69f287ee34536 h3 {margin-top:-3px !important; margin-bottom:0px !important;  } <\/style><div class=\"ld-fancy-heading text-center ld_fancy_heading_69f287ee34536\">\n\t<h3 class=\"lqd-highlight-underline lqd-highlight-grow-left\" data-fittext=\"true\" data-fittext-options='{\"compressor\":0.65,\"maxFontSize\":\"currentFontSize\",\"minFontSize\":\"48\"}' data-split-text=\"true\" data-custom-animations=\"true\" data-ca-options='{\"triggerHandler\":\"inview\",\"animationTarget\":\".lqd-lines .split-inner\",\"duration\":700,\"startDelay\":\"180\",\"delay\":100,\"easing\":\"easeOutQuint\",\"direction\":\"forward\",\"initValues\":{\"scale\":1},\"animations\":{\"scale\":1}}' data-split-options='{\"type\":\"lines\"}'><span class=\"ld-fh-txt\"> Delavnico vodijo &#8230;<\/span><\/h3><\/div>[vc_empty_space height=&#8221;40px&#8221;][vc_column_text]<div id=\"tshowcase_id_0\" data-atts=\"{&quot;category&quot;:&quot;divji-bojevnik&quot;,&quot;url&quot;:&quot;lightbox&quot;,&quot;layout&quot;:&quot;grid&quot;,&quot;style&quot;:&quot;img-circle,text-center,img-above,4-columns&quot;,&quot;display&quot;:&quot;name,photo,position&quot;}\"><div class='tshowcase'><div class='ts-responsive-wrap '><div  class='tshowcase-box ts-col_4  ts-divji-bojevnik ts-id-81 ' id='matej-petac' ><div class='tshowcase-inner-box '><div class='tshowcase-box-photo ts-circle '><a href='https:\/\/www.iskreni.net\/programi\/ekipa\/matej-petac\/ .tscontent' data-featherlight-loading='Loading...' data-featherlight='ajax' class=\"\t\t\t\t\t\t\t\t\t\t\t\t\" rel=\"\t\t\t\t\t\t\t\t\t\t\t\t\"><img src='https:\/\/www.iskreni.net\/programi\/wp-content\/uploads\/2023\/12\/Matej-Petac-160x160.png' width='160' title='Matej Peta\u010d'  \/><\/a><\/div><div style='max-width:160px' class='tshowcase-box-info  ts-align-center  '><div class=\"tshowcase-box-title\" itemprop=\"name\"><a href=\"https:\/\/www.iskreni.net\/programi\/ekipa\/matej-petac\/ .tscontent\" data-featherlight-loading=\"Loading...\" data-featherlight=\"ajax\" class=\"\t\t\t\t\t\t\t\t\t\t\t\t\" rel=\"\t\t\t\t\t\t\t\t\t\t\t\t\">Matej Peta\u010d<\/a><\/div><div class='tshowcase-box-details'><div itemprop=\"jobTitle\" class=\"tshowcase-single-position\">Voditelj delavnic za o\u010dete in sinove<\/div><\/div><\/div><\/div><\/div><div  class='tshowcase-box ts-col_4  ts-divji-bojevnik ts-id-81 ' id='igor-vovk' ><div class='tshowcase-inner-box '><div class='tshowcase-box-photo ts-circle '><a href='https:\/\/www.iskreni.net\/programi\/ekipa\/igor-vovk\/ .tscontent' data-featherlight-loading='Loading...' data-featherlight='ajax' class=\"\t\t\t\t\t\t\t\t\t\t\t\t\" rel=\"\t\t\t\t\t\t\t\t\t\t\t\t\"><img src='https:\/\/www.iskreni.net\/programi\/wp-content\/uploads\/2019\/10\/Igor-Vovk-1-160x160.jpg' width='160' title='Igor Vovk'  \/><\/a><\/div><div style='max-width:160px' class='tshowcase-box-info  ts-align-center  '><div class=\"tshowcase-box-title\" itemprop=\"name\"><a href=\"https:\/\/www.iskreni.net\/programi\/ekipa\/igor-vovk\/ .tscontent\" data-featherlight-loading=\"Loading...\" data-featherlight=\"ajax\" class=\"\t\t\t\t\t\t\t\t\t\t\t\t\" rel=\"\t\t\t\t\t\t\t\t\t\t\t\t\">Igor Vovk<\/a><\/div><div class='tshowcase-box-details'><div itemprop=\"jobTitle\" class=\"tshowcase-single-position\">Voditelj seminarjev so\u010dutnega star\u0161evstva in delavnic za o\u010dete in sinove<\/div><\/div><\/div><\/div><\/div><div  class='tshowcase-box ts-col_4  ts-divji-bojevnik ts-id-81 ' id='primoz-grilc' ><div class='tshowcase-inner-box '><div class='tshowcase-box-photo ts-circle '><a href='https:\/\/www.iskreni.net\/programi\/ekipa\/primoz-grilc\/ .tscontent' data-featherlight-loading='Loading...' data-featherlight='ajax' class=\"\t\t\t\t\t\t\t\t\t\t\t\t\" rel=\"\t\t\t\t\t\t\t\t\t\t\t\t\"><img src='https:\/\/www.iskreni.net\/programi\/wp-content\/uploads\/2019\/10\/Primoz-137x160.jpg' width='137' title='Primo\u017e Grilc'  \/><\/a><\/div><div style='max-width:137px' class='tshowcase-box-info  ts-align-center  '><div class=\"tshowcase-box-title\" itemprop=\"name\"><a href=\"https:\/\/www.iskreni.net\/programi\/ekipa\/primoz-grilc\/ .tscontent\" data-featherlight-loading=\"Loading...\" data-featherlight=\"ajax\" class=\"\t\t\t\t\t\t\t\t\t\t\t\t\" rel=\"\t\t\t\t\t\t\t\t\t\t\t\t\">Primo\u017e Grilc<\/a><\/div><div class='tshowcase-box-details'><div itemprop=\"jobTitle\" class=\"tshowcase-single-position\">voditelj seminarjev so\u010dutnega star\u0161evstva in delavnic za o\u010dete in sinove<\/div><\/div><\/div><\/div><\/div><div  class='tshowcase-box ts-col_4  ts-divji-bojevnik ts-id-81 ' id='herve-le-roux' ><div class='tshowcase-inner-box '><div class='tshowcase-box-photo ts-circle '><a href='https:\/\/www.iskreni.net\/programi\/ekipa\/herve-le-roux\/ .tscontent' data-featherlight-loading='Loading...' data-featherlight='ajax' class=\"\t\t\t\t\t\t\t\t\t\t\t\t\" rel=\"\t\t\t\t\t\t\t\t\t\t\t\t\"><img src='https:\/\/www.iskreni.net\/programi\/wp-content\/uploads\/2019\/10\/Herve-156x160.jpg' width='156' title='Herve Le Roux'  \/><\/a><\/div><div style='max-width:156px' class='tshowcase-box-info  ts-align-center  '><div class=\"tshowcase-box-title\" itemprop=\"name\"><a href=\"https:\/\/www.iskreni.net\/programi\/ekipa\/herve-le-roux\/ .tscontent\" data-featherlight-loading=\"Loading...\" data-featherlight=\"ajax\" class=\"\t\t\t\t\t\t\t\t\t\t\t\t\" rel=\"\t\t\t\t\t\t\t\t\t\t\t\t\">Herve Le Roux<\/a><\/div><div class='tshowcase-box-details'><div itemprop=\"jobTitle\" class=\"tshowcase-single-position\">Voditelj delavnic za o\u010dete in sinove<\/div><\/div><\/div><\/div><\/div><div  class='tshowcase-box ts-col_4  ts-divji-bojevnik ts-id-81 ts-skupina-za-ocete ts-id-98 ' id='miha-rutar' ><div class='tshowcase-inner-box '><div class='tshowcase-box-photo ts-circle '><a href='https:\/\/www.iskreni.net\/programi\/ekipa\/miha-rutar\/ .tscontent' data-featherlight-loading='Loading...' data-featherlight='ajax' class=\"\t\t\t\t\t\t\t\t\t\t\t\t\" rel=\"\t\t\t\t\t\t\t\t\t\t\t\t\"><img src='https:\/\/www.iskreni.net\/programi\/wp-content\/uploads\/2019\/10\/MihaRutar-160x160.jpg' width='160' title='dr. Miha Rutar'  \/><\/a><\/div><div style='max-width:160px' class='tshowcase-box-info  ts-align-center  '><div class=\"tshowcase-box-title\" itemprop=\"name\"><a href=\"https:\/\/www.iskreni.net\/programi\/ekipa\/miha-rutar\/ .tscontent\" data-featherlight-loading=\"Loading...\" data-featherlight=\"ajax\" class=\"\t\t\t\t\t\t\t\t\t\t\t\t\" rel=\"\t\t\t\t\t\t\t\t\t\t\t\t\">dr. Miha Rutar<\/a><\/div><div class='tshowcase-box-details'><div itemprop=\"jobTitle\" class=\"tshowcase-single-position\">Voditelj Skupine za o\u010dete ter delavnic za o\u010dete in sinove<\/div><\/div><\/div><\/div><\/div><\/div><\/div><\/div>[\/vc_column_text][\/vc_column][\/vc_row]<\/p>\n","protected":false},"excerpt":{"rendered":"<p>[vc_row content_placement=&#8221;top&#8221;][vc_column enable_content_animation=&#8221;yes&#8221; ca_init_scale_x=&#8221;1&#8243; ca_init_scale_y=&#8221;1&#8243; ca_init_scale_z=&#8221;1&#8243; ca_init_opacity=&#8221;0&#8243; ca_an_scale_x=&#8221;1&#8243; ca_an_scale_y=&#8221;1&#8243; ca_an_scale_z=&#8221;1&#8243; ca_an_opacity=&#8221;1&#8243; offset=&#8221;vc_col-md-6&#8243; ca_init_translate_y=&#8221;31&#8243; ca_init_translate_x=&#8221;0&#8243; ca_duration=&#8221;1200&#8243;&#8230;<\/p>\n","protected":false},"author":1,"featured_media":0,"parent":0,"menu_order":0,"comment_status":"closed","ping_status":"closed","template":"","meta":[],"categories":[116],"tags":[],"_links":{"self":[{"href":"https:\/\/www.iskreni.net\/programi\/wp-json\/wp\/v2\/pages\/930"}],"collection":[{"href":"https:\/\/www.iskreni.net\/programi\/wp-json\/wp\/v2\/pages"}],"about":[{"href":"https:\/\/www.iskreni.net\/programi\/wp-json\/wp\/v2\/types\/page"}],"author":[{"embeddable":true,"href":"https:\/\/www.iskreni.net\/programi\/wp-json\/wp\/v2\/users\/1"}],"replies":[{"embeddable":true,"href":"https:\/\/www.iskreni.net\/programi\/wp-json\/wp\/v2\/comments?post=930"}],"version-history":[{"count":2,"href":"https:\/\/www.iskreni.net\/programi\/wp-json\/wp\/v2\/pages\/930\/revisions"}],"predecessor-version":[{"id":10100,"href":"https:\/\/www.iskreni.net\/programi\/wp-json\/wp\/v2\/pages\/930\/revisions\/10100"}],"wp:attachment":[{"href":"https:\/\/www.iskreni.net\/programi\/wp-json\/wp\/v2\/media?parent=930"}],"wp:term":[{"taxonomy":"category","embeddable":true,"href":"https:\/\/www.iskreni.net\/programi\/wp-json\/wp\/v2\/categories?post=930"},{"taxonomy":"post_tag","embeddable":true,"href":"https:\/\/www.iskreni.net\/programi\/wp-json\/wp\/v2\/tags?post=930"}],"curies":[{"name":"wp","href":"https:\/\/api.w.org\/{rel}","templated":true}]}}