{"id":8719,"date":"2020-08-24T19:58:31","date_gmt":"2020-08-24T19:58:31","guid":{"rendered":"https:\/\/www.iskreni.net\/programi\/?page_id=8719"},"modified":"2026-01-16T13:02:12","modified_gmt":"2026-01-16T13:02:12","slug":"socialni-sklad","status":"publish","type":"page","link":"https:\/\/www.iskreni.net\/programi\/socialni-sklad\/","title":{"rendered":"Podporni sklad \u2013 pomo\u010d dru\u017einam pri udele\u017ebi na programih Zavoda Iskreni"},"content":{"rendered":"<p>[vc_row][vc_column][vc_column_text]<\/p>\n<h3>Podporni sklad \u2013 pomo\u010d dru\u017einam pri udele\u017ebi na programih Zavoda Iskreni<\/h3>\n<p>Ko dru\u017eina zaide v finan\u010dno stisko je (razumljivo) njena prva skrb, kako poskrbeti za osnove \u017eivljenjske potreb\u0161\u010dine. \u017dal dru\u017eine v trenutku materialne stiske zato pogosto odrinejo misel, da bi si privo\u0161\u010dile izobra\u017eevanje ali program za osebno rast. A sami smo mnenja, da je v tem \u010dasu udele\u017eba \u0161e bolj potrebna, saj lahko dru\u017eino okrepi, zakoncema pa da samozaupanja in novega poleta pri soo\u010danju z zahtevno \u017eivljenjski situacijo.<\/p>\n<p><strong>V Zavodu Iskreni si \u017eelimo, da bi si vse dru\u017eine lahko privo\u0161\u010dile kvalitetne izobra\u017eevalne programe.<\/strong> Zato smo oblikovali sklad za sofinanciranje udele\u017ebe na na\u0161ih programih*, iz katerega tistim, ki \u017eivijo v te\u017ekih (finan\u010dnih) razmerah, krijemo dolo\u010den odstotek cene programa.<\/p>\n<p>*Med programe spada tudi dejavnost Terapevtskega centra Iskreni, kar pomeni, da lahko za sredstva posameznik, par ali dru\u017eina zaprosi tudi, v kolikor se \u017eeli udele\u017eiti psihoterapije (individualne, partnerske, dru\u017einske ali mladostni\u0161ke).<\/p>\n<p style=\"text-align: center;\"><em>Vse udele\u017eence na\u0161ih programov in dogodkov, naro\u010dnike ter bralce na\u0161ega portala spodbujamo, da v sklad namenite svojo donacijo in tako pomagate tistim, ki bi si na\u0161e programe te\u017eko privo\u0161\u010dili. <\/em><\/p>\n<p style=\"text-align: center;\"><em><strong>Bodimo drug drugemu dar!<\/strong><\/em><\/p>\n<h4>Kako pridobiti oz. zaprositi sredstva iz podpornega sklada?<\/h4>\n<ol>\n<li>Po\u0161ljite elektronsko po\u0161to vodji programov Lauri Podobnik Zajam\u0161ek (<a href=\"mailto:pisarna@iskreni.net\">pisarna@iskreni.net<\/a>) in zapi\u0161ite, da \u017eelite zaprositi za podporo iz podpornega sklada.<\/li>\n<li>V povratnem sporo\u010dilu boste dobili obrazec, v katerem na kratko opi\u0161ite svojo situacijo in napi\u0161ite razloge, zakaj prosite za podporo ter ozna\u010dite\/zapi\u0161ite za udele\u017ebo na katerem programu boste sredstva uporabili. Obrazec je na voljo tudi <a href=\"https:\/\/www.iskreni.net\/programi\/wp-content\/uploads\/2025\/11\/Obrazec-za-podporo-iz-Socialnega-sklada-Zavoda-Iskreni.pdf\">tukaj<\/a><\/li>\n<li>Izpolnjen obrazec posredujte na e-mail <a href=\"mailto:pisarna@iskreni.net\">pisarna@iskreni.net<\/a> ali ga po\u0161ljite po navadni po\u0161ti na naslov Zavoda Iskreni, Cesta v Log 11, 1351 Brezovica pri Ljubljani.<\/li>\n<li>Po prejetju popolnega obrazca bomo v roku 7 delovnih dni va\u0161o pro\u0161njo pregledali in vam v povratnem e-mailu oz. na e-mail, ki ga boste navedli na obrazec, sporo\u010dili, ali smo vam odobrili zapro\u0161eni znesek oz. najve\u010d koliko sredstev vam lahko omogo\u010dimo.<\/li>\n<li>V kolikor se z odobrenim zneskom (in dopla\u010dilom do polne cene programa) strinjate, se v roku 7 delovnih dni nato prijavite na program, ki ste ga navedli v obrazcu (prijavo oddate preko prijavnega obrazca, ki je dostopen na spletni strani posameznega programa).<\/li>\n<\/ol>\n<h4><strong>Kako poteka obravnava pro\u0161nje?<\/strong><\/h4>\n<p>Vsako pro\u0161njo skrbno pregledamo in na podlagi zapisanega (in vi\u0161ine trenutno razpolo\u017eljivih sredstev v skladu) odlo\u010dimo, kolik\u0161en del programa lahko sofinanciramo iz sklada. Seveda se potrudimo, da bi bil ta znesek \u010dim vi\u0161ji oz. v skladu z zmo\u017enostmi dru\u017eine oz. posameznika, ki zanj zapro\u0161a. <strong>Zgornja meja za financiranje posameznega programa je 90% kon\u010dne cene programa.<\/strong><\/p>\n<p>Posamezniku, paru oz. dru\u017eini <strong>posamezni program sofinanciramo samo enkrat<\/strong>. \u010ce pa se \u017eeli posameznik, par ali dru\u017eina udele\u017eiti ve\u010d razli\u010dnih programov, lahko za podporo zaprosi ve\u010dkrat.<\/p>\n<h4>Namenska sredstva za podporni sklad<\/h4>\n<p>Namenska sredstva za podporni sklad <strong>lahko naka\u017ee kdorkoli, in sicer skozi vse leto<\/strong> (ne glede na to ali je tedaj v teku decembrska donacijska akcija ali ne). <em>\u017divljenje nas namre\u010d postavlja v razli\u010dne \u017eivljenjske situacije. Zato bomo veseli, \u010de takrat, ko lahko, pomagate drugim.<\/em>[\/vc_column_text][vc_empty_space height=&#8221;50px&#8221;][vc_column_text css=&#8221;.vc_custom_1768568148229{padding-top: 20px !important;padding-right: 20px !important;padding-bottom: 20px !important;padding-left: 20px !important;background-color: #ffa0a0 !important;border-radius: 5px !important;}&#8221;]<\/p>\n<h4>Podatki za donacijo v Podporni sklad:<\/h4>\n<p><strong>Zavod Iskreni<\/strong>, Cesta v Log 11, 1351 Brezovica<\/p>\n<p>IBAN: <strong>SI56 0284 3026 6434 639<\/strong> (odprt pri NLB d.d.)<\/p>\n<p>Namen: <strong>donacija za podporni sklad<\/strong><\/p>\n<p>Koda namena: <strong>CHAR<\/strong><\/p>\n<p>Sklic: <strong>SI00 2026-1<\/strong>[\/vc_column_text][vc_empty_space height=&#8221;50px&#8221;][\/vc_column][\/vc_row]<\/p>\n","protected":false},"excerpt":{"rendered":"<p>[vc_row][vc_column][vc_column_text] Podporni sklad \u2013 pomo\u010d dru\u017einam pri udele\u017ebi na programih Zavoda Iskreni Ko dru\u017eina zaide&#8230;<\/p>\n","protected":false},"author":1,"featured_media":0,"parent":0,"menu_order":0,"comment_status":"closed","ping_status":"closed","template":"","meta":[],"categories":[],"tags":[],"_links":{"self":[{"href":"https:\/\/www.iskreni.net\/programi\/wp-json\/wp\/v2\/pages\/8719"}],"collection":[{"href":"https:\/\/www.iskreni.net\/programi\/wp-json\/wp\/v2\/pages"}],"about":[{"href":"https:\/\/www.iskreni.net\/programi\/wp-json\/wp\/v2\/types\/page"}],"author":[{"embeddable":true,"href":"https:\/\/www.iskreni.net\/programi\/wp-json\/wp\/v2\/users\/1"}],"replies":[{"embeddable":true,"href":"https:\/\/www.iskreni.net\/programi\/wp-json\/wp\/v2\/comments?post=8719"}],"version-history":[{"count":17,"href":"https:\/\/www.iskreni.net\/programi\/wp-json\/wp\/v2\/pages\/8719\/revisions"}],"predecessor-version":[{"id":11362,"href":"https:\/\/www.iskreni.net\/programi\/wp-json\/wp\/v2\/pages\/8719\/revisions\/11362"}],"wp:attachment":[{"href":"https:\/\/www.iskreni.net\/programi\/wp-json\/wp\/v2\/media?parent=8719"}],"wp:term":[{"taxonomy":"category","embeddable":true,"href":"https:\/\/www.iskreni.net\/programi\/wp-json\/wp\/v2\/categories?post=8719"},{"taxonomy":"post_tag","embeddable":true,"href":"https:\/\/www.iskreni.net\/programi\/wp-json\/wp\/v2\/tags?post=8719"}],"curies":[{"name":"wp","href":"https:\/\/api.w.org\/{rel}","templated":true}]}}