{"id":8584,"date":"2020-08-24T16:05:19","date_gmt":"2020-08-24T16:05:19","guid":{"rendered":"https:\/\/www.iskreni.net\/programi\/?page_id=8584"},"modified":"2020-12-05T04:21:48","modified_gmt":"2020-12-05T04:21:48","slug":"spletno-izobrazevanje-o-spolni-vzgoji","status":"publish","type":"page","link":"https:\/\/www.iskreni.net\/programi\/spletno-izobrazevanje-o-spolni-vzgoji\/","title":{"rendered":"Spletno izobra\u017eevanje o spolni vzgoji"},"content":{"rendered":"<p>[vc_row content_placement=&#8221;top&#8221; css=&#8221;.vc_custom_1572959993240{margin-bottom: 30px !important;}&#8221;][vc_column enable_content_animation=&#8221;yes&#8221; ca_init_scale_x=&#8221;1&#8243; ca_init_scale_y=&#8221;1&#8243; ca_init_scale_z=&#8221;1&#8243; ca_init_opacity=&#8221;0&#8243; ca_an_scale_x=&#8221;1&#8243; ca_an_scale_y=&#8221;1&#8243; ca_an_scale_z=&#8221;1&#8243; ca_an_opacity=&#8221;1&#8243; offset=&#8221;vc_col-md-6&#8243; ca_init_translate_y=&#8221;31&#8243; ca_init_translate_x=&#8221;0&#8243; ca_duration=&#8221;1200&#8243; ca_delay=&#8221;150&#8243; ca_init_translate_z=&#8221;-108&#8243; ca_init_rotate_x=&#8221;-76&#8243;]<div id=\"ld_images_group_container_69faa3aa225e8\" class=\"liquid-img-group-container ld_images_group_container_69faa3aa225e8\"  >\n\t<div class=\"liquid-img-group-inner\">\n\t\t<div id=\"ld_images_group_element_69faa3aa227e1\" class=\"liquid-img-group-single ld_images_group_element_69faa3aa227e1\" data-shadow-style=\"4\" data-inview=\"true\" data-animate-shadow=\"true\" data-reveal=\"true\" data-reveal-options='{\"direction\":\"lr\",\"bgcolor\":\"\",\"delay\":\"\"}'>\n\t\n\t\t\n\t<div class=\"liquid-img-group-img-container\">\n\t\t\n\t\t\n\t\t\t\t\n\t\t\t\t<div class=\"liquid-img-container-inner\" data-parallax=\"true\" data-parallax-from='{\"translateY\":78}' data-parallax-to='{\"translateY\":-78}' data-parallax-options='{\"overflowHidden\":false,\"easing\":\"linear\"}'>\n\t\t\t<figure ><img width=\"500\" height=\"333\" src=\"https:\/\/www.iskreni.net\/programi\/wp-content\/uploads\/2019\/11\/spolnavzgoja2.jpg\" srcset=\"https:\/\/www.iskreni.net\/programi\/wp-content\/uploads\/2019\/11\/spolnavzgoja2-300x200.jpg 300w, https:\/\/www.iskreni.net\/programi\/wp-content\/uploads\/2019\/11\/spolnavzgoja2.jpg 1000w\" class=\"\" alt=\"\" \/><\/figure>\t\t\t\t\t<\/div><!-- \/.liquid-img-container-inner -->\n\t\t\n\t<\/div><!-- \/.liquid-img-group-content -->\n<\/div><!-- \/.liquid-img-group-single -->\n\t\n\t<\/div><!-- \/.liquid-img-group-inner -->\n<\/div><!-- \/.liquid-img-group-container -->[vc_empty_space height=&#8221;45px&#8221;][\/vc_column][vc_column offset=&#8221;vc_col-md-offset-1 vc_col-md-5&#8243;]<style>.ld_fancy_heading_69faa3aa22c92 h3{font-size:24px;letter-spacing:0.05em;color:rgb(225, 39, 0);}.ld_fancy_heading_69faa3aa22c92 .lqd-highlight-inner{height:0.275em;bottom:0px;}<\/style><div class=\"ld-fancy-heading text-uppercase ld_fancy_heading_69faa3aa22c92\">\n\t<h3 class=\"lqd-highlight-underline lqd-highlight-grow-left\" ><span class=\"ld-fh-txt\"> Sklop izobra\u017eevalnih videov: Kako z otroki spregovoriti o spolnosti?<\/span><\/h3><\/div>[vc_separator color=&#8221;custom&#8221; align=&#8221;align_left&#8221; el_width=&#8221;10&#8243; accent_color=&#8221;#ff7a4b&#8221;]<style>.ld_fancy_heading_69faa3aa22e3c h3{font-size:50px;line-height:1em;font-weight:400;}.ld_fancy_heading_69faa3aa22e3c h3 {margin-top:-3px !important; margin-bottom:0px !important;  } .ld_fancy_heading_69faa3aa22e3c .lqd-highlight-inner{height:0.275em;bottom:0px;}.ld_fancy_heading_69faa3aa22e3c h3 {margin-top:-3px !important; margin-bottom:0px !important;  } <\/style><div class=\"ld-fancy-heading ld_fancy_heading_69faa3aa22e3c\">\n\t<h3 class=\"lqd-highlight-underline lqd-highlight-grow-left\" data-fittext=\"true\" data-fittext-options='{\"compressor\":0.65,\"maxFontSize\":\"currentFontSize\",\"minFontSize\":\"48\"}' data-split-text=\"true\" data-custom-animations=\"true\" data-ca-options='{\"triggerHandler\":\"inview\",\"animationTarget\":\".lqd-lines .split-inner\",\"duration\":700,\"startDelay\":\"180\",\"delay\":100,\"easing\":\"easeOutQuint\",\"direction\":\"forward\",\"initValues\":{\"scale\":1},\"animations\":{\"scale\":1}}' data-split-options='{\"type\":\"lines\"}'><span class=\"ld-fh-txt\"> Sklop petih video posnetkov, ki star\u0161em pomagajo prebroditi dileme na podro\u010dju spolne vzgoje.<\/span><\/h3><\/div>[vc_single_image image=&#8221;29&#8243; img_size=&#8221;80&#215;32&#8243; css=&#8221;.vc_custom_1537954661070{margin-bottom: 10px !important;}&#8221;]<style>.ld_button_69faa3aa22fc6.btn-icon-solid .btn-icon{background:#2ed47c;}.ld_button_69faa3aa22fc6.btn-icon-circle.btn-icon-ripple .btn-icon:before{border-color:#2ed47c;}.ld_button_69faa3aa22fc6.btn-icon-solid:hover .btn-icon{background:rgb(225, 39, 0);}.ld_button_69faa3aa22fc6{background-color:#2ed47c;border-color:#2ed47c;font-size:14px !important;font-weight:700 !important;letter-spacing:0.025em !important;}.ld_button_69faa3aa22fc6:hover{background-color:rgb(225, 39, 0);border-color:rgb(225, 39, 0);}.ld_button_69faa3aa22fc6 .btn-gradient-bg-hover{background:-webkit-linear-gradient(to right, rgb(225, 39, 0) 0%, rgb(225, 39, 0) 100%);background:linear-gradient(to right, rgb(225, 39, 0) 0%, rgb(225, 39, 0) 100%);}.ld_button_69faa3aa22fc6 .btn-gradient-border defs stop:first-child{stop-color:#2ed47c;}.ld_button_69faa3aa22fc6 .btn-gradient-border defs stop:last-child{stop-color:#2ed47c;}.ld_button_69faa3aa22fc6:hover .btn-gradient-border defs stop:first-child{stop-color:rgb(225, 39, 0);}.ld_button_69faa3aa22fc6:hover .btn-gradient-border defs stop:last-child{stop-color:rgb(225, 39, 0);}.ld_button_69faa3aa22fc6.btn-bordered{border-color:#2ed47c;}.ld_button_69faa3aa22fc6.btn-bordered:hover{border-color:rgb(225, 39, 0);}<\/style><a href=\"https:\/\/www.iskreni.net\/trgovina\/product\/spolna-vzgoja-delavnica-in-video-izobrazevanje\/\" target=\"_blank\" class=\"btn btn-solid text-uppercase btn-md circle btn-bordered border-thin ld_button_69faa3aa22fc6 vc_custom_1604935738718\">\n\t<span>\n\t\t\n\t\t\t\t\t<span class=\"btn-txt\">Prijava<\/span>\n\t\t\t\n\t\t\t\t<\/span>\n<\/a>\n[vc_empty_space height=&#8221;40px&#8221;][\/vc_column][\/vc_row][vc_row css=&#8221;.vc_custom_1572726545886{padding-top: 70px !important;padding-bottom: 70px !important;background-color: #f7f7f7 !important;}&#8221; el_class=&#8221;.celotna-sirina&#8221;][vc_column]<style>.ld_fancy_heading_69faa3aa231c5 .lqd-highlight-inner{height:0.275em;bottom:0px;}<\/style><div class=\"ld-fancy-heading ld_fancy_heading_69faa3aa231c5\">\n\t<p class=\"lqd-highlight-underline lqd-highlight-grow-left\" ><span class=\"ld-fh-txt\"> <strong>Celostna spolna vzgoja<\/strong> pomeni, da vzgajamo otroke, da bodo:<\/p>\n<ul>\n<li>znali vzpostavljati zdrave medsebojne odnose,<\/li>\n<li>spolnost razumeli kot daritev drugemu,<\/li>\n<li>znali ljubiti pravo osebo ob pravem \u010dasu na pravi na\u010din,<\/li>\n<li>da se bodo v vsakem trenutku znali odlo\u010dati za prav ter<\/li>\n<li>da bodo pripravljeni za svet, v katerega vstopajo.<\/li>\n<\/ul>\n<p>Sklop izobra\u017eevalnih videov na temo spolne vzgoje, je kompatibilen z Delavnica za star\u0161e o spolni vzgoji.<\/span><\/p><\/div>[vc_row_inner enable_content_animation=&#8221;yes&#8221; equal_height=&#8221;yes&#8221; content_placement=&#8221;top&#8221; ca_init_scale_x=&#8221;1&#8243; ca_init_scale_y=&#8221;1&#8243; ca_init_scale_z=&#8221;1&#8243; ca_init_opacity=&#8221;0&#8243; ca_an_scale_x=&#8221;1&#8243; ca_an_scale_y=&#8221;1&#8243; ca_an_scale_z=&#8221;1&#8243; ca_an_opacity=&#8221;1&#8243; css=&#8221;.vc_custom_1570995000022{padding-top: 50px !important;}&#8221; ca_duration=&#8221;1200&#8243; ca_start_delay=&#8221;300&#8243; ca_delay=&#8221;150&#8243; ca_init_translate_y=&#8221;51&#8243;][vc_column_inner width=&#8221;2\/3&#8243; offset=&#8221;vc_col-md-offset-0 vc_col-md-4 vc_col-sm-offset-2&#8243;]<style>.ld_icon_box_69faa3aa233d4 .iconbox-icon-container{color:rgb(255, 255, 255);border-radius:px;}.ld_icon_box_69faa3aa233d4 h3{margin-bottom:px;font-size:22px;}<\/style>\n<div class=\"iconbox text-left iconbox-semiround iconbox-shadow iconbox-xl iconbox-filled ld_icon_box_69faa3aa233d4 vc_custom_1607142064531\" id=\"ld_icon_box_69faa3aa233d4\"  data-plugin-options='{\"color\":\"rgb(255, 255, 255)\"}'  >\n\t\n\t\t<div class=\"iconbox-icon-wrap\"><span class=\"iconbox-icon-container\"><i class=\"icon-basic_calendar\"><\/i><\/span><\/div><!-- \/.iconbox-icon-wrap -->\t\n\t\t\n\t<div class=\"contents\">\t\n\t<h3>Kako do izobra\u017eevalnega sklopa oddaj?<\/h3>\t<p>a) Kliknite na gumb Prijava! Po prijavi in pla\u010dilu vam uredimo dostop do portala <a href=\"https:\/\/www.iskreniplus.si\/tecaji\/vsi\">IskreniPlus<\/a>, kjer si boste lahko ogledali videe.<\/p>\n<p>b) Direktna prijava in pla\u010dilo na portalu IskreniPlus. <a href=\"https:\/\/www.iskreniplus.si\/tecaj\/kako-z-otroki-spregovoriti-o-spolnosti\">Tukaj<\/a>.<\/p>\n\t\t\n\t<\/div>\t\n\t\n<\/div>\n[\/vc_column_inner][vc_column_inner width=&#8221;2\/3&#8243; offset=&#8221;vc_col-md-offset-0 vc_col-md-4 vc_col-sm-offset-2&#8243;]<style>.ld_icon_box_69faa3aa23645 .iconbox-icon-container{color:rgb(255, 255, 255);border-radius:px;}.ld_icon_box_69faa3aa23645 h3{margin-bottom:px;font-size:22px;}<\/style>\n<div class=\"iconbox text-left iconbox-semiround iconbox-shadow iconbox-xl iconbox-filled ld_icon_box_69faa3aa23645 vc_custom_1597141590125\" id=\"ld_icon_box_69faa3aa23645\"  data-plugin-options='{\"color\":\"rgb(255, 255, 255)\"}'  >\n\t\n\t\t<div class=\"iconbox-icon-wrap\"><span class=\"iconbox-icon-container\"><i class=\"icon-et-profile-male\"><\/i><\/span><\/div><!-- \/.iconbox-icon-wrap -->\t\n\t\t\n\t<div class=\"contents\">\t\n\t<h3>Komu so izobra\u017eevalne oddaje namenjene?<\/h3>\t<p>Za star\u0161e pred\u0161olskih in \u0161olskih otrok. Dostop do oddaj je stalen!<\/p>\n\t\t\n\t<\/div>\t\n\t\n<\/div>\n[\/vc_column_inner][vc_column_inner width=&#8221;2\/3&#8243; offset=&#8221;vc_col-md-offset-0 vc_col-md-4 vc_col-sm-offset-2&#8243;]<style>.ld_icon_box_69faa3aa2382b .iconbox-icon-container{color:rgb(255, 255, 255);border-radius:px;}.ld_icon_box_69faa3aa2382b h3{margin-bottom:px;font-size:22px;}<\/style>\n<div class=\"iconbox text-left iconbox-semiround iconbox-shadow iconbox-xl iconbox-filled ld_icon_box_69faa3aa2382b vc_custom_1607142105160\" id=\"ld_icon_box_69faa3aa2382b\"  data-plugin-options='{\"color\":\"rgb(255, 255, 255)\"}'  >\n\t\n\t\t<div class=\"iconbox-icon-wrap\"><span class=\"iconbox-icon-container\"><i class=\"icon-ecommerce_banknote\"><\/i><\/span><\/div><!-- \/.iconbox-icon-wrap -->\t\n\t\t\n\t<div class=\"contents\">\t\n\t<h3>Koliko pla\u010dam in kaj za to dobim?<\/h3>\t<p>Cena zna\u0161a 35 eur. Do posnetkov lahko dostopate kadarkoli in kolikorkrat \u017eelite.<\/p>\n\t\t\n\t<\/div>\t\n\t\n<\/div>\n[\/vc_column_inner][\/vc_row_inner][\/vc_column][\/vc_row][vc_row equal_height=&#8221;yes&#8221; el_class=&#8221;.celotna-sirina&#8221; css=&#8221;.vc_custom_1598285298953{padding-top: 50px !important;}&#8221;][vc_column width=&#8221;1\/4&#8243;][vc_message icon_fontawesome=&#8221;fa fa-heart-o&#8221;]Pripraviti otroka za odraslost[\/vc_message][\/vc_column][vc_column width=&#8221;1\/4&#8243;][vc_message icon_fontawesome=&#8221;fa fa-heart-o&#8221;]Pomen telesa in telesnosti[\/vc_message][\/vc_column][vc_column width=&#8221;1\/4&#8243;][vc_message icon_fontawesome=&#8221;fa fa-heart-o&#8221;]Kako so povezane vrednote in spolnost[\/vc_message][\/vc_column][vc_column width=&#8221;1\/4&#8243;][vc_message icon_fontawesome=&#8221;fa fa-heart-o&#8221;]Starostna obdobja in potrebe otrok[\/vc_message][\/vc_column][\/vc_row][vc_row css=&#8221;.vc_custom_1570996568428{margin-bottom: 20px !important;padding-top: 50px !important;padding-bottom: 50px !important;}&#8221;][vc_column][vc_column_text]Ogledali si boste lahko naslednje izobra\u017eevalne oddaje:<\/p>\n<ol>\n<li>Kako se lotiti spolne vzgoje?<\/li>\n<li>Vrednote v dru\u017eini &#8211; temelj celostne spolne vzgoje<\/li>\n<li>Spolna vzgoja od rojstva do petega leta: postavljanje osnov<\/li>\n<li>Spolna vzgoja od \u0161estega do desetega leta: nedol\u017ena leta<\/li>\n<li>Spolna vzgoja od enajstega do \u0161tirinajstega leta: pripravni\u0161ka leta<\/li>\n<\/ol>\n<p>[\/vc_column_text][vc_empty_space height=&#8221;40px&#8221;]<style>.ld_button_69faa3aa239d6.btn-icon-solid .btn-icon{background:#2ed47c;}.ld_button_69faa3aa239d6.btn-icon-circle.btn-icon-ripple .btn-icon:before{border-color:#2ed47c;}.ld_button_69faa3aa239d6.btn-icon-solid:hover .btn-icon{background:rgb(225, 39, 0);}.ld_button_69faa3aa239d6{background-color:#2ed47c;border-color:#2ed47c;font-size:14px !important;font-weight:700 !important;letter-spacing:0.025em !important;}.ld_button_69faa3aa239d6:hover{background-color:rgb(225, 39, 0);border-color:rgb(225, 39, 0);}.ld_button_69faa3aa239d6 .btn-gradient-bg-hover{background:-webkit-linear-gradient(to right, rgb(225, 39, 0) 0%, rgb(225, 39, 0) 100%);background:linear-gradient(to right, rgb(225, 39, 0) 0%, rgb(225, 39, 0) 100%);}.ld_button_69faa3aa239d6 .btn-gradient-border defs stop:first-child{stop-color:#2ed47c;}.ld_button_69faa3aa239d6 .btn-gradient-border defs stop:last-child{stop-color:#2ed47c;}.ld_button_69faa3aa239d6:hover .btn-gradient-border defs stop:first-child{stop-color:rgb(225, 39, 0);}.ld_button_69faa3aa239d6:hover .btn-gradient-border defs stop:last-child{stop-color:rgb(225, 39, 0);}.ld_button_69faa3aa239d6.btn-bordered{border-color:#2ed47c;}.ld_button_69faa3aa239d6.btn-bordered:hover{border-color:rgb(225, 39, 0);}<\/style><a href=\"https:\/\/www.iskreni.net\/trgovina\/product\/spolna-vzgoja-delavnica-in-video-izobrazevanje\/\" target=\"_blank\" class=\"btn btn-solid text-uppercase btn-md circle btn-bordered border-thin ld_button_69faa3aa239d6 vc_custom_1604935764582\">\n\t<span>\n\t\t\n\t\t\t\t\t<span class=\"btn-txt\">Prijava<\/span>\n\t\t\t\n\t\t\t\t<\/span>\n<\/a>\n[vc_empty_space height=&#8221;40px&#8221;][\/vc_column][\/vc_row][vc_row parallax=&#8221;enable_parallax&#8221; enable_overlay=&#8221;yes&#8221; css=&#8221;.vc_custom_1598285340913{margin-top: 0px !important;margin-bottom: 0px !important;padding-top: 150px !important;padding-bottom: 150px !important;background-image: url(https:\/\/www.iskreni.net\/programi\/wp-content\/uploads\/2019\/11\/fantekpuncka.jpg?id=7947) !important;background-position: center;background-repeat: no-repeat;background-size: cover !important;}&#8221; overlay_bg=&#8221;rgba(0, 0, 0, 0.6)&#8221;][vc_column align=&#8221;text-center&#8221;]<style>.ld_fancy_heading_69faa3aa23bad h2{font-size:65px;font-weight:700;color:rgb(255, 255, 255);}.ld_fancy_heading_69faa3aa23bad .lqd-highlight-inner{height:0.275em;bottom:0px;}<\/style><div class=\"ld-fancy-heading ld_fancy_heading_69faa3aa23bad\">\n\t<h2 class=\"lqd-highlight-underline lqd-highlight-grow-left\" data-fittext=\"true\" data-fittext-options='{\"compressor\":1,\"maxFontSize\":\"currentFontSize\",\"minFontSize\":\"45\"}' data-split-text=\"true\" data-custom-animations=\"true\" data-ca-options='{\"triggerHandler\":\"inview\",\"animationTarget\":\".lqd-chars .split-inner\",\"duration\":700,\"delay\":\"30\",\"easing\":\"easeOutQuint\",\"direction\":\"forward\",\"initValues\":{\"translateX\":6,\"translateY\":17,\"rotateZ\":9,\"opacity\":0},\"animations\":{\"translateX\":0,\"translateY\":0,\"rotateZ\":0,\"opacity\":1}}' data-split-options='{\"type\":\"chars, words\"}'><span class=\"ld-fh-txt\"> Video izobra\u017eevanje je kompatibilno z <a href=\"https:\/\/www.iskreni.net\/programi\/program\/delavnica-za-starse-o-spolni-vzgoji\/\">Delavnico za star\u0161e o spolni vzgoji otrok<\/a>!<\/span><\/h2><\/div>[\/vc_column][\/vc_row][vc_row css=&#8221;.vc_custom_1598285334042{margin-top: 0px !important;padding-top: 70px !important;padding-bottom: 70px !important;background-color: #f7f7f7 !important;}&#8221;][vc_column align=&#8221;text-center&#8221;]<style>.ld_fancy_heading_69faa3aa23d26 h3{font-size:50px;line-height:1em;font-weight:400;}.ld_fancy_heading_69faa3aa23d26 h3 {margin-top:-3px !important; margin-bottom:0px !important;  } .ld_fancy_heading_69faa3aa23d26 .lqd-highlight-inner{height:0.275em;bottom:0px;}.ld_fancy_heading_69faa3aa23d26 h3 {margin-top:-3px !important; margin-bottom:0px !important;  } <\/style><div class=\"ld-fancy-heading text-center ld_fancy_heading_69faa3aa23d26\">\n\t<h3 class=\"lqd-highlight-underline lqd-highlight-grow-left\" data-fittext=\"true\" data-fittext-options='{\"compressor\":0.65,\"maxFontSize\":\"currentFontSize\",\"minFontSize\":\"48\"}' data-split-text=\"true\" data-custom-animations=\"true\" data-ca-options='{\"triggerHandler\":\"inview\",\"animationTarget\":\".lqd-lines .split-inner\",\"duration\":700,\"startDelay\":\"180\",\"delay\":100,\"easing\":\"easeOutQuint\",\"direction\":\"forward\",\"initValues\":{\"scale\":1},\"animations\":{\"scale\":1}}' data-split-options='{\"type\":\"lines\"}'><span class=\"ld-fh-txt\"> Predavateljice<\/span><\/h3><\/div>[vc_empty_space height=&#8221;40px&#8221;][vc_column_text]<div id=\"tshowcase_id_0\" data-atts=\"{&quot;orderby&quot;:&quot;rand&quot;,&quot;limit&quot;:&quot;4&quot;,&quot;pagination&quot;:&quot;loadmore&quot;,&quot;category&quot;:&quot;spolna-vzgoja&quot;,&quot;url&quot;:&quot;lightbox&quot;,&quot;layout&quot;:&quot;grid&quot;,&quot;style&quot;:&quot;img-circle,text-center,img-above,4-columns&quot;,&quot;display&quot;:&quot;name,photo,position&quot;}\"><div class='tshowcase'><div class='ts-responsive-wrap '><div  class='tshowcase-box ts-col_4  ts-spolna-vzgoja ts-id-95 ' id='veronika-plestenjak' ><div class='tshowcase-inner-box '><div class='tshowcase-box-photo ts-circle '><a href='https:\/\/www.iskreni.net\/programi\/ekipa\/veronika-plestenjak\/ .tscontent' data-featherlight-loading='Loading...' data-featherlight='ajax' class=\"\t\t\t\t\t\t\t\t\t\t\t\t\" rel=\"\t\t\t\t\t\t\t\t\t\t\t\t\"><img src='https:\/\/www.iskreni.net\/programi\/wp-content\/uploads\/2019\/11\/VP-3-160x160.jpg' width='160' title='Veronika Plestenjak'  \/><\/a><\/div><div style='max-width:160px' class='tshowcase-box-info  ts-align-center  '><div class=\"tshowcase-box-title\" itemprop=\"name\"><a href=\"https:\/\/www.iskreni.net\/programi\/ekipa\/veronika-plestenjak\/ .tscontent\" data-featherlight-loading=\"Loading...\" data-featherlight=\"ajax\" class=\"\t\t\t\t\t\t\t\t\t\t\t\t\" rel=\"\t\t\t\t\t\t\t\t\t\t\t\t\">Veronika Plestenjak<\/a><\/div><div class='tshowcase-box-details'><\/div><\/div><\/div><\/div><div  class='tshowcase-box ts-col_4  ts-spolna-vzgoja ts-id-95 ' id='mateja-kropec-sega' ><div class='tshowcase-inner-box '><div class='tshowcase-box-photo ts-circle '><a href='https:\/\/www.iskreni.net\/programi\/ekipa\/mateja-kropec-sega\/ .tscontent' data-featherlight-loading='Loading...' data-featherlight='ajax' class=\"\t\t\t\t\t\t\t\t\t\t\t\t\" rel=\"\t\t\t\t\t\t\t\t\t\t\t\t\"><img src='https:\/\/www.iskreni.net\/programi\/wp-content\/uploads\/2020\/04\/mateja-4-156x160.jpg' width='156' title='Mateja Kropec \u0160ega'  \/><\/a><\/div><div style='max-width:156px' class='tshowcase-box-info  ts-align-center  '><div class=\"tshowcase-box-title\" itemprop=\"name\"><a href=\"https:\/\/www.iskreni.net\/programi\/ekipa\/mateja-kropec-sega\/ .tscontent\" data-featherlight-loading=\"Loading...\" data-featherlight=\"ajax\" class=\"\t\t\t\t\t\t\t\t\t\t\t\t\" rel=\"\t\t\t\t\t\t\t\t\t\t\t\t\">Mateja Kropec \u0160ega<\/a><\/div><div class='tshowcase-box-details'><\/div><\/div><\/div><\/div><\/div><\/div><\/div>[\/vc_column_text][\/vc_column][\/vc_row][vc_row gap=&#8221;35&#8243; css=&#8221;.vc_custom_1582621618575{padding-top: 75px !important;padding-bottom: 100px !important;background-color: #ffdd00 !important;}&#8221;][vc_column][vc_raw_html]JTNDZGl2JTIwY2xhc3MlM0QlMjJ2Y19zZXBhcmF0b3IlMjB3cGJfY29udGVudF9lbGVtZW50JTIwdmNfc2VwYXJhdG9yX2FsaWduX2NlbnRlciUyMHZjX3NlcF93aWR0aF8xMDAlMjB2Y19zZXBfcG9zX2FsaWduX2NlbnRlciUyMHZjX3NlcF9jb2xvcl93aGl0ZSUyMHZjX3NlcGFyYXRvci1oYXMtdGV4dCUyMiUzRSUzQ3NwYW4lMjBjbGFzcyUzRCUyMnZjX3NlcF9ob2xkZXIlMjB2Y19zZXBfaG9sZGVyX2wlMjIlM0UlM0NzcGFuJTIwY2xhc3MlM0QlMjJ2Y19zZXBfbGluZSUyMiUzRSUzQyUyRnNwYW4lM0UlM0MlMkZzcGFuJTNFJTBBJTBBJTNDZGl2JTIwY2xhc3MlM0QlMjJ2Y19pY29uX2VsZW1lbnQlMjB2Y19pY29uX2VsZW1lbnQtb3V0ZXIlMjB2Y19pY29uX2VsZW1lbnQtYWxpZ24tbGVmdCUyMiUzRSUwQSUzQyUyRmRpdiUzRSUwQSUzQ3NwYW4lMjBjbGFzcyUzRCUyMmlza3Jlbmktc2VwYXJhdG9yJTIyJTNFJTBBS2FqJTIwbyUyMGRlbGF2bmljaSUyMG1lbmlqbyUyMHVkZWxlJUM1JUJFZW5jaSUzRiUwQSUzQ2ltZyUyMGNsYXNzJTNEJTIyaXNrcmVuaS1sb2dvJTIyJTIwc3JjJTNEJTIyaHR0cHMlM0ElMkYlMkZ3d3cuaXNrcmVuaS5uZXQlMkZwcm9ncmFtaSUyRndwLWNvbnRlbnQlMkZ1cGxvYWRzJTJGMjAxOSUyRjEwJTJGaXNrcmVuaS1sb2dvLTEtMi0xLnN2ZyUyMiUyMGFsdCUzRCUyMklza3JlbmkubmV0JTIyJTNFJTNDJTJGc3BhbiUzRSUzQ3NwYW4lMjBjbGFzcyUzRCUyMnZjX3NlcF9ob2xkZXIlMjB2Y19zZXBfaG9sZGVyX3IlMjIlM0UlM0NzcGFuJTIwY2xhc3MlM0QlMjJ2Y19zZXBfbGluZSUyMiUzRSUzQyUyRnNwYW4lM0UlM0MlMkZzcGFuJTNFJTBBJTNDJTJGZGl2JTNF[\/vc_raw_html][vc_empty_space height=&#8221;60px&#8221;]<style>.ld_carousel_69faa3aa254ca .carousel-item{width:100%;padding-left:15px;padding-right:15px;}.ld_carousel_69faa3aa254ca .carousel-items.row{margin-left:-15px;margin-right:-15px;}.ld_carousel_69faa3aa254ca .flickity-slider > .carousel-item:not(.is-selected){opacity:1;}.ld_carousel_69faa3aa254ca .flickity-page-dots{top:auto;right:auto;bottom:-25px;left:auto;}@media (min-width: 768px) {.ld_carousel_69faa3aa254ca .carousel-item { width:50% }}@media (min-width: 992px) {.ld_carousel_69faa3aa254ca .carousel-item { width:33.333333333333% }}<\/style><div id=\"ld_carousel_69faa3aa254ca\" class=\"carousel-container carousel-nav-left carousel-nav-md carousel-dots-style1 ld_carousel_69faa3aa254ca\">\n\n\t<div class=\"carousel-items row\"  data-lqd-flickity='{\"cellAlign\":\"center\",\"prevNextButtons\":false,\"buttonsAppendTo\":\"self\",\"pageDots\":false,\"groupCells\":true,\"pauseAutoPlayOnHover\":false}' >\n\t<div class=\"carousel-item\"><div id=\"ld_testimonial_69faa3aa25697\" class=\"testimonial testimonial-quote-filled text-left testimonial-details-sm testimonial-avatar-lg ld_testimonial_69faa3aa25697\">\n\t\n\t<div class=\"testimonial-quote\">\n\t\t<blockquote><p>Delavnice sva se udele\u017eila, saj se \u017eeliva s svojimi otroki odprto pogovarjati o spolnosti. S spolnostjo se vsi veliko sre\u010dujemo, vendar velikokrat ni predstavljena na na\u010din, ki se nama zdi primeren. Zdi se nama pomembno, da otrokom predstaviva tudi najin pogled na spolnost in jih ne prepustiva same z informacijami, ki jih sre\u010dujejo v svetu. Delavnica je bila dobrodo\u0161la, ker v vsakdanu nisva na\u0161la kvalitetne prilo\u017enosti za pogovor o spolni vzgoji otrok. Na delavnici sva tako dobila dodatne informacije in literaturo, hvale\u017ena pa sva tudi za mnenja in izku\u0161nje, ki smo si jih lahko podelili med seboj.<\/p>\n<\/blockquote>\t<\/div><!-- \/.testimonial-qoute -->\n\n\t<div class=\"testimonial-details\">\n\t\t\t\t<div class=\"testimonial-info\">\n\t\t\t<h5 >Petra<\/h5>\t\t\t\t\t<\/div><!-- \/.testimonial-info -->\n\t\t\n\t\n\t<\/div><!-- \/.testimonial-details -->\n\t\t\t\t\n<\/div><!-- \/.testimonial --><\/div>\n<div class=\"carousel-item\"><div id=\"ld_testimonial_69faa3aa25783\" class=\"testimonial testimonial-quote-filled text-left testimonial-details-sm testimonial-avatar-lg ld_testimonial_69faa3aa25783\">\n\t\n\t<div class=\"testimonial-quote\">\n\t\t<blockquote><p>Zelo dobrodo\u0161la je bila osve\u017eitev vedenj in znanj s podro\u010dja vzgoje, star\u0161evstva, spolnosti (prakti\u010dni vidik teologije telesa), prakti\u010dni primeri in mo\u017eni predlogi re\u0161evanja star\u0161evskih zagat v pogovorih, odgovorih, ravnanjih.<\/p>\n<\/blockquote>\t<\/div><!-- \/.testimonial-qoute -->\n\n\t<div class=\"testimonial-details\">\n\t\t\t\t<div class=\"testimonial-info\">\n\t\t\t<h5 >Udele\u017eenka delavnice<\/h5>\t\t\t\t\t<\/div><!-- \/.testimonial-info -->\n\t\t\n\t\n\t<\/div><!-- \/.testimonial-details -->\n\t\t\t\t\n<\/div><!-- \/.testimonial --><\/div>\n<div class=\"carousel-item\"><div id=\"ld_testimonial_69faa3aa25833\" class=\"testimonial testimonial-quote-filled text-left testimonial-details-sm testimonial-avatar-lg ld_testimonial_69faa3aa25833\">\n\t\n\t<div class=\"testimonial-quote\">\n\t\t<blockquote><p>Sve\u017ea prepoznava pojma \u010distost. Zgled, da je treba otroka jemati resno, poiskati jedro njegovih vpra\u0161evanj in se sku\u0161ati zanj uporabno odzvati.<\/p>\n<\/blockquote>\t<\/div><!-- \/.testimonial-qoute -->\n\n\t<div class=\"testimonial-details\">\n\t\t\t\t<div class=\"testimonial-info\">\n\t\t\t<h5 >Udele\u017eenec delavnice<\/h5>\t\t\t\t\t<\/div><!-- \/.testimonial-info -->\n\t\t\n\t\n\t<\/div><!-- \/.testimonial-details -->\n\t\t\t\t\n<\/div><!-- \/.testimonial --><\/div>\n\t<\/div>\n\n<\/div>[\/vc_column][\/vc_row]<\/p>\n","protected":false},"excerpt":{"rendered":"<p>[vc_row content_placement=&#8221;top&#8221; css=&#8221;.vc_custom_1572959993240{margin-bottom: 30px !important;}&#8221;][vc_column enable_content_animation=&#8221;yes&#8221; ca_init_scale_x=&#8221;1&#8243; ca_init_scale_y=&#8221;1&#8243; ca_init_scale_z=&#8221;1&#8243; ca_init_opacity=&#8221;0&#8243; ca_an_scale_x=&#8221;1&#8243; ca_an_scale_y=&#8221;1&#8243; ca_an_scale_z=&#8221;1&#8243; ca_an_opacity=&#8221;1&#8243; offset=&#8221;vc_col-md-6&#8243;&#8230;<\/p>\n","protected":false},"author":1,"featured_media":0,"parent":0,"menu_order":0,"comment_status":"closed","ping_status":"closed","template":"","meta":[],"categories":[116],"tags":[],"_links":{"self":[{"href":"https:\/\/www.iskreni.net\/programi\/wp-json\/wp\/v2\/pages\/8584"}],"collection":[{"href":"https:\/\/www.iskreni.net\/programi\/wp-json\/wp\/v2\/pages"}],"about":[{"href":"https:\/\/www.iskreni.net\/programi\/wp-json\/wp\/v2\/types\/page"}],"author":[{"embeddable":true,"href":"https:\/\/www.iskreni.net\/programi\/wp-json\/wp\/v2\/users\/1"}],"replies":[{"embeddable":true,"href":"https:\/\/www.iskreni.net\/programi\/wp-json\/wp\/v2\/comments?post=8584"}],"version-history":[{"count":10,"href":"https:\/\/www.iskreni.net\/programi\/wp-json\/wp\/v2\/pages\/8584\/revisions"}],"predecessor-version":[{"id":8837,"href":"https:\/\/www.iskreni.net\/programi\/wp-json\/wp\/v2\/pages\/8584\/revisions\/8837"}],"wp:attachment":[{"href":"https:\/\/www.iskreni.net\/programi\/wp-json\/wp\/v2\/media?parent=8584"}],"wp:term":[{"taxonomy":"category","embeddable":true,"href":"https:\/\/www.iskreni.net\/programi\/wp-json\/wp\/v2\/categories?post=8584"},{"taxonomy":"post_tag","embeddable":true,"href":"https:\/\/www.iskreni.net\/programi\/wp-json\/wp\/v2\/tags?post=8584"}],"curies":[{"name":"wp","href":"https:\/\/api.w.org\/{rel}","templated":true}]}}